{"id":26,"date":"2025-03-24T15:42:23","date_gmt":"2025-03-24T13:42:23","guid":{"rendered":"https:\/\/guia-prc-infantil-juvenil.recursos.uoc.edu\/preguntes-frequents\/?page_id=26"},"modified":"2025-03-25T13:12:54","modified_gmt":"2025-03-25T11:12:54","slug":"4-altres-dubtes","status":"publish","type":"page","link":"https:\/\/guia-prc-infantil-juvenil.recursos.uoc.edu\/preguntes-frequents\/4-altres-dubtes\/","title":{"rendered":"4. Altres dubtes"},"content":{"rendered":"<p><strong>Si tinc algun dubte amb relaci\u00f3 al conveni de pr\u00e0ctiques o s\u2019hi ha de fer alguna modificaci\u00f3, on m\u2019he d\u2019adre\u00e7ar?<\/strong><\/p>\n<p>Els convenis els gestionen des del Servei de Pr\u00e0ctiques i Mobilitat de la UOC i t\u2019has d\u2019adre\u00e7ar al Servei d\u2019Atenci\u00f3. A la consulta, has d\u2019indicar expl\u00edcitament el nom del centre al qual fas refer\u00e8ncia i les dades necess\u00e0ries que cal modificar (nom de la tutoria, nom de la persona representant legal, etc.).<\/p>\n<p><strong>Si tinc dubtes sobre l\u2019assignatura de Pr\u00e0cticum (procediment, terminis, sol\u00b7licitud, tr\u00e0mits acad\u00e8mics, etc.), qui em pot ajudar?<\/strong><\/p>\n<p>Si despr\u00e9s d\u2019haver llegit la guia de pr\u00e0ctiques curriculars per a l\u2019estudiantat, la informaci\u00f3 del Campus i aquestes preguntes freq\u00fcents encara tens dubtes gen\u00e8rics o acad\u00e8mics, t\u2019has d\u2019adre\u00e7ar a la tutoria de la UOC perqu\u00e8 et pugui assessorar.<\/p>\n<p><strong>Si el centre t\u00e9 dubtes sobre com donar-se d\u2019alta a la plataforma, com publicar una oferta, el proc\u00e9s que s\u2019ha de seguir o el conveni, a qui s\u2019ha d\u2019adre\u00e7ar?<\/strong><\/p>\n<p>Els centres s\u2019han d\u2019adre\u00e7ar al Servei de Pr\u00e0ctiques i Mobilitat de la UOC, per mitj\u00e0 del <a href=\"https:\/\/www.uoc.edu\/portal\/ca\/universitat\/serveis\/estudiantat\/practiques-mobilitat\/empreses\/index.html\" target=\"_blank\" rel=\"noopener\">formulari de contacte<\/a> que poden trobar al final de la p\u00e0gina.<\/p>\n","protected":false},"excerpt":{"rendered":"<p>Si tinc algun dubte amb relaci\u00f3 al conveni de pr\u00e0ctiques o s\u2019hi ha de fer alguna modificaci\u00f3, on m\u2019he d\u2019adre\u00e7ar? Els convenis els gestionen des del Servei de Pr\u00e0ctiques i Mobilitat de la UOC i t\u2019has d\u2019adre\u00e7ar al Servei d\u2019Atenci\u00f3. A la consulta, has d\u2019indicar expl\u00edcitament el nom del centre al qual fas refer\u00e8ncia i [&hellip;]<\/p>\n","protected":false},"author":1,"featured_media":0,"parent":0,"menu_order":0,"comment_status":"closed","ping_status":"closed","template":"","meta":{"_acf_changed":false,"footnotes":""},"acf":[],"_links":{"self":[{"href":"https:\/\/guia-prc-infantil-juvenil.recursos.uoc.edu\/preguntes-frequents\/wp-json\/wp\/v2\/pages\/26"}],"collection":[{"href":"https:\/\/guia-prc-infantil-juvenil.recursos.uoc.edu\/preguntes-frequents\/wp-json\/wp\/v2\/pages"}],"about":[{"href":"https:\/\/guia-prc-infantil-juvenil.recursos.uoc.edu\/preguntes-frequents\/wp-json\/wp\/v2\/types\/page"}],"author":[{"embeddable":true,"href":"https:\/\/guia-prc-infantil-juvenil.recursos.uoc.edu\/preguntes-frequents\/wp-json\/wp\/v2\/users\/1"}],"replies":[{"embeddable":true,"href":"https:\/\/guia-prc-infantil-juvenil.recursos.uoc.edu\/preguntes-frequents\/wp-json\/wp\/v2\/comments?post=26"}],"version-history":[{"count":3,"href":"https:\/\/guia-prc-infantil-juvenil.recursos.uoc.edu\/preguntes-frequents\/wp-json\/wp\/v2\/pages\/26\/revisions"}],"predecessor-version":[{"id":41,"href":"https:\/\/guia-prc-infantil-juvenil.recursos.uoc.edu\/preguntes-frequents\/wp-json\/wp\/v2\/pages\/26\/revisions\/41"}],"wp:attachment":[{"href":"https:\/\/guia-prc-infantil-juvenil.recursos.uoc.edu\/preguntes-frequents\/wp-json\/wp\/v2\/media?parent=26"}],"curies":[{"name":"wp","href":"https:\/\/api.w.org\/{rel}","templated":true}]}}