{"id":24,"date":"2025-03-24T15:41:42","date_gmt":"2025-03-24T13:41:42","guid":{"rendered":"https:\/\/guia-prc-infantil-juvenil.recursos.uoc.edu\/preguntes-frequents\/?page_id=24"},"modified":"2025-03-25T13:11:22","modified_gmt":"2025-03-25T11:11:22","slug":"3-dubtes-del-raep","status":"publish","type":"page","link":"https:\/\/guia-prc-infantil-juvenil.recursos.uoc.edu\/preguntes-frequents\/3-dubtes-del-raep\/","title":{"rendered":"3. Dubtes del RAEP"},"content":{"rendered":"<p><strong>Puc convalidar el Pr\u00e0cticum?<\/strong><\/p>\n<p>S\u00ed, sempre que compleixis els requisits que pots consultar al Campus: \u00abReconeixements i convalidacions \/ Reconeixement de l\u2019experi\u00e8ncia professional\u00bb.<\/p>\n<p><strong>Tinc la intenci\u00f3 de demanar el RAEP. He de fer la sol\u00b7licitud del Pr\u00e0cticum tamb\u00e9?<br \/>\n<\/strong><\/p>\n<p>Com que els calendaris de resoluci\u00f3 dels dos tr\u00e0mits s\u2019encavalquen, recomanem que demanis el RAEP i que, en paral\u00b7lel, tamb\u00e9 sol\u00b7licitis el Pr\u00e0cticum.<\/p>\n<p>En cas que el RAEP es denegui, tindr\u00e0s feta una sol\u00b7licitud del Pr\u00e0cticum. En cas que el RAEP s\u2019accepti, la sol\u00b7licitud del Pr\u00e0cticum quedar\u00e0 anul\u00b7lada.<\/p>\n","protected":false},"excerpt":{"rendered":"<p>Puc convalidar el Pr\u00e0cticum? S\u00ed, sempre que compleixis els requisits que pots consultar al Campus: \u00abReconeixements i convalidacions \/ Reconeixement de l\u2019experi\u00e8ncia professional\u00bb. Tinc la intenci\u00f3 de demanar el RAEP. He de fer la sol\u00b7licitud del Pr\u00e0cticum tamb\u00e9? Com que els calendaris de resoluci\u00f3 dels dos tr\u00e0mits s\u2019encavalquen, recomanem que demanis el RAEP i que, [&hellip;]<\/p>\n","protected":false},"author":1,"featured_media":0,"parent":0,"menu_order":0,"comment_status":"closed","ping_status":"closed","template":"","meta":{"_acf_changed":false,"footnotes":""},"acf":[],"_links":{"self":[{"href":"https:\/\/guia-prc-infantil-juvenil.recursos.uoc.edu\/preguntes-frequents\/wp-json\/wp\/v2\/pages\/24"}],"collection":[{"href":"https:\/\/guia-prc-infantil-juvenil.recursos.uoc.edu\/preguntes-frequents\/wp-json\/wp\/v2\/pages"}],"about":[{"href":"https:\/\/guia-prc-infantil-juvenil.recursos.uoc.edu\/preguntes-frequents\/wp-json\/wp\/v2\/types\/page"}],"author":[{"embeddable":true,"href":"https:\/\/guia-prc-infantil-juvenil.recursos.uoc.edu\/preguntes-frequents\/wp-json\/wp\/v2\/users\/1"}],"replies":[{"embeddable":true,"href":"https:\/\/guia-prc-infantil-juvenil.recursos.uoc.edu\/preguntes-frequents\/wp-json\/wp\/v2\/comments?post=24"}],"version-history":[{"count":2,"href":"https:\/\/guia-prc-infantil-juvenil.recursos.uoc.edu\/preguntes-frequents\/wp-json\/wp\/v2\/pages\/24\/revisions"}],"predecessor-version":[{"id":39,"href":"https:\/\/guia-prc-infantil-juvenil.recursos.uoc.edu\/preguntes-frequents\/wp-json\/wp\/v2\/pages\/24\/revisions\/39"}],"wp:attachment":[{"href":"https:\/\/guia-prc-infantil-juvenil.recursos.uoc.edu\/preguntes-frequents\/wp-json\/wp\/v2\/media?parent=24"}],"curies":[{"name":"wp","href":"https:\/\/api.w.org\/{rel}","templated":true}]}}