{"id":22,"date":"2025-03-24T15:41:20","date_gmt":"2025-03-24T13:41:20","guid":{"rendered":"https:\/\/guia-prc-infantil-juvenil.recursos.uoc.edu\/preguntes-frequents\/?page_id=22"},"modified":"2025-03-25T13:10:12","modified_gmt":"2025-03-25T11:10:12","slug":"2-dubtes-sobre-la-sollicitud-i-el-conveni","status":"publish","type":"page","link":"https:\/\/guia-prc-infantil-juvenil.recursos.uoc.edu\/preguntes-frequents\/2-dubtes-sobre-la-sollicitud-i-el-conveni\/","title":{"rendered":"2. Dubtes sobre la sol\u2022licitud i el conveni"},"content":{"rendered":"<p><strong>Quina difer\u00e8ncia hi ha entre un centre en mode d\u2019agrupament i un en mode directe?<\/strong><\/p>\n<p>A l\u2019hora de fer les pr\u00e0ctiques, no hi ha cap difer\u00e8ncia. No obstant aix\u00f2, la sol\u00b7licitud d\u2019aquestes places es fa de forma diferent. Un centre en mode d\u2019agrupament ja ha establert una relaci\u00f3 pr\u00e8via amb la UOC i, per tant, les tasques i la tutoria del centre ja s\u2019han validat. A m\u00e9s, aquestes places s\u2019atorguen per ordre de la nota mitjana de l\u2019expedient.<\/p>\n<p>Els centres en mode directe no han establert una col\u00b7laboraci\u00f3 pr\u00e8via amb la UOC: \u00e9s l\u2019estudiant qui contacta amb el centre i, una vegada el centre ha introdu\u00eft l\u2019oferta de pr\u00e0ctiques a l\u2019eina Xperience, la UOC valida les tasques i la tutoria del centre. En aquests casos, la nota mitjana de l\u2019expedient no hi representa cap paper, ja que \u00e9s l\u2019estudiant qui ha cercat un centre de manera proactiva i d\u2019acord amb els seus interessos personals o professionals.<\/p>\n<p><strong>No puc entrar a l\u2019eina per sol\u00b7licitar les pr\u00e0ctiques. Qu\u00e8 he de fer?<\/strong><\/p>\n<p>A la convocat\u00f2ria de pr\u00e0ctiques, nom\u00e9s hi pot accedir l\u2019estudiantat que t\u00e9 els requisits acad\u00e8mics necessaris per fer el Pr\u00e0cticum o b\u00e9 est\u00e0 cursant les assignatures requisit que li manquen. Si malgrat estar en alguna d\u2019aquestes dues situacions no pots accedir-hi, posa\u2019t en contacte amb el Servei d\u2019Atenci\u00f3.<\/p>\n<p><strong>En registrar la sol\u00b7licitud, l\u2019eina em diu que no tinc els requisits per sol\u00b7licitar el Pr\u00e0cticum. Hi ha la possibilitat de fer alguna excepci\u00f3?<\/strong><\/p>\n<p>\u00c9s imprescindible que, en el moment de fer la sol\u00b7licitud, les assignatures requisit estiguin superades a l\u2019expedient o b\u00e9 que t\u2019hagis matriculat d\u2019aquestes assignatures en el semestre en curs.<\/p>\n<p><strong>A l\u2019hora de sol\u00b7licitar una pla\u00e7a oferta per la UOC (places de mode d\u2019agrupament), qu\u00e8 he de tenir en compte?<\/strong><\/p>\n<p>En el cas de les places ofertes per la UOC (places de mode d\u2019agrupament), \u00e9s important fixar-se en la localitzaci\u00f3 i en l\u2019horari que ofereix cada pla\u00e7a i valorar si t\u2019hi pots adaptar. Et recomanem que no sol\u00b7licitis cap pla\u00e7a si creus que no podr\u00e0s complir l\u2019horari que s\u2019indica o despla\u00e7ar-te fins a la localitzaci\u00f3 del centre. Si un estudiant sol\u00b7licita i se li assigna una pla\u00e7a d\u2019agrupament, no pot demanar una pla\u00e7a en mode directe ni desistir de la pla\u00e7a d\u2019agrupament assignada.<\/p>\n<p>A m\u00e9s, en les comunitats aut\u00f2nomes on hi ha un idioma cooficial (gallec, basc, catal\u00e0, etc.) recomanem que nom\u00e9s sol\u00b7licitis la pla\u00e7a si domines l\u2019idioma cooficial que s\u2019hi parla, ja que l\u2019entrevista, l\u2019avaluaci\u00f3 i la intervenci\u00f3 solen fer-se en la llengua materna de la persona atesa i el fet de no con\u00e8ixer-la et pot obstaculitzar l\u2019aprenentatge.<\/p>\n<p><strong>Puc contactar amb un centre proposat per la UOC (places de mode d\u2019agrupament) per reservar-hi pla\u00e7a o demanar-lo com un centre proposat per mi (places de mode directe)?<\/strong><\/p>\n<p>No. Els i les estudiants no podeu contactar directament amb els centres oferts per la UOC, ja que aquests centres s\u2019assignen per nota d\u2019expedient acad\u00e8mic.<\/p>\n<p>No s\u2019adjudicar\u00e0 cap pla\u00e7a oferta per la UOC a cap estudiant que s\u2019hagi posat en contacte directament amb el centre. Tampoc no s\u2019acceptar\u00e0 aquest centre (inicialment ofert per la UOC) com a pla\u00e7a proposada per l\u2019estudiant (mode directe).<\/p>\n<p><strong>Cada semestre la UOC ofereix els mateixos centres i places?<\/strong><\/p>\n<p>No, no s\u2019ofereixen les mateixes places cada semestre, ja que depenen de la disponibilitat dels centres. Aix\u00ed mateix, cada semestre es procura ampliar el nombre de centres que ofereix la Universitat (places de mode agrupament), atenent tamb\u00e9 la localitat de resid\u00e8ncia de l\u2019estudiantat que s\u2019ha inscrit a la convocat\u00f2ria i que hagi respost al formulari.<\/p>\n<p><strong>Com puc saber si tinc una pr\u00e0ctica preassignada?<\/strong><\/p>\n<p>Quan et preassignem una pla\u00e7a de pr\u00e0ctiques, rebr\u00e0s una notificaci\u00f3 al correu electr\u00f2nic que indica que t\u2019hem assignat una pr\u00e0ctica, la qual no estar\u00e0 confirmada fins que no validem que compleixes els requisits acad\u00e8mics per cursar el Pr\u00e0cticum. Un cop revisem que tens els requisits, et tornarem a enviar una notificaci\u00f3 per indicar que la teva pr\u00e0ctica ha estat confirmada i que ja pots matricular-te de l\u2019assignatura.<\/p>\n<p><strong>Puc proposar jo un centre (places de mode directe) de la xarxa p\u00fablica o que sigui un organisme p\u00fablic?<\/strong><\/p>\n<p>S\u00ed. Has de seguir el mateix procediment que per a la resta de centres en mode directe i revisar la informaci\u00f3 al Campus Virtual sobre les opcions per establir convenis de pr\u00e0ctiques segons la comunitat aut\u00f2noma.<\/p>\n<p><strong>He rebut una preassignaci\u00f3 al centre en mode directe: qu\u00e8 vol dir?<br \/>\n<\/strong><\/p>\n<p>Una pla\u00e7a preassignada en un centre en mode directe vol dir que el centre ha introdu\u00eft una oferta amb el teu nom i que queda reservada per a tu. No obstant aix\u00f2, com saps, el centre i la persona que hi assumeixi la teva tutoria han de complir uns requisits acad\u00e8mics i professionals i, per tant, l\u2019assignaci\u00f3 no es pot formalitzar fins que la Universitat no hagi revisat i validat que es compleixen aquests criteris. Un cop validada l\u2019oferta de pr\u00e0ctiques, cal revisar que compleixes els requisits per cursar l\u2019assignatura de Pr\u00e0cticum i, si \u00e9s aix\u00ed, rebr\u00e0s un missatge en qu\u00e8 s\u2019indica que ja et pots matricular a l\u2019assignatura.<\/p>\n<p><strong>No he rebut el missatge de preassignaci\u00f3 de centre en mode directe una vegada finalitzat el termini. Qu\u00e8 he de fer?<\/strong><\/p>\n<p>Si no has rebut el missatge de preassignaci\u00f3 \u00e9s perqu\u00e8 no es t\u00e9 const\u00e0ncia que el centre hagi introdu\u00eft l\u2019oferta a l\u2019eina Xperience dins del termini proposat. Si n\u2019\u00e9s el cas, posa\u2019t en contacte amb el centre i assegura\u2019t que hi hagi introdu\u00eft l\u2019oferta. Recorda que, com a estudiant, no pots introduir l\u2019oferta a l\u2019eina Xperience: nom\u00e9s ho pot fer el centre. Si no reps el missatge de preassignaci\u00f3, fes una consulta al Servei d\u2019Atenci\u00f3 adre\u00e7ada al Servei de Pr\u00e0ctiques i Mobilitat de la UOC en qu\u00e8 indiquis quin \u00e9s el centre on vols fer les pr\u00e0ctiques, el tel\u00e8fon i un correu electr\u00f2nic, perqu\u00e8 des d\u2019aquest servei puguin contactar-hi i donar-los les indicacions de com introduir l\u2019oferta correctament.<\/p>\n<p><strong>Quin \u00e9s el proc\u00e9s de signatura del conveni o protocol d\u2019adhesi\u00f3? <\/strong><\/p>\n<p>Per saber quin \u00e9s el proc\u00e9s de signatura, has de revisar la informaci\u00f3 del Campus a \u00abTr\u00e0mits \/ Pr\u00e0ctiques a empreses \/ Pr\u00e0ctiques curriculars \/ Psicologia \/ Pas 4\u00bb. Aix\u00ed mateix, tamb\u00e9 te n\u2019anirem informant a trav\u00e9s de les notificacions que rebr\u00e0s al correu de la UOC.<\/p>\n","protected":false},"excerpt":{"rendered":"<p>Quina difer\u00e8ncia hi ha entre un centre en mode d\u2019agrupament i un en mode directe? A l\u2019hora de fer les pr\u00e0ctiques, no hi ha cap difer\u00e8ncia. No obstant aix\u00f2, la sol\u00b7licitud d\u2019aquestes places es fa de forma diferent. Un centre en mode d\u2019agrupament ja ha establert una relaci\u00f3 pr\u00e8via amb la UOC i, per tant, [&hellip;]<\/p>\n","protected":false},"author":1,"featured_media":0,"parent":0,"menu_order":0,"comment_status":"closed","ping_status":"closed","template":"","meta":{"_acf_changed":false,"footnotes":""},"acf":[],"_links":{"self":[{"href":"https:\/\/guia-prc-infantil-juvenil.recursos.uoc.edu\/preguntes-frequents\/wp-json\/wp\/v2\/pages\/22"}],"collection":[{"href":"https:\/\/guia-prc-infantil-juvenil.recursos.uoc.edu\/preguntes-frequents\/wp-json\/wp\/v2\/pages"}],"about":[{"href":"https:\/\/guia-prc-infantil-juvenil.recursos.uoc.edu\/preguntes-frequents\/wp-json\/wp\/v2\/types\/page"}],"author":[{"embeddable":true,"href":"https:\/\/guia-prc-infantil-juvenil.recursos.uoc.edu\/preguntes-frequents\/wp-json\/wp\/v2\/users\/1"}],"replies":[{"embeddable":true,"href":"https:\/\/guia-prc-infantil-juvenil.recursos.uoc.edu\/preguntes-frequents\/wp-json\/wp\/v2\/comments?post=22"}],"version-history":[{"count":3,"href":"https:\/\/guia-prc-infantil-juvenil.recursos.uoc.edu\/preguntes-frequents\/wp-json\/wp\/v2\/pages\/22\/revisions"}],"predecessor-version":[{"id":38,"href":"https:\/\/guia-prc-infantil-juvenil.recursos.uoc.edu\/preguntes-frequents\/wp-json\/wp\/v2\/pages\/22\/revisions\/38"}],"wp:attachment":[{"href":"https:\/\/guia-prc-infantil-juvenil.recursos.uoc.edu\/preguntes-frequents\/wp-json\/wp\/v2\/media?parent=22"}],"curies":[{"name":"wp","href":"https:\/\/api.w.org\/{rel}","templated":true}]}}