{"id":19,"date":"2025-03-24T15:39:56","date_gmt":"2025-03-24T13:39:56","guid":{"rendered":"https:\/\/guia-prc-infantil-juvenil.recursos.uoc.edu\/preguntes-frequents\/?page_id=19"},"modified":"2026-01-23T13:54:58","modified_gmt":"2026-01-23T11:54:58","slug":"1-dubtes-generals","status":"publish","type":"page","link":"https:\/\/guia-prc-infantil-juvenil.recursos.uoc.edu\/preguntes-frequents\/1-dubtes-generals\/","title":{"rendered":"1. Dubtes generals"},"content":{"rendered":"<p><strong>Puc comen\u00e7ar a fer el Pr\u00e0cticum abans de matricular-m\u2019hi?<\/strong><\/p>\n<p>No. Per poder comen\u00e7ar les pr\u00e0ctiques t\u2019has d\u2019haver matriculat a l\u2019assignatura, cal que hagi comen\u00e7at el semestre lectiu, i tamb\u00e9 cal que el conveni l\u2019hagin signat totes les parts.<\/p>\n<p><strong>Puc fer les hores de pr\u00e0ctiques en un centre de manera intensiva, concentrades en poques setmanes?<\/strong><\/p>\n<p>Per a un correcte seguiment docent a l\u2019aula virtual, es recomana que les hores de pr\u00e0ctiques al centre es reparteixin al llarg del semestre.<\/p>\n<p>Si, per un motiu justificat degudament, necessites concentrar les hores de pr\u00e0ctiques, cal que sol\u00b7licitis la valoraci\u00f3 d\u2019aquesta excepci\u00f3 a trav\u00e9s del Servei d\u2019Atenci\u00f3 a l\u2019Estudiant i que tamb\u00e9 n\u2019informis el tutor o tutora. No obstant aix\u00f2, les cent cinquanta hores no es poden concentrar en un termini inferior a dos mesos.<\/p>\n<p><strong>Puc fer el Pr\u00e0cticum a l\u2019estiu?<\/strong><\/p>\n<p>No, l\u2019assignatura de Pr\u00e0cticum est\u00e0 lligada a l\u2019activitat docent que es fa a l\u2019aula virtual i, per tant, per iniciar les pr\u00e0ctiques cal tenir matriculada l\u2019assignatura del Pr\u00e0cticum, haver comen\u00e7at el semestre lectiu i que el conveni estigui signat per totes les parts.<\/p>\n<p><strong>Per fer el Pr\u00e0cticum, hi ha algun requisit acad\u00e8mic?<\/strong><\/p>\n<p>S\u00ed, n\u2019hi ha: s\u2019han d\u2019haver superat unes assignatures obligat\u00f2ries, que pots consultar a la guia del Pr\u00e0cticum.<\/p>\n<p><strong>Els centres i les tutories del centre han de complir algun requisit? <\/strong><\/p>\n<p>S\u00ed, tant els centres com les tutories del centre han de complir un conjunt de requisits, que pots trobar especificats a la guia del Pr\u00e0cticum.<\/p>\n<p><strong>En quin horari s\u2019han de fer les pr\u00e0ctiques al centre?<\/strong><\/p>\n<p>En el cas que sol\u00b7licitis un centre de pr\u00e0ctiques d\u2019agrupament, cal que revisis i tinguis molt present l\u2019horari proposat pel centre. Si has cercat un centre per compte propi, en mode directe, pots pactar directament els horaris en funci\u00f3 de les possibilitats del centre. Sigui com sigui, des de la UOC no hi ha cap consigna respecte a l\u2019horari i, per tant, l\u2019estudiant i el centre podeu arribar a un acord sobre aquesta q\u00fcesti\u00f3. Aix\u00ed mateix, recordeu que podeu parlar amb el centre d\u2019agrupament una vegada se us hagi assignat la pla\u00e7a de pr\u00e0ctiques.<\/p>\n<p><strong>Puc fer m\u00e9s de cent cinquanta hores de pr\u00e0ctiques al centre? <\/strong><\/p>\n<p>No, el conveni signat per fer les pr\u00e0ctiques \u00e9s un conveni de pr\u00e0ctiques curriculars, \u00e9s a dir, relacionades amb l\u2019assignatura del Pr\u00e0cticum i, per tant, nom\u00e9s cobreix les hores concretes que has de fer.<\/p>\n<p>Si un cop acabades les cent cinquanta hores obligat\u00f2ries del Pr\u00e0cticum vols fer m\u00e9s hores de pr\u00e0ctiques al centre, t\u2019has d\u2019adre\u00e7ar al Servei de Pr\u00e0ctiques i Mobilitat per gestionar un conveni de pr\u00e0ctiques no curriculars. En tens informaci\u00f3 a l\u2019apartat \u00abServeis\u00bb del Campus Virtual i ho has de demanar per mitj\u00e0 del Servei d\u2019Atenci\u00f3.<\/p>\n<p><strong>Puc sol\u00b7licitar un centre proposat per mi (centre en mode directe), malgrat que hagi sol\u00b7licitat tamb\u00e9 una pla\u00e7a o centre proposat per la UOC (places en mode d\u2019agrupament)?<\/strong><\/p>\n<p>No, si fas una sol\u00b7licitud en mode d\u2019agrupament has d\u2019esperar la resoluci\u00f3 d\u2019aquesta assignaci\u00f3. Si t\u2019hem assignat al centre o pla\u00e7a, no pots sol\u00b7licitar un centre en mode directe. Si no t\u2019hem pogut assignar a cap centre o pla\u00e7a (recorda que l\u2019assignaci\u00f3 es fa a partir de la nota mitjana de l\u2019expedient acad\u00e8mic), pots proposar el centre en mode directe.<\/p>\n<p><strong>Si es deneguen totes les sol\u00b7licituds en mode d\u2019agrupament que he fet, qu\u00e8 faig?<\/strong><\/p>\n<p>Pots proposar un centre en mode directe en el termini definit.<\/p>\n<p><strong>Visc a l\u2019estranger. Puc fer les pr\u00e0ctiques en un centre en el pa\u00eds on resideixo? <\/strong><\/p>\n<p>S\u00ed. Has de sol\u00b7licitar un centre en mode directe del pa\u00eds on resideixis.<\/p>\n<p>En el cas de voler sol\u00b7licitar un centre en mode directe, has de contactar amb un centre de pr\u00e0ctiques que compleixi els requisits i tamb\u00e9 t\u2019has d\u2019inscriure en la convocat\u00f2ria. El centre de pr\u00e0ctiques ha d\u2019entrar a l\u2019eina per crear una oferta i proposar-te com a candidata o candidat (indicant el teu nom i DNI). Posteriorment, aquesta oferta s\u2019ha de validar acad\u00e8micament. A l\u2019espai de \u00abTr\u00e0mits\u00bb del Campus Virtual, pots trobar un model de carta de presentaci\u00f3 en angl\u00e8s, perqu\u00e8 et sigui m\u00e9s f\u00e0cil posar-te en contacte amb el centre.<\/p>\n<p><strong>Puc fer les pr\u00e0ctiques al centre on treballo? <\/strong><\/p>\n<p data-pm-slice=\"1 1 []\">Pots fer les pr\u00e0ctiques al mateix lloc on treballes, sempre que es tracti d\u2019un entorn relacionat amb l\u2019\u00e0mbit de la salut mental infantil i juvenil i disposis d&#8217;una tutoria del centre que compleixi els requisits de titulaci\u00f3 definits (vegeu l&#8217;apartat 4 del m\u00f2dul <em>Guia de pr\u00e0ctiques curriculars per a l\u2019estudiantat<\/em>) i que pugui supervisar les pr\u00e0ctiques. Tanmateix, en aquest cas, les pr\u00e0ctiques han de comportar un aprenentatge significatiu diferent de les tasques que habitualment fas en el teu lloc de treball, no has de tenir cap vincle de parentiu amb la tutoria del centre i les pr\u00e0ctiques s\u2019han de realitzar fora de l\u2019horari laboral.<\/p>\n<p><strong>Curso el Pr\u00e0cticum, per\u00f2 veig que no podr\u00e9 acabar l\u2019activitat presencial abans de finalitzar el semestre. Quina repercussi\u00f3 t\u00e9 aix\u00f2? <\/strong><\/p>\n<p>La superaci\u00f3 de l\u2019assignatura del Pr\u00e0cticum implica, necess\u00e0riament, fer cent cinquanta hores de pr\u00e0ctiques al centre. Si, per algun motiu, no pots fer aquestes hores, no podr\u00e0s superar l\u2019assignatura: haur\u00e0s de tornar a sol\u00b7licitar fer el Pr\u00e0cticum en les pr\u00f2ximes convocat\u00f2ries i matricular-te novament a l\u2019assignatura.<\/p>\n","protected":false},"excerpt":{"rendered":"<p>Puc comen\u00e7ar a fer el Pr\u00e0cticum abans de matricular-m\u2019hi? No. Per poder comen\u00e7ar les pr\u00e0ctiques t\u2019has d\u2019haver matriculat a l\u2019assignatura, cal que hagi comen\u00e7at el semestre lectiu, i tamb\u00e9 cal que el conveni l\u2019hagin signat totes les parts. Puc fer les hores de pr\u00e0ctiques en un centre de manera intensiva, concentrades en poques setmanes? Per [&hellip;]<\/p>\n","protected":false},"author":1,"featured_media":0,"parent":0,"menu_order":0,"comment_status":"closed","ping_status":"closed","template":"","meta":{"_acf_changed":false,"footnotes":""},"acf":[],"_links":{"self":[{"href":"https:\/\/guia-prc-infantil-juvenil.recursos.uoc.edu\/preguntes-frequents\/wp-json\/wp\/v2\/pages\/19"}],"collection":[{"href":"https:\/\/guia-prc-infantil-juvenil.recursos.uoc.edu\/preguntes-frequents\/wp-json\/wp\/v2\/pages"}],"about":[{"href":"https:\/\/guia-prc-infantil-juvenil.recursos.uoc.edu\/preguntes-frequents\/wp-json\/wp\/v2\/types\/page"}],"author":[{"embeddable":true,"href":"https:\/\/guia-prc-infantil-juvenil.recursos.uoc.edu\/preguntes-frequents\/wp-json\/wp\/v2\/users\/1"}],"replies":[{"embeddable":true,"href":"https:\/\/guia-prc-infantil-juvenil.recursos.uoc.edu\/preguntes-frequents\/wp-json\/wp\/v2\/comments?post=19"}],"version-history":[{"count":6,"href":"https:\/\/guia-prc-infantil-juvenil.recursos.uoc.edu\/preguntes-frequents\/wp-json\/wp\/v2\/pages\/19\/revisions"}],"predecessor-version":[{"id":94,"href":"https:\/\/guia-prc-infantil-juvenil.recursos.uoc.edu\/preguntes-frequents\/wp-json\/wp\/v2\/pages\/19\/revisions\/94"}],"wp:attachment":[{"href":"https:\/\/guia-prc-infantil-juvenil.recursos.uoc.edu\/preguntes-frequents\/wp-json\/wp\/v2\/media?parent=19"}],"curies":[{"name":"wp","href":"https:\/\/api.w.org\/{rel}","templated":true}]}}