{"id":15,"date":"2025-03-24T15:37:52","date_gmt":"2025-03-24T13:37:52","guid":{"rendered":"https:\/\/guia-prc-infantil-juvenil.recursos.uoc.edu\/preguntes-frequents\/?page_id=15"},"modified":"2025-03-25T13:06:03","modified_gmt":"2025-03-25T11:06:03","slug":"introduccio","status":"publish","type":"page","link":"https:\/\/guia-prc-infantil-juvenil.recursos.uoc.edu\/preguntes-frequents\/","title":{"rendered":"Introducci\u00f3"},"content":{"rendered":"<p>En aquest m\u00f2dul podeu trobar un llistat de preguntes freq\u00fcents que us poden ser d\u2019utilitat a l\u2019hora de sol\u00b7licitar el Pr\u00e0cticum o en fer les gestions oportunes amb els centres de pr\u00e0ctiques i els convenis.<\/p>\n<p>En qualsevol cas, si el vostre dubte no queda recollit en cap dels m\u00f2duls d\u2019aquest recurs, recordeu que podeu fer la consulta a la vostra tutoria del m\u00e0ster perqu\u00e8 us orienti.<\/p>\n","protected":false},"excerpt":{"rendered":"<p>En aquest m\u00f2dul podeu trobar un llistat de preguntes freq\u00fcents que us poden ser d\u2019utilitat a l\u2019hora de sol\u00b7licitar el Pr\u00e0cticum o en fer les gestions oportunes amb els centres de pr\u00e0ctiques i els convenis. En qualsevol cas, si el vostre dubte no queda recollit en cap dels m\u00f2duls d\u2019aquest recurs, recordeu que podeu fer [&hellip;]<\/p>\n","protected":false},"author":1,"featured_media":0,"parent":0,"menu_order":0,"comment_status":"closed","ping_status":"closed","template":"","meta":{"_acf_changed":false,"footnotes":""},"acf":[],"_links":{"self":[{"href":"https:\/\/guia-prc-infantil-juvenil.recursos.uoc.edu\/preguntes-frequents\/wp-json\/wp\/v2\/pages\/15"}],"collection":[{"href":"https:\/\/guia-prc-infantil-juvenil.recursos.uoc.edu\/preguntes-frequents\/wp-json\/wp\/v2\/pages"}],"about":[{"href":"https:\/\/guia-prc-infantil-juvenil.recursos.uoc.edu\/preguntes-frequents\/wp-json\/wp\/v2\/types\/page"}],"author":[{"embeddable":true,"href":"https:\/\/guia-prc-infantil-juvenil.recursos.uoc.edu\/preguntes-frequents\/wp-json\/wp\/v2\/users\/1"}],"replies":[{"embeddable":true,"href":"https:\/\/guia-prc-infantil-juvenil.recursos.uoc.edu\/preguntes-frequents\/wp-json\/wp\/v2\/comments?post=15"}],"version-history":[{"count":3,"href":"https:\/\/guia-prc-infantil-juvenil.recursos.uoc.edu\/preguntes-frequents\/wp-json\/wp\/v2\/pages\/15\/revisions"}],"predecessor-version":[{"id":34,"href":"https:\/\/guia-prc-infantil-juvenil.recursos.uoc.edu\/preguntes-frequents\/wp-json\/wp\/v2\/pages\/15\/revisions\/34"}],"wp:attachment":[{"href":"https:\/\/guia-prc-infantil-juvenil.recursos.uoc.edu\/preguntes-frequents\/wp-json\/wp\/v2\/media?parent=15"}],"curies":[{"name":"wp","href":"https:\/\/api.w.org\/{rel}","templated":true}]}}