{"id":57,"date":"2025-03-24T15:42:23","date_gmt":"2025-03-24T13:42:23","guid":{"rendered":"https:\/\/guia-prc-infantil-juvenil.recursos.uoc.edu\/preguntes-frequents\/?page_id=57"},"modified":"2025-04-08T19:46:06","modified_gmt":"2025-04-08T17:46:06","slug":"4-otras-dudas","status":"publish","type":"page","link":"https:\/\/guia-prc-infantil-juvenil.recursos.uoc.edu\/preguntes-frequents\/es\/4-otras-dudas\/","title":{"rendered":"4. Otras dudas"},"content":{"rendered":"<p><strong>Si tengo alguna duda con relaci\u00f3n al convenio de pr\u00e1cticas o se debe hacer alguna modificaci\u00f3n en este convenio, \u00bfd\u00f3nde me tengo que dirigir?<\/strong><\/p>\n<p>Los convenios los gestionan desde el Servicio de Pr\u00e1cticas y Movilidad de la UOC y debes dirigirte al Servicio de Atenci\u00f3n. En tu consulta, tienes que indicar expl\u00edcitamente el nombre del centro al que haces referencia y los datos necesarios que hay que modificar (nombre de la tutor\u00eda, nombre del o la representante legal, etc.).<\/p>\n<p><strong>Si tengo dudas sobre la asignatura de Pr\u00e1cticum (procedimiento, plazos, solicitud, tr\u00e1mites acad\u00e9micos, etc.), \u00bfqui\u00e9n puede ayudarme?<\/strong><\/p>\n<p>Si despu\u00e9s de haber le\u00eddo la gu\u00eda de pr\u00e1cticas curriculares para el estudiantado, la informaci\u00f3n del Campus y estas preguntas frecuentes todav\u00eda tienes dudas gen\u00e9ricas o acad\u00e9micas, te tienes que dirigir a tu tutor\u00eda de la UOC para que te pueda asesorar.<\/p>\n<p><strong>Si el centro tiene dudas sobre c\u00f3mo darse de alta en la plataforma, c\u00f3mo publicar una oferta, el proceso que debe seguirse o el convenio, \u00bfa qui\u00e9n se tiene que dirigir?<\/strong><\/p>\n<p>Los centros se deben dirigir al Servicio de Pr\u00e1cticas y Movilidad de la UOC, por medio del <a href=\"https:\/\/www.uoc.edu\/portal\/es\/universitat\/serveis\/estudiantat\/practiques-mobilitat\/empreses\/index.html\" target=\"_blank\" rel=\"noopener\">formulario de contacto<\/a> que pueden encontrar al final de la p\u00e1gina.<\/p>\n","protected":false},"excerpt":{"rendered":"<p>Si tengo alguna duda con relaci\u00f3n al convenio de pr\u00e1cticas o se debe hacer alguna modificaci\u00f3n en este convenio, \u00bfd\u00f3nde me tengo que dirigir? Los convenios los gestionan desde el Servicio de Pr\u00e1cticas y Movilidad de la UOC y debes dirigirte al Servicio de Atenci\u00f3n. En tu consulta, tienes que indicar expl\u00edcitamente el nombre del [&hellip;]<\/p>\n","protected":false},"author":1,"featured_media":0,"parent":0,"menu_order":0,"comment_status":"closed","ping_status":"closed","template":"","meta":{"_acf_changed":false,"footnotes":""},"acf":[],"_links":{"self":[{"href":"https:\/\/guia-prc-infantil-juvenil.recursos.uoc.edu\/preguntes-frequents\/es\/wp-json\/wp\/v2\/pages\/57"}],"collection":[{"href":"https:\/\/guia-prc-infantil-juvenil.recursos.uoc.edu\/preguntes-frequents\/es\/wp-json\/wp\/v2\/pages"}],"about":[{"href":"https:\/\/guia-prc-infantil-juvenil.recursos.uoc.edu\/preguntes-frequents\/es\/wp-json\/wp\/v2\/types\/page"}],"author":[{"embeddable":true,"href":"https:\/\/guia-prc-infantil-juvenil.recursos.uoc.edu\/preguntes-frequents\/es\/wp-json\/wp\/v2\/users\/1"}],"replies":[{"embeddable":true,"href":"https:\/\/guia-prc-infantil-juvenil.recursos.uoc.edu\/preguntes-frequents\/es\/wp-json\/wp\/v2\/comments?post=57"}],"version-history":[{"count":1,"href":"https:\/\/guia-prc-infantil-juvenil.recursos.uoc.edu\/preguntes-frequents\/es\/wp-json\/wp\/v2\/pages\/57\/revisions"}],"predecessor-version":[{"id":58,"href":"https:\/\/guia-prc-infantil-juvenil.recursos.uoc.edu\/preguntes-frequents\/es\/wp-json\/wp\/v2\/pages\/57\/revisions\/58"}],"wp:attachment":[{"href":"https:\/\/guia-prc-infantil-juvenil.recursos.uoc.edu\/preguntes-frequents\/es\/wp-json\/wp\/v2\/media?parent=57"}],"curies":[{"name":"wp","href":"https:\/\/api.w.org\/{rel}","templated":true}]}}