{"id":53,"date":"2025-03-24T15:41:20","date_gmt":"2025-03-24T13:41:20","guid":{"rendered":"https:\/\/guia-prc-infantil-juvenil.recursos.uoc.edu\/preguntes-frequents\/?page_id=53"},"modified":"2025-04-08T19:45:09","modified_gmt":"2025-04-08T17:45:09","slug":"2-dudas-sobre-la-solicitud-y-el-convenio","status":"publish","type":"page","link":"https:\/\/guia-prc-infantil-juvenil.recursos.uoc.edu\/preguntes-frequents\/es\/2-dudas-sobre-la-solicitud-y-el-convenio\/","title":{"rendered":"2. Dudas sobre la solicitud y el convenio"},"content":{"rendered":"<p><strong>\u00bfQu\u00e9 diferencia hay entre un centro en modo de agrupamiento y uno en modo directo?<\/strong><\/p>\n<p>A la hora de hacer las pr\u00e1cticas, no existe ninguna diferencia. Sin embargo, la solicitud de estas plazas se hace de forma diferente. Un centro en modo de agrupamiento ya ha establecido una relaci\u00f3n previa con la UOC y, por lo tanto, las tareas y la tutor\u00eda del centro ya se han validado. Adem\u00e1s, estas plazas se otorgan por orden de la nota media del expediente.<\/p>\n<p>Los centros en modo directo no han establecido una colaboraci\u00f3n previa con la UOC: es el o la estudiante quien contacta con el centro y, una vez el centro ha introducido la oferta de pr\u00e1cticas en la herramienta Xperience, la UOC valida las tareas y la tutor\u00eda del centro. En estos casos, la nota media del expediente no juega ning\u00fan papel, puesto que es el o la estudiante quien ha buscado un centro de manera proactiva y de acuerdo con sus intereses personales o profesionales.<\/p>\n<p><strong>No puedo entrar en la herramienta para solicitar las pr\u00e1cticas. \u00bfQu\u00e9 debo hacer?<\/strong><\/p>\n<p>Solo podr\u00e1 acceder a la convocatoria de pr\u00e1cticas el estudiantado que re\u00fana los requisitos acad\u00e9micos necesarios para hacer el Pr\u00e1cticum o bien est\u00e9 cursando las asignaturas requisito que le faltan. Si a pesar de encontrarte en alguna de estas dos situaciones no pudieras acceder, ponte en contacto con el Servicio de Atenci\u00f3n.<\/p>\n<p><strong>Al registrar la solicitud, la herramienta me dice que no re\u00fano los requisitos para solicitar el Pr\u00e1cticum. \u00bfExiste la posibilidad de hacer alguna excepci\u00f3n?<\/strong><\/p>\n<p>Ser\u00e1 imprescindible que, en el momento de hacer la solicitud, las asignaturas requisito est\u00e9n superadas en el expediente o bien que te hayas matriculado en estas asignaturas en el semestre en curso.<\/p>\n<p><strong>A la hora de solicitar una plaza ofrecida por la UOC (plazas de modo de agrupamiento), \u00bfqu\u00e9 debo tener en cuenta?<\/strong><\/p>\n<p>En el caso de las plazas ofrecidas por la UOC (plazas de modo de agrupamiento), es importante fijarse en la localizaci\u00f3n y el horario que ofrece cada plaza y valorar si puedes adaptarte. Te recomendamos que no solicites ninguna plaza si crees que no podr\u00e1s cumplir el horario que se indica o desplazarte hasta la localizaci\u00f3n del centro. Si un o una estudiante solicita y se le asigna una plaza de agrupamiento, no podr\u00e1 pedir una plaza en modo directo ni desistir de la plaza de agrupamiento asignada.<\/p>\n<p>Adem\u00e1s, en las comunidades aut\u00f3nomas donde existe un idioma cooficial (gallego, vasco, catal\u00e1n, etc.) recomendamos que solo solicites la plaza si dominas el idioma cooficial que se habla all\u00ed, dado que la entrevista, la evaluaci\u00f3n y la intervenci\u00f3n suelen hacerse en la lengua materna de la persona atendida y el hecho de no conocerla puede obstaculizar tu aprendizaje.<\/p>\n<p><strong>\u00bfPuedo contactar con un centro propuesto por la UOC (plazas de modo de agrupamiento) para reservar plaza o pedirlo como un centro propuesto por m\u00ed (plazas de modo directo)?<\/strong><\/p>\n<p>No. Los y las estudiantes no pod\u00e9is contactar directamente con los centros ofrecidos por la UOC, puesto que estos centros se asignan por nota de expediente acad\u00e9mico.<\/p>\n<p>No se adjudicar\u00e1 ninguna plaza ofrecida por la UOC a ning\u00fan estudiante que se haya puesto en contacto directamente con el centro. Tampoco se aceptar\u00e1 este centro (inicialmente ofrecido por la UOC) como plaza propuesta por el o la estudiante (modo directo).<\/p>\n<p><strong>\u00bfCada semestre la UOC ofrece los mismos centros y plazas?<\/strong><\/p>\n<p>No, no se ofrecen las mismas plazas cada semestre, puesto que dependen de la disponibilidad de los centros. Asimismo, cada semestre se procura ampliar el n\u00famero de centros que ofrece la Universidad (plazas de modo agrupamiento), atendiendo tambi\u00e9n a la localidad de residencia del estudiantado que se ha inscrito en la convocatoria y que ha respondido al formulario.<\/p>\n<p><strong>\u00bfC\u00f3mo puedo saber si tengo una pr\u00e1ctica preasignada?<\/strong><\/p>\n<p>Cuando te preasignen una plaza de pr\u00e1cticas, recibir\u00e1s una notificaci\u00f3n al correo electr\u00f3nico en la que se indica que te hemos asignado una pr\u00e1ctica, la cual no estar\u00e1 confirmada hasta que validemos que cumples los requisitos acad\u00e9micos para cursar el Pr\u00e1cticum. Una vez revisemos que re\u00fanes los requisitos, te volveremos a enviar una notificaci\u00f3n para indicar que tu pr\u00e1ctica ha sido confirmada y que ya puedes matricularte de la asignatura.<\/p>\n<p><strong>\u00bfPuedo proponer yo un centro (plazas de modo directo) de la red p\u00fablica o que sea un organismo p\u00fablico?<\/strong><\/p>\n<p>S\u00ed. Debes seguir el mismo procedimiento que para el resto de centros en modo directo y revisar la informaci\u00f3n en el Campus Virtual sobre las opciones para establecer convenios de pr\u00e1cticas seg\u00fan la comunidad aut\u00f3noma.<\/p>\n<p><strong>He recibido una preasignaci\u00f3n al centro en modo directo: \u00bfqu\u00e9 quiere decir?<br \/>\n<\/strong>Una plaza preasignada en un centro en modo directo quiere decir que el centro ha introducido una oferta con tu nombre y que queda reservada para ti. Sin embargo, como sabes, el centro y la persona que asuma tu tutor\u00eda deber\u00e1n cumplir unos requisitos acad\u00e9micos y profesionales y, por lo tanto, la asignaci\u00f3n no se podr\u00e1 formalizar hasta que la Universidad haya revisado y validado que se re\u00fanen estos criterios. Una vez validada la oferta de pr\u00e1cticas, debes revisar que cumples los requisitos para cursar la asignatura de Pr\u00e1cticum y, si es as\u00ed, recibir\u00e1s un mensaje en el que se indicar\u00e1 que ya puedes matricularte en la asignatura.<\/p>\n<p><strong>No he recibido el mensaje de preasignaci\u00f3n de centro en modo directo una vez finalizado el plazo. \u00bfQu\u00e9 tengo que hacer?<\/strong><\/p>\n<p>Si no has recibido el mensaje de preasignaci\u00f3n es porque no se tiene constancia de que el centro haya introducido la oferta en la herramienta Xperience dentro del plazo propuesto. Si es el caso, ponte en contacto con el centro y aseg\u00farate de que haya introducido la oferta. Recuerda que, como estudiante, no puedes introducir la oferta en la herramienta Xperience: solo lo puede hacer el centro. Si no recibes el mensaje de preasignaci\u00f3n, haz una consulta al Servicio de Atenci\u00f3n dirigida al Servicio de Pr\u00e1cticas y Movilidad de la UOC en la que indiques cu\u00e1l es el centro donde quieres hacer las pr\u00e1cticas, su tel\u00e9fono y un correo electr\u00f3nico, para que desde este servicio puedan contactar con este centro y proporcionarle las indicaciones sobre c\u00f3mo introducir la oferta correctamente.<\/p>\n<p><strong>\u00bfCu\u00e1l es el proceso de firma del convenio o protocolo de adhesi\u00f3n? <\/strong><\/p>\n<p>Para saber cu\u00e1l es el proceso de firma, debes revisar la informaci\u00f3n del Campus en \u00abTr\u00e1mites \/ Pr\u00e1cticas a empresas \/ Pr\u00e1cticas curriculares \/ Psicolog\u00eda \/ 4\u00bb. Asimismo, tambi\u00e9n te iremos informando a trav\u00e9s de las notificaciones que recibir\u00e1s al correo de la UOC.<\/p>\n","protected":false},"excerpt":{"rendered":"<p>\u00bfQu\u00e9 diferencia hay entre un centro en modo de agrupamiento y uno en modo directo? A la hora de hacer las pr\u00e1cticas, no existe ninguna diferencia. Sin embargo, la solicitud de estas plazas se hace de forma diferente. Un centro en modo de agrupamiento ya ha establecido una relaci\u00f3n previa con la UOC y, por [&hellip;]<\/p>\n","protected":false},"author":1,"featured_media":0,"parent":0,"menu_order":0,"comment_status":"closed","ping_status":"closed","template":"","meta":{"_acf_changed":false,"footnotes":""},"acf":[],"_links":{"self":[{"href":"https:\/\/guia-prc-infantil-juvenil.recursos.uoc.edu\/preguntes-frequents\/es\/wp-json\/wp\/v2\/pages\/53"}],"collection":[{"href":"https:\/\/guia-prc-infantil-juvenil.recursos.uoc.edu\/preguntes-frequents\/es\/wp-json\/wp\/v2\/pages"}],"about":[{"href":"https:\/\/guia-prc-infantil-juvenil.recursos.uoc.edu\/preguntes-frequents\/es\/wp-json\/wp\/v2\/types\/page"}],"author":[{"embeddable":true,"href":"https:\/\/guia-prc-infantil-juvenil.recursos.uoc.edu\/preguntes-frequents\/es\/wp-json\/wp\/v2\/users\/1"}],"replies":[{"embeddable":true,"href":"https:\/\/guia-prc-infantil-juvenil.recursos.uoc.edu\/preguntes-frequents\/es\/wp-json\/wp\/v2\/comments?post=53"}],"version-history":[{"count":1,"href":"https:\/\/guia-prc-infantil-juvenil.recursos.uoc.edu\/preguntes-frequents\/es\/wp-json\/wp\/v2\/pages\/53\/revisions"}],"predecessor-version":[{"id":54,"href":"https:\/\/guia-prc-infantil-juvenil.recursos.uoc.edu\/preguntes-frequents\/es\/wp-json\/wp\/v2\/pages\/53\/revisions\/54"}],"wp:attachment":[{"href":"https:\/\/guia-prc-infantil-juvenil.recursos.uoc.edu\/preguntes-frequents\/es\/wp-json\/wp\/v2\/media?parent=53"}],"curies":[{"name":"wp","href":"https:\/\/api.w.org\/{rel}","templated":true}]}}