{"id":49,"date":"2025-03-24T15:37:52","date_gmt":"2025-03-24T13:37:52","guid":{"rendered":"https:\/\/guia-prc-infantil-juvenil.recursos.uoc.edu\/preguntes-frequents\/?page_id=49"},"modified":"2025-04-08T19:43:04","modified_gmt":"2025-04-08T17:43:04","slug":"introduccion","status":"publish","type":"page","link":"https:\/\/guia-prc-infantil-juvenil.recursos.uoc.edu\/preguntes-frequents\/es\/","title":{"rendered":"Introducci\u00f3n"},"content":{"rendered":"<p>En este m\u00f3dulo pod\u00e9is encontrar un listado de preguntas frecuentes que pueden seros de utilidad a la hora de solicitar el Pr\u00e1cticum o al hacer las gestiones oportunas con los centros de pr\u00e1cticas y los convenios.<\/p>\n<p>En cualquier caso, si vuestra duda no queda recogida en ninguno de los m\u00f3dulos de este recurso, recordad que pod\u00e9is plantear la consulta a vuestra tutor\u00eda del m\u00e1ster para que os oriente.<\/p>\n","protected":false},"excerpt":{"rendered":"<p>En este m\u00f3dulo pod\u00e9is encontrar un listado de preguntas frecuentes que pueden seros de utilidad a la hora de solicitar el Pr\u00e1cticum o al hacer las gestiones oportunas con los centros de pr\u00e1cticas y los convenios. En cualquier caso, si vuestra duda no queda recogida en ninguno de los m\u00f3dulos de este recurso, recordad que [&hellip;]<\/p>\n","protected":false},"author":1,"featured_media":0,"parent":0,"menu_order":0,"comment_status":"closed","ping_status":"closed","template":"","meta":{"_acf_changed":false,"footnotes":""},"acf":[],"_links":{"self":[{"href":"https:\/\/guia-prc-infantil-juvenil.recursos.uoc.edu\/preguntes-frequents\/es\/wp-json\/wp\/v2\/pages\/49"}],"collection":[{"href":"https:\/\/guia-prc-infantil-juvenil.recursos.uoc.edu\/preguntes-frequents\/es\/wp-json\/wp\/v2\/pages"}],"about":[{"href":"https:\/\/guia-prc-infantil-juvenil.recursos.uoc.edu\/preguntes-frequents\/es\/wp-json\/wp\/v2\/types\/page"}],"author":[{"embeddable":true,"href":"https:\/\/guia-prc-infantil-juvenil.recursos.uoc.edu\/preguntes-frequents\/es\/wp-json\/wp\/v2\/users\/1"}],"replies":[{"embeddable":true,"href":"https:\/\/guia-prc-infantil-juvenil.recursos.uoc.edu\/preguntes-frequents\/es\/wp-json\/wp\/v2\/comments?post=49"}],"version-history":[{"count":2,"href":"https:\/\/guia-prc-infantil-juvenil.recursos.uoc.edu\/preguntes-frequents\/es\/wp-json\/wp\/v2\/pages\/49\/revisions"}],"predecessor-version":[{"id":80,"href":"https:\/\/guia-prc-infantil-juvenil.recursos.uoc.edu\/preguntes-frequents\/es\/wp-json\/wp\/v2\/pages\/49\/revisions\/80"}],"wp:attachment":[{"href":"https:\/\/guia-prc-infantil-juvenil.recursos.uoc.edu\/preguntes-frequents\/es\/wp-json\/wp\/v2\/media?parent=49"}],"curies":[{"name":"wp","href":"https:\/\/api.w.org\/{rel}","templated":true}]}}