{"id":41,"date":"2025-03-24T15:33:49","date_gmt":"2025-03-24T13:33:49","guid":{"rendered":"https:\/\/guia-prc-infantil-juvenil.recursos.uoc.edu\/guia-tutories-centres-practiques-curriculars\/?page_id=41"},"modified":"2026-01-23T13:52:09","modified_gmt":"2026-01-23T11:52:09","slug":"4-1-introduccio","status":"publish","type":"page","link":"https:\/\/guia-prc-infantil-juvenil.recursos.uoc.edu\/guia-tutories-centres-practiques-curriculars\/4-1-introduccio\/","title":{"rendered":"4.1. Introducci\u00f3"},"content":{"rendered":"<p>En les assignatures de Pr\u00e0cticum l\u2019estudiantat rep <strong>dues valoracions<\/strong>: d\u2019una banda, de les activitats fetes a l\u2019aula i, de l\u2019altra, de les participacions i tasques dutes a terme al centre de pr\u00e0ctiques. <strong>Cadascuna d\u2019aquestes valoracions t\u00e9 un pes del 50\u00a0% respecte a la nota final de l\u2019assignatura, i \u00e9s necessari superar les dues parts per poder superar l\u2019assignatura<\/strong>.<\/p>\n<p>Aquests criteris d\u2019avaluaci\u00f3 els estableix la Comissi\u00f3 del Pr\u00e0cticum, d\u2019acord amb les directrius facilitades a les confer\u00e8ncies de vicedegans de Pr\u00e0cticum de les facultats de Psicologia de l\u2019Estat espanyol, i tenint en compte les caracter\u00edstiques pr\u00f2pies del model pedag\u00f2gic de la UOC.<\/p>\n","protected":false},"excerpt":{"rendered":"<p>En les assignatures de Pr\u00e0cticum l\u2019estudiantat rep dues valoracions: d\u2019una banda, de les activitats fetes a l\u2019aula i, de l\u2019altra, de les participacions i tasques dutes a terme al centre de pr\u00e0ctiques. Cadascuna d\u2019aquestes valoracions t\u00e9 un pes del 50\u00a0% respecte a la nota final de l\u2019assignatura, i \u00e9s necessari superar les dues parts per [&hellip;]<\/p>\n","protected":false},"author":1,"featured_media":0,"parent":0,"menu_order":0,"comment_status":"closed","ping_status":"closed","template":"","meta":{"_acf_changed":false,"footnotes":""},"acf":[],"_links":{"self":[{"href":"https:\/\/guia-prc-infantil-juvenil.recursos.uoc.edu\/guia-tutories-centres-practiques-curriculars\/wp-json\/wp\/v2\/pages\/41"}],"collection":[{"href":"https:\/\/guia-prc-infantil-juvenil.recursos.uoc.edu\/guia-tutories-centres-practiques-curriculars\/wp-json\/wp\/v2\/pages"}],"about":[{"href":"https:\/\/guia-prc-infantil-juvenil.recursos.uoc.edu\/guia-tutories-centres-practiques-curriculars\/wp-json\/wp\/v2\/types\/page"}],"author":[{"embeddable":true,"href":"https:\/\/guia-prc-infantil-juvenil.recursos.uoc.edu\/guia-tutories-centres-practiques-curriculars\/wp-json\/wp\/v2\/users\/1"}],"replies":[{"embeddable":true,"href":"https:\/\/guia-prc-infantil-juvenil.recursos.uoc.edu\/guia-tutories-centres-practiques-curriculars\/wp-json\/wp\/v2\/comments?post=41"}],"version-history":[{"count":2,"href":"https:\/\/guia-prc-infantil-juvenil.recursos.uoc.edu\/guia-tutories-centres-practiques-curriculars\/wp-json\/wp\/v2\/pages\/41\/revisions"}],"predecessor-version":[{"id":212,"href":"https:\/\/guia-prc-infantil-juvenil.recursos.uoc.edu\/guia-tutories-centres-practiques-curriculars\/wp-json\/wp\/v2\/pages\/41\/revisions\/212"}],"wp:attachment":[{"href":"https:\/\/guia-prc-infantil-juvenil.recursos.uoc.edu\/guia-tutories-centres-practiques-curriculars\/wp-json\/wp\/v2\/media?parent=41"}],"curies":[{"name":"wp","href":"https:\/\/api.w.org\/{rel}","templated":true}]}}