{"id":35,"date":"2025-03-24T15:31:59","date_gmt":"2025-03-24T13:31:59","guid":{"rendered":"https:\/\/guia-prc-infantil-juvenil.recursos.uoc.edu\/guia-tutories-centres-practiques-curriculars\/?page_id=35"},"modified":"2026-01-23T13:50:51","modified_gmt":"2026-01-23T11:50:51","slug":"3-2-caracteristiques-dels-centres-de-practiques","status":"publish","type":"page","link":"https:\/\/guia-prc-infantil-juvenil.recursos.uoc.edu\/guia-tutories-centres-practiques-curriculars\/3-2-caracteristiques-dels-centres-de-practiques\/","title":{"rendered":"3.2. Caracter\u00edstiques dels centres de pr\u00e0ctiques"},"content":{"rendered":"<p>Els centres on es desenvolupen les pr\u00e0ctiques poden ser institucions p\u00fabliques o privades dedicades a l\u2019atenci\u00f3 psicol\u00f2gica i psicopedag\u00f2gica infantil i juvenil (xarxa sanit\u00e0ria p\u00fablica, gabinets cl\u00ednics i psicopedag\u00f2gics privats, associacions de familiars i de pacients, serveis socials, etc.). A m\u00e9s, han de reunir el conjunt de caracter\u00edstiques que es detallen a continuaci\u00f3.<\/p>\n<ul>\n<li>Els centres han d\u2019assegurar que la major part de les tasques que fa l\u2019estudiantat estan relacionades directament amb la intervenci\u00f3 psicol\u00f2gica infantil o juvenil, i pot dedicar la resta del temps a altres q\u00fcestions pr\u00f2pies de l\u2019activitat del centre de pr\u00e0ctiques relacionades igualment amb la poblaci\u00f3 infantojuvenil.<\/li>\n<li>La figura de la tutoria del centre ha de complir uns requisits acad\u00e8mics i professionals determinats: <strong>la tutoria del centre ha de tenir una experi\u00e8ncia professional m\u00ednima de cinc anys en l\u2019\u00e0mbit de la intervenci\u00f3 en salut mental infantil i juvenil<\/strong>. Aix\u00ed mateix, tamb\u00e9 ha de tenir la previsi\u00f3 que, en el per\u00edode en el qual l\u2019estudiantat fa el Pr\u00e0cticum, continuar\u00e0 treballant a la mateixa instituci\u00f3 i amb una dedicaci\u00f3 alta en l\u2019\u00e0mbit d\u2019aplicaci\u00f3 sol\u00b7licitat.<\/li>\n<li>Pel que fa als criteris de car\u00e0cter acad\u00e8mic, la tutoria ha de tenir la titulaci\u00f3 de <strong>Psicologia, Psicopedagogia o Psiquiatria, en l\u2019especialitat infantil.<\/strong><\/li>\n<\/ul>\n<p>A m\u00e9s, cal tenir present que recomanem que l\u2019estudiantat faci <strong>les cent cinquanta hores de pr\u00e0ctiques de manera distribu\u00efda al llarg de tot el semestre;<\/strong> \u00e9s a dir, que no les faci de forma intensiva.<\/p>\n<div class=\"featured featured-blue\"><p><strong>M\u00e9s informaci\u00f3<\/strong><\/p>\n<p>Depenent de la naturalesa del centre, les tasques poden ser les seg\u00fcents:<\/p>\n<ul>\n<li><strong>Centres dedicats a atenci\u00f3 psicol\u00f2gica infantil i juvenil: <\/strong>cal assegurar que, almenys el 50 % de les tasques que l\u2019estudiantat far\u00e0 estan relacionades directament amb la intervenci\u00f3 de poblaci\u00f3 infantil o juvenil o amb les seves fam\u00edlies o tutories. La resta d\u2019activitats poden estar relacionades amb l\u2019avaluaci\u00f3 psicol\u00f2gica, la planificaci\u00f3 i el disseny de plans d\u2019intervenci\u00f3 o psicopedagogia.<\/li>\n<li><strong>Centres de psicopedagogia, EAP, atenci\u00f3 dins de l\u2019\u00e0mbit escolar: <\/strong>cal assegurar que, almenys el 50 % de les tasques que l\u2019estudiantat far\u00e0 estan relacionades directament amb la intervenci\u00f3 de poblaci\u00f3 infantil o juvenil o amb les seves fam\u00edlies o tutories. La resta d\u2019activitats poden estar relacionades amb psicopedagogia (reeducacions, atenci\u00f3 dins de l\u2019\u00e0mbit escolar, pautes a mestres, orientaci\u00f3 escolar, etc.). En aquests centres <strong>es requereix intervenci\u00f3 directa amb poblaci\u00f3 infantil o juvenil.<\/strong><\/li>\n<li><strong>Centres de serveis socials:<\/strong> cal assegurar que almenys el 50 % de les tasques que l\u2019estudiantat far\u00e0 estan relacionades directament amb la intervenci\u00f3 de poblaci\u00f3 infantil o juvenil o amb les seves fam\u00edlies o tutories.<\/li>\n<\/ul>\n<p>\n<\/div>\n<p>&nbsp;<\/p>\n","protected":false},"excerpt":{"rendered":"<p>Els centres on es desenvolupen les pr\u00e0ctiques poden ser institucions p\u00fabliques o privades dedicades a l\u2019atenci\u00f3 psicol\u00f2gica i psicopedag\u00f2gica infantil i juvenil (xarxa sanit\u00e0ria p\u00fablica, gabinets cl\u00ednics i psicopedag\u00f2gics privats, associacions de familiars i de pacients, serveis socials, etc.). A m\u00e9s, han de reunir el conjunt de caracter\u00edstiques que es detallen a continuaci\u00f3. Els centres [&hellip;]<\/p>\n","protected":false},"author":1,"featured_media":0,"parent":0,"menu_order":0,"comment_status":"closed","ping_status":"closed","template":"","meta":{"_acf_changed":false,"footnotes":""},"acf":[],"_links":{"self":[{"href":"https:\/\/guia-prc-infantil-juvenil.recursos.uoc.edu\/guia-tutories-centres-practiques-curriculars\/wp-json\/wp\/v2\/pages\/35"}],"collection":[{"href":"https:\/\/guia-prc-infantil-juvenil.recursos.uoc.edu\/guia-tutories-centres-practiques-curriculars\/wp-json\/wp\/v2\/pages"}],"about":[{"href":"https:\/\/guia-prc-infantil-juvenil.recursos.uoc.edu\/guia-tutories-centres-practiques-curriculars\/wp-json\/wp\/v2\/types\/page"}],"author":[{"embeddable":true,"href":"https:\/\/guia-prc-infantil-juvenil.recursos.uoc.edu\/guia-tutories-centres-practiques-curriculars\/wp-json\/wp\/v2\/users\/1"}],"replies":[{"embeddable":true,"href":"https:\/\/guia-prc-infantil-juvenil.recursos.uoc.edu\/guia-tutories-centres-practiques-curriculars\/wp-json\/wp\/v2\/comments?post=35"}],"version-history":[{"count":9,"href":"https:\/\/guia-prc-infantil-juvenil.recursos.uoc.edu\/guia-tutories-centres-practiques-curriculars\/wp-json\/wp\/v2\/pages\/35\/revisions"}],"predecessor-version":[{"id":211,"href":"https:\/\/guia-prc-infantil-juvenil.recursos.uoc.edu\/guia-tutories-centres-practiques-curriculars\/wp-json\/wp\/v2\/pages\/35\/revisions\/211"}],"wp:attachment":[{"href":"https:\/\/guia-prc-infantil-juvenil.recursos.uoc.edu\/guia-tutories-centres-practiques-curriculars\/wp-json\/wp\/v2\/media?parent=35"}],"curies":[{"name":"wp","href":"https:\/\/api.w.org\/{rel}","templated":true}]}}