{"id":21,"date":"2025-03-24T15:28:16","date_gmt":"2025-03-24T13:28:16","guid":{"rendered":"https:\/\/guia-prc-infantil-juvenil.recursos.uoc.edu\/guia-tutories-centres-practiques-curriculars\/?page_id=21"},"modified":"2025-03-24T15:28:16","modified_gmt":"2025-03-24T13:28:16","slug":"1-2-quan-es-cursa-el-practicum","status":"publish","type":"page","link":"https:\/\/guia-prc-infantil-juvenil.recursos.uoc.edu\/guia-tutories-centres-practiques-curriculars\/1-2-quan-es-cursa-el-practicum\/","title":{"rendered":"1.2. Quan es cursa el Pr\u00e0cticum?"},"content":{"rendered":"<p>D\u2019acord amb el pla d\u2019estudis, que podeu trobar a la p\u00e0gina web de la UOC, el Pr\u00e0cticum \u00e9s <strong>una de les darreres assignatures del pla d\u2019estudis<\/strong> del m\u00e0ster universitari de Psicologia Infantil i Juvenil. Aix\u00ed doncs, l\u2019experi\u00e8ncia en el m\u00f3n professional arriba despr\u00e9s d\u2019un per\u00edode de formaci\u00f3 pr\u00e8via i havent cursat el gran gruix d\u2019assignatures obligat\u00f2ries de la titulaci\u00f3.<\/p>\n<p>Si voleu consultar quines s\u00f3n aquestes assignatures i el contingut que s\u2019hi treballa, podeu trobar informaci\u00f3 a la p\u00e0gina web de la UOC.<\/p>\n","protected":false},"excerpt":{"rendered":"<p>D\u2019acord amb el pla d\u2019estudis, que podeu trobar a la p\u00e0gina web de la UOC, el Pr\u00e0cticum \u00e9s una de les darreres assignatures del pla d\u2019estudis del m\u00e0ster universitari de Psicologia Infantil i Juvenil. Aix\u00ed doncs, l\u2019experi\u00e8ncia en el m\u00f3n professional arriba despr\u00e9s d\u2019un per\u00edode de formaci\u00f3 pr\u00e8via i havent cursat el gran gruix d\u2019assignatures [&hellip;]<\/p>\n","protected":false},"author":1,"featured_media":0,"parent":0,"menu_order":0,"comment_status":"closed","ping_status":"closed","template":"","meta":{"_acf_changed":false,"footnotes":""},"acf":[],"_links":{"self":[{"href":"https:\/\/guia-prc-infantil-juvenil.recursos.uoc.edu\/guia-tutories-centres-practiques-curriculars\/wp-json\/wp\/v2\/pages\/21"}],"collection":[{"href":"https:\/\/guia-prc-infantil-juvenil.recursos.uoc.edu\/guia-tutories-centres-practiques-curriculars\/wp-json\/wp\/v2\/pages"}],"about":[{"href":"https:\/\/guia-prc-infantil-juvenil.recursos.uoc.edu\/guia-tutories-centres-practiques-curriculars\/wp-json\/wp\/v2\/types\/page"}],"author":[{"embeddable":true,"href":"https:\/\/guia-prc-infantil-juvenil.recursos.uoc.edu\/guia-tutories-centres-practiques-curriculars\/wp-json\/wp\/v2\/users\/1"}],"replies":[{"embeddable":true,"href":"https:\/\/guia-prc-infantil-juvenil.recursos.uoc.edu\/guia-tutories-centres-practiques-curriculars\/wp-json\/wp\/v2\/comments?post=21"}],"version-history":[{"count":1,"href":"https:\/\/guia-prc-infantil-juvenil.recursos.uoc.edu\/guia-tutories-centres-practiques-curriculars\/wp-json\/wp\/v2\/pages\/21\/revisions"}],"predecessor-version":[{"id":22,"href":"https:\/\/guia-prc-infantil-juvenil.recursos.uoc.edu\/guia-tutories-centres-practiques-curriculars\/wp-json\/wp\/v2\/pages\/21\/revisions\/22"}],"wp:attachment":[{"href":"https:\/\/guia-prc-infantil-juvenil.recursos.uoc.edu\/guia-tutories-centres-practiques-curriculars\/wp-json\/wp\/v2\/media?parent=21"}],"curies":[{"name":"wp","href":"https:\/\/api.w.org\/{rel}","templated":true}]}}