{"id":17,"date":"2025-03-24T15:26:41","date_gmt":"2025-03-24T13:26:41","guid":{"rendered":"https:\/\/guia-prc-infantil-juvenil.recursos.uoc.edu\/guia-tutories-centres-practiques-curriculars\/?page_id=17"},"modified":"2026-01-23T13:41:03","modified_gmt":"2026-01-23T11:41:03","slug":"1-1-introduccio","status":"publish","type":"page","link":"https:\/\/guia-prc-infantil-juvenil.recursos.uoc.edu\/guia-tutories-centres-practiques-curriculars\/1-1-introduccio\/","title":{"rendered":"1.1. Introducci\u00f3"},"content":{"rendered":"<p>El pla d\u2019estudis del m\u00e0ster universitari de Psicologia Infantil i Juvenil cont\u00e9 <strong>l\u2019assignatura obligat\u00f2ria de nou cr\u00e8dits, el Pr\u00e0cticum,<\/strong> <strong>mitjan\u00e7ant la qual l\u2019estudiantat pot posar en pr\u00e0ctica les compet\u00e8ncies<\/strong> <strong>que<\/strong>, fins aquest moment, <strong>ha estat treballant i desenvolupant al llarg del m\u00e0ster<\/strong>. Aix\u00ed doncs, esdev\u00e9 una oportunitat \u00fanica per observar i aprendre, de primera m\u00e0, d\u2019altres professionals de la psicologia en l\u2019\u00e0mbit de la salut mental infantil i juvenil.<\/p>\n<div class=\"featured featured-blue\"><p>Tal com el defineix Zabalza (2016), el Pr\u00e0cticum permet a l\u2019estudiantat formar-se amb altres figures professionals i institucions fora de la universitat, enriquir el context en qu\u00e8 es produeix aquesta formaci\u00f3, adquirir tasques i responsabilitats diferents de les que ha assumit fins ara, i aprendre a partir d\u2019un treball pr\u00e0ctic.<\/p>\n<\/div>\n<p>Cal destacar que, per poder superar l\u2019assignatura del Pr\u00e0cticum,<strong> es requereixen cent cinquanta hores d\u2019activitat al centre,<\/strong> a m\u00e9s de tota una s\u00e8rie d\u2019activitats complement\u00e0ries, proposades per l\u2019equip docent, que es fan a l\u2019aula virtual de la UOC.<\/p>\n<p>Les hores d\u2019activitat al centre s\u2019han de fer dins del per\u00edode lectiu del semestre, \u00e9s a dir, de manera aproximada entre els mesos d&#8217;octubre a gener o de mar\u00e7 a juny. A m\u00e9s, cal que, com a centre de pr\u00e0ctiques, designeu una tutoria de l&#8217;estudiantat; \u00e9s a dir, una persona que pugui fer-ne el seguiment pr\u00e0ctic, resoldre els dubtes que sorgeixin durant les pr\u00e0ctiques al vostre centre, i tamb\u00e9 que avalu\u00ef l\u2019estudiantat en finalitzar el semestre. Tota la informaci\u00f3 necess\u00e0ria per desenvolupar aquest rol la trobareu detallada en aquesta guia.<\/p>\n","protected":false},"excerpt":{"rendered":"<p>El pla d\u2019estudis del m\u00e0ster universitari de Psicologia Infantil i Juvenil cont\u00e9 l\u2019assignatura obligat\u00f2ria de nou cr\u00e8dits, el Pr\u00e0cticum, mitjan\u00e7ant la qual l\u2019estudiantat pot posar en pr\u00e0ctica les compet\u00e8ncies que, fins aquest moment, ha estat treballant i desenvolupant al llarg del m\u00e0ster. Aix\u00ed doncs, esdev\u00e9 una oportunitat \u00fanica per observar i aprendre, de primera m\u00e0, [&hellip;]<\/p>\n","protected":false},"author":1,"featured_media":0,"parent":0,"menu_order":0,"comment_status":"closed","ping_status":"closed","template":"","meta":{"_acf_changed":false,"footnotes":""},"acf":[],"_links":{"self":[{"href":"https:\/\/guia-prc-infantil-juvenil.recursos.uoc.edu\/guia-tutories-centres-practiques-curriculars\/wp-json\/wp\/v2\/pages\/17"}],"collection":[{"href":"https:\/\/guia-prc-infantil-juvenil.recursos.uoc.edu\/guia-tutories-centres-practiques-curriculars\/wp-json\/wp\/v2\/pages"}],"about":[{"href":"https:\/\/guia-prc-infantil-juvenil.recursos.uoc.edu\/guia-tutories-centres-practiques-curriculars\/wp-json\/wp\/v2\/types\/page"}],"author":[{"embeddable":true,"href":"https:\/\/guia-prc-infantil-juvenil.recursos.uoc.edu\/guia-tutories-centres-practiques-curriculars\/wp-json\/wp\/v2\/users\/1"}],"replies":[{"embeddable":true,"href":"https:\/\/guia-prc-infantil-juvenil.recursos.uoc.edu\/guia-tutories-centres-practiques-curriculars\/wp-json\/wp\/v2\/comments?post=17"}],"version-history":[{"count":5,"href":"https:\/\/guia-prc-infantil-juvenil.recursos.uoc.edu\/guia-tutories-centres-practiques-curriculars\/wp-json\/wp\/v2\/pages\/17\/revisions"}],"predecessor-version":[{"id":206,"href":"https:\/\/guia-prc-infantil-juvenil.recursos.uoc.edu\/guia-tutories-centres-practiques-curriculars\/wp-json\/wp\/v2\/pages\/17\/revisions\/206"}],"wp:attachment":[{"href":"https:\/\/guia-prc-infantil-juvenil.recursos.uoc.edu\/guia-tutories-centres-practiques-curriculars\/wp-json\/wp\/v2\/media?parent=17"}],"curies":[{"name":"wp","href":"https:\/\/api.w.org\/{rel}","templated":true}]}}