{"id":15,"date":"2025-03-24T15:25:32","date_gmt":"2025-03-24T13:25:32","guid":{"rendered":"https:\/\/guia-prc-infantil-juvenil.recursos.uoc.edu\/guia-tutories-centres-practiques-curriculars\/?page_id=15"},"modified":"2025-03-24T15:25:32","modified_gmt":"2025-03-24T13:25:32","slug":"introduccio","status":"publish","type":"page","link":"https:\/\/guia-prc-infantil-juvenil.recursos.uoc.edu\/guia-tutories-centres-practiques-curriculars\/","title":{"rendered":"Introducci\u00f3"},"content":{"rendered":"<p>En aquesta guia podeu trobar la <strong>informaci\u00f3 b\u00e0sica de l\u2019assignatura del Pr\u00e0cticum <\/strong>que s\u2019imparteix en la titulaci\u00f3 del m\u00e0ster universitari de Psicologia Infantil i Juvenil: T\u00e8cniques i Estrat\u00e8gies d\u2019Intervenci\u00f3 de la Universitat Oberta de Catalunya (UOC). S\u2019hi explica qu\u00e8 \u00e9s el Pr\u00e0cticum, quins s\u00f3n els objectius b\u00e0sics que t\u00e9, els requisits necessaris i les activitats de seguiment i d\u2019avaluaci\u00f3 que s\u2019hi porten a terme, entre altres q\u00fcestions.<\/p>\n<p>Aprofitem aquesta ocasi\u00f3 per <strong>agrair-vos la col\u00b7laboraci\u00f3 com a centre de pr\u00e0ctiques extern.<\/strong><\/p>\n","protected":false},"excerpt":{"rendered":"<p>En aquesta guia podeu trobar la informaci\u00f3 b\u00e0sica de l\u2019assignatura del Pr\u00e0cticum que s\u2019imparteix en la titulaci\u00f3 del m\u00e0ster universitari de Psicologia Infantil i Juvenil: T\u00e8cniques i Estrat\u00e8gies d\u2019Intervenci\u00f3 de la Universitat Oberta de Catalunya (UOC). S\u2019hi explica qu\u00e8 \u00e9s el Pr\u00e0cticum, quins s\u00f3n els objectius b\u00e0sics que t\u00e9, els requisits necessaris i les activitats [&hellip;]<\/p>\n","protected":false},"author":1,"featured_media":0,"parent":0,"menu_order":0,"comment_status":"closed","ping_status":"closed","template":"","meta":{"_acf_changed":false,"footnotes":""},"acf":[],"_links":{"self":[{"href":"https:\/\/guia-prc-infantil-juvenil.recursos.uoc.edu\/guia-tutories-centres-practiques-curriculars\/wp-json\/wp\/v2\/pages\/15"}],"collection":[{"href":"https:\/\/guia-prc-infantil-juvenil.recursos.uoc.edu\/guia-tutories-centres-practiques-curriculars\/wp-json\/wp\/v2\/pages"}],"about":[{"href":"https:\/\/guia-prc-infantil-juvenil.recursos.uoc.edu\/guia-tutories-centres-practiques-curriculars\/wp-json\/wp\/v2\/types\/page"}],"author":[{"embeddable":true,"href":"https:\/\/guia-prc-infantil-juvenil.recursos.uoc.edu\/guia-tutories-centres-practiques-curriculars\/wp-json\/wp\/v2\/users\/1"}],"replies":[{"embeddable":true,"href":"https:\/\/guia-prc-infantil-juvenil.recursos.uoc.edu\/guia-tutories-centres-practiques-curriculars\/wp-json\/wp\/v2\/comments?post=15"}],"version-history":[{"count":1,"href":"https:\/\/guia-prc-infantil-juvenil.recursos.uoc.edu\/guia-tutories-centres-practiques-curriculars\/wp-json\/wp\/v2\/pages\/15\/revisions"}],"predecessor-version":[{"id":16,"href":"https:\/\/guia-prc-infantil-juvenil.recursos.uoc.edu\/guia-tutories-centres-practiques-curriculars\/wp-json\/wp\/v2\/pages\/15\/revisions\/16"}],"wp:attachment":[{"href":"https:\/\/guia-prc-infantil-juvenil.recursos.uoc.edu\/guia-tutories-centres-practiques-curriculars\/wp-json\/wp\/v2\/media?parent=15"}],"curies":[{"name":"wp","href":"https:\/\/api.w.org\/{rel}","templated":true}]}}