{"id":99,"date":"2025-03-24T15:33:01","date_gmt":"2025-03-24T13:33:01","guid":{"rendered":"https:\/\/guia-prc-infantil-juvenil.recursos.uoc.edu\/guia-tutories-centres-practiques-curriculars\/?page_id=99"},"modified":"2026-01-23T13:48:08","modified_gmt":"2026-01-23T11:48:08","slug":"3-3-beneficis-dacollir-estudiantat-en-practiques","status":"publish","type":"page","link":"https:\/\/guia-prc-infantil-juvenil.recursos.uoc.edu\/guia-tutories-centres-practiques-curriculars\/es\/3-3-beneficis-dacollir-estudiantat-en-practiques\/","title":{"rendered":"3.3. Beneficios de acoger a estudiantado en pr\u00e1cticas"},"content":{"rendered":"<p>Las tutor\u00edas disfrutan de algunas ventajas que pueden encontrarse en el portal de la UOC, concretamente en el apartado \u00ab<a href=\"https:\/\/www.uoc.edu\/portal\/es\/universitat\/serveis\/estudiantat\/practiques-mobilitat\/empreses\/index.html\" target=\"_blank\" rel=\"noopener\">Ventajas para las empresas y las instituciones<\/a>\u00bb.<\/p>\n<p>Tambi\u00e9n podr\u00e1n obtener un certificado que acredite su tutorizaci\u00f3n. Lo deber\u00e1n solicitar mediante el <a href=\"https:\/\/www.uoc.edu\/portal\/es\/universitat\/serveis\/estudiantat\/practiques-mobilitat\/empreses\/index.html\" target=\"_blank\" rel=\"noopener\">formulario de contacto<\/a> para centros.<\/p>\n","protected":false},"excerpt":{"rendered":"<p>Las tutor\u00edas disfrutan de algunas ventajas que pueden encontrarse en el portal de la UOC, concretamente en el apartado \u00abVentajas para las empresas y las instituciones\u00bb. Tambi\u00e9n podr\u00e1n obtener un certificado que acredite su tutorizaci\u00f3n. Lo deber\u00e1n solicitar mediante el formulario de contacto para centros.<\/p>\n","protected":false},"author":1,"featured_media":0,"parent":0,"menu_order":0,"comment_status":"closed","ping_status":"closed","template":"","meta":{"_acf_changed":false,"footnotes":""},"acf":[],"_links":{"self":[{"href":"https:\/\/guia-prc-infantil-juvenil.recursos.uoc.edu\/guia-tutories-centres-practiques-curriculars\/es\/wp-json\/wp\/v2\/pages\/99"}],"collection":[{"href":"https:\/\/guia-prc-infantil-juvenil.recursos.uoc.edu\/guia-tutories-centres-practiques-curriculars\/es\/wp-json\/wp\/v2\/pages"}],"about":[{"href":"https:\/\/guia-prc-infantil-juvenil.recursos.uoc.edu\/guia-tutories-centres-practiques-curriculars\/es\/wp-json\/wp\/v2\/types\/page"}],"author":[{"embeddable":true,"href":"https:\/\/guia-prc-infantil-juvenil.recursos.uoc.edu\/guia-tutories-centres-practiques-curriculars\/es\/wp-json\/wp\/v2\/users\/1"}],"replies":[{"embeddable":true,"href":"https:\/\/guia-prc-infantil-juvenil.recursos.uoc.edu\/guia-tutories-centres-practiques-curriculars\/es\/wp-json\/wp\/v2\/comments?post=99"}],"version-history":[{"count":7,"href":"https:\/\/guia-prc-infantil-juvenil.recursos.uoc.edu\/guia-tutories-centres-practiques-curriculars\/es\/wp-json\/wp\/v2\/pages\/99\/revisions"}],"predecessor-version":[{"id":207,"href":"https:\/\/guia-prc-infantil-juvenil.recursos.uoc.edu\/guia-tutories-centres-practiques-curriculars\/es\/wp-json\/wp\/v2\/pages\/99\/revisions\/207"}],"wp:attachment":[{"href":"https:\/\/guia-prc-infantil-juvenil.recursos.uoc.edu\/guia-tutories-centres-practiques-curriculars\/es\/wp-json\/wp\/v2\/media?parent=99"}],"curies":[{"name":"wp","href":"https:\/\/api.w.org\/{rel}","templated":true}]}}