{"id":97,"date":"2025-03-24T15:31:59","date_gmt":"2025-03-24T13:31:59","guid":{"rendered":"https:\/\/guia-prc-infantil-juvenil.recursos.uoc.edu\/guia-tutories-centres-practiques-curriculars\/?page_id=97"},"modified":"2025-04-30T10:27:26","modified_gmt":"2025-04-30T08:27:26","slug":"3-2-caracteristicas-de-los-centros-de-practicas","status":"publish","type":"page","link":"https:\/\/guia-prc-infantil-juvenil.recursos.uoc.edu\/guia-tutories-centres-practiques-curriculars\/es\/3-2-caracteristicas-de-los-centros-de-practicas\/","title":{"rendered":"3.2. Caracter\u00edsticas de los centros de pr\u00e1cticas"},"content":{"rendered":"<p>Los centros donde se desarrollen las pr\u00e1cticas podr\u00e1n ser instituciones p\u00fablicas o privadas dedicadas a la atenci\u00f3n psicol\u00f3gica y psicopedag\u00f3gica infantil y juvenil (red sanitaria p\u00fablica, gabinetes cl\u00ednicos y psicopedag\u00f3gicos privados, asociaciones de familiares y de pacientes, servicios sociales, etc.). Adem\u00e1s, tendr\u00e1n que reunir el conjunto de caracter\u00edsticas que se detallan a continuaci\u00f3n.<\/p>\n<ul>\n<li>Los centros asegurar\u00e1n que la mayor parte de las tareas que efect\u00fae el estudiantado est\u00e9n relacionadas directamente con la intervenci\u00f3n psicol\u00f3gica infantil o juvenil, y podr\u00e1 dedicar el resto del tiempo a otras cuestiones propias de la actividad del centro de pr\u00e1cticas relacionadas igualmente con la poblaci\u00f3n infantojuvenil.<\/li>\n<li>La figura de la tutor\u00eda del centro deber\u00e1 cumplir unos requisitos acad\u00e9micos y profesionales determinados: <strong>la tutor\u00eda del centro deber\u00e1 tener una experiencia profesional m\u00ednima de cinco a\u00f1os en el \u00e1mbito de la intervenci\u00f3n en salud mental infantil y juvenil<\/strong>. Asimismo, deber\u00e1 tener tambi\u00e9n la previsi\u00f3n de que, en el periodo en el que el estudiantado haga el Pr\u00e1cticum, continuar\u00e1 trabajando en la misma instituci\u00f3n y con una dedicaci\u00f3n alta en el \u00e1mbito de aplicaci\u00f3n solicitado.<\/li>\n<li>En cuanto a los criterios de car\u00e1cter acad\u00e9mico, la tutor\u00eda deber\u00e1 tener la titulaci\u00f3n de <strong>Psicolog\u00eda, Psicopedagog\u00eda o Psiquiatr\u00eda, en la especialidad infantil<\/strong>.<\/li>\n<\/ul>\n<p>Adem\u00e1s, debe tenerse presente que recomendamos que el estudiantado haga <strong>las ciento cincuenta horas de pr\u00e1cticas de manera distribuida a lo largo de todo el semestre<\/strong>; es decir, que no las haga de forma intensiva.<\/p>\n<p><div class=\"featured featured-blue\"><p><strong>M\u00e1s informaci\u00f3n<\/strong><\/p>\n<p>Dependiendo de la naturaleza del centro, las tareas podr\u00e1n ser las siguientes:<\/p>\n<ul>\n<li><strong>Centros dedicados a atenci\u00f3n psicol\u00f3gica infantil y juvenil: <\/strong>ser\u00e1 necesario asegurar que al menos el 50 % de las tareas que el estudiantado haga est\u00e9n relacionadas directamente con la intervenci\u00f3n en poblaci\u00f3n infantil o juvenil o con sus familias o tutor\u00edas. El resto de las actividades podr\u00e1n estar relacionadas con la evaluaci\u00f3n psicol\u00f3gica, la planificaci\u00f3n y el dise\u00f1o de planes de intervenci\u00f3n o psicopedagog\u00eda.<\/li>\n<\/ul>\n<ul>\n<li><strong>Centros de psicopedagog\u00eda, EAP, atenci\u00f3n dentro del \u00e1mbito escolar: <\/strong>tendr\u00e1 que asegurarse que al menos el 50 % de las tareas que el estudiantado haga est\u00e9n relacionadas directamente con la intervenci\u00f3n en poblaci\u00f3n infantil o juvenil o sus familias o tutor\u00edas. El resto de las actividades podr\u00e1n estar relacionadas con psicopedagog\u00eda (reeducaciones, atenci\u00f3n dentro del \u00e1mbito escolar, pautas a maestras, orientaci\u00f3n escolar, etc.). En estos centros <strong>se requerir\u00e1 intervenci\u00f3n directa con poblaci\u00f3n infantil o juvenil.<\/strong><\/li>\n<\/ul>\n<ul>\n<li><strong>Centros de servicios sociales:<\/strong> tendr\u00e1 que asegurarse que al menos el 50 % de las tareas que el estudiantado haga est\u00e9n relacionadas directamente con la intervenci\u00f3n en poblaci\u00f3n infantil o juvenil o con sus familias o tutor\u00edas.<br \/>\n<\/div><\/li>\n<\/ul>\n","protected":false},"excerpt":{"rendered":"<p>Los centros donde se desarrollen las pr\u00e1cticas podr\u00e1n ser instituciones p\u00fablicas o privadas dedicadas a la atenci\u00f3n psicol\u00f3gica y psicopedag\u00f3gica infantil y juvenil (red sanitaria p\u00fablica, gabinetes cl\u00ednicos y psicopedag\u00f3gicos privados, asociaciones de familiares y de pacientes, servicios sociales, etc.). Adem\u00e1s, tendr\u00e1n que reunir el conjunto de caracter\u00edsticas que se detallan a continuaci\u00f3n. Los centros [&hellip;]<\/p>\n","protected":false},"author":1,"featured_media":0,"parent":0,"menu_order":0,"comment_status":"closed","ping_status":"closed","template":"","meta":{"_acf_changed":false,"footnotes":""},"acf":[],"_links":{"self":[{"href":"https:\/\/guia-prc-infantil-juvenil.recursos.uoc.edu\/guia-tutories-centres-practiques-curriculars\/es\/wp-json\/wp\/v2\/pages\/97"}],"collection":[{"href":"https:\/\/guia-prc-infantil-juvenil.recursos.uoc.edu\/guia-tutories-centres-practiques-curriculars\/es\/wp-json\/wp\/v2\/pages"}],"about":[{"href":"https:\/\/guia-prc-infantil-juvenil.recursos.uoc.edu\/guia-tutories-centres-practiques-curriculars\/es\/wp-json\/wp\/v2\/types\/page"}],"author":[{"embeddable":true,"href":"https:\/\/guia-prc-infantil-juvenil.recursos.uoc.edu\/guia-tutories-centres-practiques-curriculars\/es\/wp-json\/wp\/v2\/users\/1"}],"replies":[{"embeddable":true,"href":"https:\/\/guia-prc-infantil-juvenil.recursos.uoc.edu\/guia-tutories-centres-practiques-curriculars\/es\/wp-json\/wp\/v2\/comments?post=97"}],"version-history":[{"count":5,"href":"https:\/\/guia-prc-infantil-juvenil.recursos.uoc.edu\/guia-tutories-centres-practiques-curriculars\/es\/wp-json\/wp\/v2\/pages\/97\/revisions"}],"predecessor-version":[{"id":160,"href":"https:\/\/guia-prc-infantil-juvenil.recursos.uoc.edu\/guia-tutories-centres-practiques-curriculars\/es\/wp-json\/wp\/v2\/pages\/97\/revisions\/160"}],"wp:attachment":[{"href":"https:\/\/guia-prc-infantil-juvenil.recursos.uoc.edu\/guia-tutories-centres-practiques-curriculars\/es\/wp-json\/wp\/v2\/media?parent=97"}],"curies":[{"name":"wp","href":"https:\/\/api.w.org\/{rel}","templated":true}]}}