{"id":95,"date":"2025-03-24T15:31:08","date_gmt":"2025-03-24T13:31:08","guid":{"rendered":"https:\/\/guia-prc-infantil-juvenil.recursos.uoc.edu\/guia-tutories-centres-practiques-curriculars\/?page_id=95"},"modified":"2026-02-11T11:03:28","modified_gmt":"2026-02-11T09:03:28","slug":"3-1-introduccion","status":"publish","type":"page","link":"https:\/\/guia-prc-infantil-juvenil.recursos.uoc.edu\/guia-tutories-centres-practiques-curriculars\/es\/3-1-introduccion\/","title":{"rendered":"3.1. Introducci\u00f3n"},"content":{"rendered":"<p>Como sabe\u00eds de primera mano, la asignatura del Pr\u00e1cticum requiere una colaboraci\u00f3n que dista de otras asignaturas del m\u00e1ster. Por esta raz\u00f3n, <strong>en el Pr\u00e1cticum intervenimos diferentes agentes <\/strong>que la hacemos posible. M\u00e1s concretamente, por parte de la UOC intervienen la Comisi\u00f3n del Pr\u00e1cticum y el equipo docente, y por parte del centro de pr\u00e1cticas, la tutor\u00eda del centro.<\/p>\n<p>A continuaci\u00f3n, se detallan las funciones de estos agentes.<\/p>\n<p><strong>Comisi\u00f3n del Pr\u00e1cticum<\/strong>: la Comisi\u00f3n est\u00e1 formada por profesorado propio de los Estudios de Psicolog\u00eda, as\u00ed como por personal de gesti\u00f3n, tanto de los propios Estudios como del Servicio de Pr\u00e1cticas y Movilidad.<\/p>\n<p>La Comisi\u00f3n del Pr\u00e1cticum es <strong>responsable de gestionar el procedimiento de pr\u00e1cticas y,<\/strong> a su vez, <strong>velar por el buen funcionamiento<\/strong> en las relaciones entre el estudiantado, el equipo docente y el centro externo.<\/p>\n<p><strong>Equipo docente de la UOC: <\/strong>hay que diferenciar dos figuras dentro de este equipo docente. Por un lado, el <strong>profesorado responsable de la asignatura<\/strong>, que coordina la asignatura del Pr\u00e1cticum y, por otro lado, el <strong>personal docente colaborador<\/strong>, la figura docente que, <strong>desde el aula, acompa\u00f1a al estudiantado en su proceso de aprendizaje<\/strong>. Al inicio del semestre, el equipo docente contactar\u00e1 con vosotros, como tutor\u00eda del centro de pr\u00e1cticas, para facilitar toda la informaci\u00f3n necesaria y para poder establecer un cauce de comunicaci\u00f3n directo.<\/p>\n<p><strong>Tutor\u00eda del centro de pr\u00e1cticas:<\/strong> la tutor\u00eda del centro de pr\u00e1cticas debe estar en activo en el ejercicio profesional, y tiene la funci\u00f3n de acompa\u00f1ar al estudiantado en su estancia de pr\u00e1cticas. M\u00e1s concretamente, las funciones que lleva a cabo esta figura ser\u00e1n:<\/p>\n<ul>\n<li>Hacer la acogida en el centro e informar al estudiantado del funcionamiento de este centro.<\/li>\n<li>Establecer las tareas que har\u00e1 el estudiantado en el centro (con la validaci\u00f3n posterior por parte del equipo docente de la UOC).<\/li>\n<li>Supervisar la asistencia, actitud, participaci\u00f3n y rendimiento del estudiantado.<\/li>\n<li>Atender las consultas, tanto te\u00f3ricas como pr\u00e1cticas, que puedan surgir durante la estancia del estudiantado en el centro.<\/li>\n<li>Evaluar al estudiantado.<\/li>\n<\/ul>\n","protected":false},"excerpt":{"rendered":"<p>Como sabe\u00eds de primera mano, la asignatura del Pr\u00e1cticum requiere una colaboraci\u00f3n que dista de otras asignaturas del m\u00e1ster. Por esta raz\u00f3n, en el Pr\u00e1cticum intervenimos diferentes agentes que la hacemos posible. M\u00e1s concretamente, por parte de la UOC intervienen la Comisi\u00f3n del Pr\u00e1cticum y el equipo docente, y por parte del centro de pr\u00e1cticas, [&hellip;]<\/p>\n","protected":false},"author":1,"featured_media":0,"parent":0,"menu_order":0,"comment_status":"closed","ping_status":"closed","template":"","meta":{"_acf_changed":false,"footnotes":""},"acf":[],"_links":{"self":[{"href":"https:\/\/guia-prc-infantil-juvenil.recursos.uoc.edu\/guia-tutories-centres-practiques-curriculars\/es\/wp-json\/wp\/v2\/pages\/95"}],"collection":[{"href":"https:\/\/guia-prc-infantil-juvenil.recursos.uoc.edu\/guia-tutories-centres-practiques-curriculars\/es\/wp-json\/wp\/v2\/pages"}],"about":[{"href":"https:\/\/guia-prc-infantil-juvenil.recursos.uoc.edu\/guia-tutories-centres-practiques-curriculars\/es\/wp-json\/wp\/v2\/types\/page"}],"author":[{"embeddable":true,"href":"https:\/\/guia-prc-infantil-juvenil.recursos.uoc.edu\/guia-tutories-centres-practiques-curriculars\/es\/wp-json\/wp\/v2\/users\/1"}],"replies":[{"embeddable":true,"href":"https:\/\/guia-prc-infantil-juvenil.recursos.uoc.edu\/guia-tutories-centres-practiques-curriculars\/es\/wp-json\/wp\/v2\/comments?post=95"}],"version-history":[{"count":4,"href":"https:\/\/guia-prc-infantil-juvenil.recursos.uoc.edu\/guia-tutories-centres-practiques-curriculars\/es\/wp-json\/wp\/v2\/pages\/95\/revisions"}],"predecessor-version":[{"id":221,"href":"https:\/\/guia-prc-infantil-juvenil.recursos.uoc.edu\/guia-tutories-centres-practiques-curriculars\/es\/wp-json\/wp\/v2\/pages\/95\/revisions\/221"}],"wp:attachment":[{"href":"https:\/\/guia-prc-infantil-juvenil.recursos.uoc.edu\/guia-tutories-centres-practiques-curriculars\/es\/wp-json\/wp\/v2\/media?parent=95"}],"curies":[{"name":"wp","href":"https:\/\/api.w.org\/{rel}","templated":true}]}}