{"id":85,"date":"2025-03-24T15:28:16","date_gmt":"2025-03-24T13:28:16","guid":{"rendered":"https:\/\/guia-prc-infantil-juvenil.recursos.uoc.edu\/guia-tutories-centres-practiques-curriculars\/?page_id=85"},"modified":"2025-04-09T09:28:31","modified_gmt":"2025-04-09T07:28:31","slug":"1-2-cuando-se-cursa-el-practicum","status":"publish","type":"page","link":"https:\/\/guia-prc-infantil-juvenil.recursos.uoc.edu\/guia-tutories-centres-practiques-curriculars\/es\/1-2-cuando-se-cursa-el-practicum\/","title":{"rendered":"1.2. \u00bfCu\u00e1ndo se cursa el Pr\u00e1cticum?"},"content":{"rendered":"<p>De acuerdo con el plan de estudios, que puede encontrarse en la p\u00e1gina web de la UOC, el Pr\u00e1cticum es <b>una de las \u00faltimas asignaturas del plan de estudios<\/b> del m\u00e1ster universitario de Psicolog\u00eda Infantil y Juvenil. As\u00ed pues, la experiencia en el mundo profesional llega despu\u00e9s de un periodo de formaci\u00f3n previa y habiendo cursado el grueso de asignaturas obligatorias de la titulaci\u00f3n.<\/p>\n<p>Si se desea consultar cu\u00e1les son estas asignaturas y el contenido que se trabaja, puede encontrarse informaci\u00f3n en la p\u00e1gina web de la UOC.<\/p>\n","protected":false},"excerpt":{"rendered":"<p>De acuerdo con el plan de estudios, que puede encontrarse en la p\u00e1gina web de la UOC, el Pr\u00e1cticum es una de las \u00faltimas asignaturas del plan de estudios del m\u00e1ster universitario de Psicolog\u00eda Infantil y Juvenil. As\u00ed pues, la experiencia en el mundo profesional llega despu\u00e9s de un periodo de formaci\u00f3n previa y habiendo [&hellip;]<\/p>\n","protected":false},"author":1,"featured_media":0,"parent":0,"menu_order":0,"comment_status":"closed","ping_status":"closed","template":"","meta":{"_acf_changed":false,"footnotes":""},"acf":[],"_links":{"self":[{"href":"https:\/\/guia-prc-infantil-juvenil.recursos.uoc.edu\/guia-tutories-centres-practiques-curriculars\/es\/wp-json\/wp\/v2\/pages\/85"}],"collection":[{"href":"https:\/\/guia-prc-infantil-juvenil.recursos.uoc.edu\/guia-tutories-centres-practiques-curriculars\/es\/wp-json\/wp\/v2\/pages"}],"about":[{"href":"https:\/\/guia-prc-infantil-juvenil.recursos.uoc.edu\/guia-tutories-centres-practiques-curriculars\/es\/wp-json\/wp\/v2\/types\/page"}],"author":[{"embeddable":true,"href":"https:\/\/guia-prc-infantil-juvenil.recursos.uoc.edu\/guia-tutories-centres-practiques-curriculars\/es\/wp-json\/wp\/v2\/users\/1"}],"replies":[{"embeddable":true,"href":"https:\/\/guia-prc-infantil-juvenil.recursos.uoc.edu\/guia-tutories-centres-practiques-curriculars\/es\/wp-json\/wp\/v2\/comments?post=85"}],"version-history":[{"count":3,"href":"https:\/\/guia-prc-infantil-juvenil.recursos.uoc.edu\/guia-tutories-centres-practiques-curriculars\/es\/wp-json\/wp\/v2\/pages\/85\/revisions"}],"predecessor-version":[{"id":129,"href":"https:\/\/guia-prc-infantil-juvenil.recursos.uoc.edu\/guia-tutories-centres-practiques-curriculars\/es\/wp-json\/wp\/v2\/pages\/85\/revisions\/129"}],"wp:attachment":[{"href":"https:\/\/guia-prc-infantil-juvenil.recursos.uoc.edu\/guia-tutories-centres-practiques-curriculars\/es\/wp-json\/wp\/v2\/media?parent=85"}],"curies":[{"name":"wp","href":"https:\/\/api.w.org\/{rel}","templated":true}]}}