{"id":83,"date":"2025-03-24T15:25:32","date_gmt":"2025-03-24T13:25:32","guid":{"rendered":"https:\/\/guia-prc-infantil-juvenil.recursos.uoc.edu\/guia-tutories-centres-practiques-curriculars\/?page_id=83"},"modified":"2025-04-08T19:21:09","modified_gmt":"2025-04-08T17:21:09","slug":"introduccion","status":"publish","type":"page","link":"https:\/\/guia-prc-infantil-juvenil.recursos.uoc.edu\/guia-tutories-centres-practiques-curriculars\/es\/","title":{"rendered":"Introducci\u00f3n"},"content":{"rendered":"<p>En esta gu\u00eda puede encontrarse la <strong>informaci\u00f3n b\u00e1sica de la asignatura del Pr\u00e1cticum <\/strong>que se imparte en la titulaci\u00f3n del m\u00e1ster universitario en Psicolog\u00eda Infantil y Juvenil: T\u00e9cnicas y Estrategias de Intervenci\u00f3n de la Universitat Oberta de Catalunya (UOC). Se explica qu\u00e9 es el Pr\u00e1cticum, cu\u00e1les son sus objetivos b\u00e1sicos, los requisitos necesarios y las actividades de seguimiento y de evaluaci\u00f3n que se llevan a cabo, entre otras cuestiones.<\/p>\n<p>Aprovechamos esta ocasi\u00f3n por <strong>agradeceros vuestra colaboraci\u00f3n como centro de pr\u00e1cticas externo<\/strong>.<\/p>\n","protected":false},"excerpt":{"rendered":"<p>En esta gu\u00eda puede encontrarse la informaci\u00f3n b\u00e1sica de la asignatura del Pr\u00e1cticum que se imparte en la titulaci\u00f3n del m\u00e1ster universitario en Psicolog\u00eda Infantil y Juvenil: T\u00e9cnicas y Estrategias de Intervenci\u00f3n de la Universitat Oberta de Catalunya (UOC). Se explica qu\u00e9 es el Pr\u00e1cticum, cu\u00e1les son sus objetivos b\u00e1sicos, los requisitos necesarios y las [&hellip;]<\/p>\n","protected":false},"author":1,"featured_media":0,"parent":0,"menu_order":0,"comment_status":"closed","ping_status":"closed","template":"","meta":{"_acf_changed":false,"footnotes":""},"acf":[],"_links":{"self":[{"href":"https:\/\/guia-prc-infantil-juvenil.recursos.uoc.edu\/guia-tutories-centres-practiques-curriculars\/es\/wp-json\/wp\/v2\/pages\/83"}],"collection":[{"href":"https:\/\/guia-prc-infantil-juvenil.recursos.uoc.edu\/guia-tutories-centres-practiques-curriculars\/es\/wp-json\/wp\/v2\/pages"}],"about":[{"href":"https:\/\/guia-prc-infantil-juvenil.recursos.uoc.edu\/guia-tutories-centres-practiques-curriculars\/es\/wp-json\/wp\/v2\/types\/page"}],"author":[{"embeddable":true,"href":"https:\/\/guia-prc-infantil-juvenil.recursos.uoc.edu\/guia-tutories-centres-practiques-curriculars\/es\/wp-json\/wp\/v2\/users\/1"}],"replies":[{"embeddable":true,"href":"https:\/\/guia-prc-infantil-juvenil.recursos.uoc.edu\/guia-tutories-centres-practiques-curriculars\/es\/wp-json\/wp\/v2\/comments?post=83"}],"version-history":[{"count":2,"href":"https:\/\/guia-prc-infantil-juvenil.recursos.uoc.edu\/guia-tutories-centres-practiques-curriculars\/es\/wp-json\/wp\/v2\/pages\/83\/revisions"}],"predecessor-version":[{"id":186,"href":"https:\/\/guia-prc-infantil-juvenil.recursos.uoc.edu\/guia-tutories-centres-practiques-curriculars\/es\/wp-json\/wp\/v2\/pages\/83\/revisions\/186"}],"wp:attachment":[{"href":"https:\/\/guia-prc-infantil-juvenil.recursos.uoc.edu\/guia-tutories-centres-practiques-curriculars\/es\/wp-json\/wp\/v2\/media?parent=83"}],"curies":[{"name":"wp","href":"https:\/\/api.w.org\/{rel}","templated":true}]}}