{"id":81,"date":"2025-03-24T15:26:41","date_gmt":"2025-03-24T13:26:41","guid":{"rendered":"https:\/\/guia-prc-infantil-juvenil.recursos.uoc.edu\/guia-tutories-centres-practiques-curriculars\/?page_id=81"},"modified":"2026-01-23T13:39:47","modified_gmt":"2026-01-23T11:39:47","slug":"1-1-introduccion","status":"publish","type":"page","link":"https:\/\/guia-prc-infantil-juvenil.recursos.uoc.edu\/guia-tutories-centres-practiques-curriculars\/es\/1-1-introduccion\/","title":{"rendered":"1.1. Introducci\u00f3n"},"content":{"rendered":"<p>El plan de estudios del m\u00e1ster universitario en Psicolog\u00eda Infantil y Juvenil contiene <strong>la asignatura obligatoria de nueve cr\u00e9ditos, el Pr\u00e1cticum,<\/strong> <strong>mediante la cual el estudiantado puede poner en pr\u00e1ctica las competencias<\/strong> <strong>que<\/strong> hasta este momento <strong>ha ido trabajando y desarrollando a lo largo del m\u00e1ster<\/strong>. As\u00ed pues, se convierte en una oportunidad \u00fanica para observar y aprender, de primera mano, de otros profesionales de la psicolog\u00eda en el \u00e1mbito de la salud mental infantil y juvenil.<\/p>\n<div class=\"featured featured-blue\"><p>Tal como lo define Zabalza (2016), el Pr\u00e1cticum permite al estudiantado formarse con otras figuras profesionales e instituciones fuera de la universidad, enriquecer el contexto en el que se produce esta formaci\u00f3n, adquirir tareas y responsabilidades diferentes de las que ha asumido hasta entonces, y aprender a partir de un trabajo pr\u00e1ctico.<\/p>\n<\/div>\n<p>Hay que destacar que, para poder superar la asignatura del Pr\u00e1cticum,<strong> se requieren ciento cincuenta horas de actividad en el centro,<\/strong> adem\u00e1s de toda una serie de actividades complementarias, propuestas por el equipo docente, que se llevan a cabo en el aula virtual de la UOC.<\/p>\n<p>Las horas de actividad en el centro se deben hacer dentro del periodo lectivo del semestre, es decir, aproximadamente entre los meses de octubre a enero o de marzo a junio. Adem\u00e1s, es necesario que el centro de pr\u00e1cticas designe una tutor\u00eda del estudiantado; es decir, una persona que pueda hacer su seguimiento pr\u00e1ctico, resolver las dudas que le surjan durante las pr\u00e1cticas en el centro, y tambi\u00e9n que eval\u00fae al estudiantado al finalizar el semestre. Toda la informaci\u00f3n necesaria para desarrollar este rol puede encontrarse detallada en esta gu\u00eda.<\/p>\n","protected":false},"excerpt":{"rendered":"<p>El plan de estudios del m\u00e1ster universitario en Psicolog\u00eda Infantil y Juvenil contiene la asignatura obligatoria de nueve cr\u00e9ditos, el Pr\u00e1cticum, mediante la cual el estudiantado puede poner en pr\u00e1ctica las competencias que hasta este momento ha ido trabajando y desarrollando a lo largo del m\u00e1ster. As\u00ed pues, se convierte en una oportunidad \u00fanica para [&hellip;]<\/p>\n","protected":false},"author":1,"featured_media":0,"parent":0,"menu_order":0,"comment_status":"closed","ping_status":"closed","template":"","meta":{"_acf_changed":false,"footnotes":""},"acf":[],"_links":{"self":[{"href":"https:\/\/guia-prc-infantil-juvenil.recursos.uoc.edu\/guia-tutories-centres-practiques-curriculars\/es\/wp-json\/wp\/v2\/pages\/81"}],"collection":[{"href":"https:\/\/guia-prc-infantil-juvenil.recursos.uoc.edu\/guia-tutories-centres-practiques-curriculars\/es\/wp-json\/wp\/v2\/pages"}],"about":[{"href":"https:\/\/guia-prc-infantil-juvenil.recursos.uoc.edu\/guia-tutories-centres-practiques-curriculars\/es\/wp-json\/wp\/v2\/types\/page"}],"author":[{"embeddable":true,"href":"https:\/\/guia-prc-infantil-juvenil.recursos.uoc.edu\/guia-tutories-centres-practiques-curriculars\/es\/wp-json\/wp\/v2\/users\/1"}],"replies":[{"embeddable":true,"href":"https:\/\/guia-prc-infantil-juvenil.recursos.uoc.edu\/guia-tutories-centres-practiques-curriculars\/es\/wp-json\/wp\/v2\/comments?post=81"}],"version-history":[{"count":3,"href":"https:\/\/guia-prc-infantil-juvenil.recursos.uoc.edu\/guia-tutories-centres-practiques-curriculars\/es\/wp-json\/wp\/v2\/pages\/81\/revisions"}],"predecessor-version":[{"id":205,"href":"https:\/\/guia-prc-infantil-juvenil.recursos.uoc.edu\/guia-tutories-centres-practiques-curriculars\/es\/wp-json\/wp\/v2\/pages\/81\/revisions\/205"}],"wp:attachment":[{"href":"https:\/\/guia-prc-infantil-juvenil.recursos.uoc.edu\/guia-tutories-centres-practiques-curriculars\/es\/wp-json\/wp\/v2\/media?parent=81"}],"curies":[{"name":"wp","href":"https:\/\/api.w.org\/{rel}","templated":true}]}}