{"id":103,"date":"2025-03-24T15:33:49","date_gmt":"2025-03-24T13:33:49","guid":{"rendered":"https:\/\/guia-prc-infantil-juvenil.recursos.uoc.edu\/guia-tutories-centres-practiques-curriculars\/?page_id=103"},"modified":"2025-04-09T09:42:34","modified_gmt":"2025-04-09T07:42:34","slug":"4-1-introduccion","status":"publish","type":"page","link":"https:\/\/guia-prc-infantil-juvenil.recursos.uoc.edu\/guia-tutories-centres-practiques-curriculars\/es\/4-1-introduccion\/","title":{"rendered":"4.1. Introducci\u00f3n"},"content":{"rendered":"<p>En las asignaturas de Pr\u00e1cticum el estudiantado recibir\u00e1 <b>dos valoraciones<\/b>: por un lado, de las actividades efectuadas en el aula y, por otro lado, de las participaciones y tareas llevadas a cabo en el centro de pr\u00e1cticas. <b>Cada una de estas valoraciones tendr\u00e1 un peso del 50 % respecto a la nota final de la asignatura, y ser\u00e1 necesario superar ambas partes para poder superar la asignatura<\/b>.<\/p>\n<p>Estos criterios de evaluaci\u00f3n los establece la Comisi\u00f3n del Pr\u00e1cticum, de acuerdo con las directrices facilitadas a las conferencias de vicedecanos de Pr\u00e1cticum de las facultades de Psicolog\u00eda del Estado espa\u00f1ol, y teniendo en cuenta las caracter\u00edsticas propias del modelo pedag\u00f3gico de la UOC.<\/p>\n","protected":false},"excerpt":{"rendered":"<p>En las asignaturas de Pr\u00e1cticum el estudiantado recibir\u00e1 dos valoraciones: por un lado, de las actividades efectuadas en el aula y, por otro lado, de las participaciones y tareas llevadas a cabo en el centro de pr\u00e1cticas. Cada una de estas valoraciones tendr\u00e1 un peso del 50 % respecto a la nota final de la [&hellip;]<\/p>\n","protected":false},"author":1,"featured_media":0,"parent":0,"menu_order":0,"comment_status":"closed","ping_status":"closed","template":"","meta":{"_acf_changed":false,"footnotes":""},"acf":[],"_links":{"self":[{"href":"https:\/\/guia-prc-infantil-juvenil.recursos.uoc.edu\/guia-tutories-centres-practiques-curriculars\/es\/wp-json\/wp\/v2\/pages\/103"}],"collection":[{"href":"https:\/\/guia-prc-infantil-juvenil.recursos.uoc.edu\/guia-tutories-centres-practiques-curriculars\/es\/wp-json\/wp\/v2\/pages"}],"about":[{"href":"https:\/\/guia-prc-infantil-juvenil.recursos.uoc.edu\/guia-tutories-centres-practiques-curriculars\/es\/wp-json\/wp\/v2\/types\/page"}],"author":[{"embeddable":true,"href":"https:\/\/guia-prc-infantil-juvenil.recursos.uoc.edu\/guia-tutories-centres-practiques-curriculars\/es\/wp-json\/wp\/v2\/users\/1"}],"replies":[{"embeddable":true,"href":"https:\/\/guia-prc-infantil-juvenil.recursos.uoc.edu\/guia-tutories-centres-practiques-curriculars\/es\/wp-json\/wp\/v2\/comments?post=103"}],"version-history":[{"count":2,"href":"https:\/\/guia-prc-infantil-juvenil.recursos.uoc.edu\/guia-tutories-centres-practiques-curriculars\/es\/wp-json\/wp\/v2\/pages\/103\/revisions"}],"predecessor-version":[{"id":149,"href":"https:\/\/guia-prc-infantil-juvenil.recursos.uoc.edu\/guia-tutories-centres-practiques-curriculars\/es\/wp-json\/wp\/v2\/pages\/103\/revisions\/149"}],"wp:attachment":[{"href":"https:\/\/guia-prc-infantil-juvenil.recursos.uoc.edu\/guia-tutories-centres-practiques-curriculars\/es\/wp-json\/wp\/v2\/media?parent=103"}],"curies":[{"name":"wp","href":"https:\/\/api.w.org\/{rel}","templated":true}]}}