{"id":47,"date":"2025-03-24T14:56:46","date_gmt":"2025-03-24T12:56:46","guid":{"rendered":"https:\/\/guia-prc-infantil-juvenil.recursos.uoc.edu\/guia-practiques-curriculars-estudiantat\/?page_id=47"},"modified":"2026-01-23T13:26:45","modified_gmt":"2026-01-23T11:26:45","slug":"5-3-avaluacio-per-part-del-centre-de-practiques-extern","status":"publish","type":"page","link":"https:\/\/guia-prc-infantil-juvenil.recursos.uoc.edu\/guia-practiques-curriculars-estudiantat\/5-3-avaluacio-per-part-del-centre-de-practiques-extern\/","title":{"rendered":"5.3. Avaluaci\u00f3 per part del centre de pr\u00e0ctiques extern"},"content":{"rendered":"<p>Quan finalitzeu l\u2019estada de pr\u00e0ctiques al centre, l\u2019equip docent contactar\u00e0 amb la tutoria del centre perqu\u00e8 faci un informe de valoraci\u00f3 de la vostra activitat. Aix\u00ed mateix, al llarg de tot el semestre el centre i l\u2019equip docent tamb\u00e9 estaran en contacte per poder fer un seguiment correcte de la vostra activitat.<\/p>\n<div class=\"tabletitle\"><p>Taula 1. Aspectes que valora el centre de pr\u00e0ctiques<\/p>\n<\/div>\n<table width=\"600\">\n<tbody>\n<tr class=\"table-header\">\n<td width=\"269\"><strong>Tasques<\/strong><\/td>\n<td width=\"331\"><strong>Aspecte que s\u2019avalua<\/strong><\/td>\n<\/tr>\n<tr>\n<td width=\"269\">Compliment, actituds i predisposici\u00f3 de l\u2019estudiantat<\/td>\n<td width=\"331\">\u25cf\u00a0\u00a0\u00a0\u00a0 Regularitat i puntualitat en l\u2019assist\u00e8ncia<\/p>\n<p>\u25cf\u00a0\u00a0\u00a0\u00a0 Disponibilitat i inter\u00e8s per aprendre<\/p>\n<p>\u25cf\u00a0\u00a0\u00a0\u00a0 Capacitat d\u2019adaptaci\u00f3 a les tasques del centre<\/p>\n<p>\u25cf\u00a0\u00a0\u00a0\u00a0 Habilitats d\u2019organitzaci\u00f3 i sistematitzaci\u00f3<\/td>\n<\/tr>\n<tr>\n<td width=\"269\">Coneixements previs i aportacions respecte al tema tractat<\/td>\n<td width=\"331\">\u25cf\u00a0\u00a0\u00a0\u00a0 Adequaci\u00f3 dels coneixements previs<\/p>\n<p>\u25cf\u00a0\u00a0\u00a0\u00a0 Pertinen\u00e7a de les seves aportacions<\/p>\n<p>\u25cf\u00a0\u00a0\u00a0\u00a0 Acompliment de les tasques encomanades<\/p>\n<p>\u25cf\u00a0\u00a0\u00a0\u00a0 Capacitat de presa d\u2019iniciativa<\/p>\n<p>\u25cf\u00a0\u00a0\u00a0\u00a0 Capacitat per analitzar casos i planificar accions<\/p>\n<p>\u25cf\u00a0\u00a0\u00a0\u00a0 Capacitat de resoldre problemes<\/p>\n<p>\u25cf\u00a0\u00a0\u00a0\u00a0 Capacitat d\u2019integrar estrat\u00e8gies d\u2019intervenci\u00f3 i t\u00e8cniques de diferents enfocaments te\u00f2rics en la pr\u00e0ctica cl\u00ednica<\/p>\n<p>\u25cf\u00a0\u00a0\u00a0\u00a0 Actitud oberta i respectuosa envers les diferents formes d\u2019actuaci\u00f3 professional<\/p>\n<p>\u25cf\u00a0\u00a0\u00a0\u00a0 Actuaci\u00f3 responsable, tenint en compte el codi \u00e8tic i deontol\u00f2gic de la professi\u00f3<\/p>\n<p>\u25cf\u00a0\u00a0\u00a0\u00a0 Capacitat per fer una valoraci\u00f3 de l\u2019evoluci\u00f3 dels plans d\u2019intervenci\u00f3<\/p>\n<p>\u25cf\u00a0\u00a0\u00a0\u00a0 Capacitat per comunicar-se en l\u2019entorn terap\u00e8utic de manera efectiva i adaptada a l\u2019interlocutor<\/p>\n<p>\u25cf\u00a0\u00a0\u00a0\u00a0 Actitud oberta a l\u2019hora d\u2019integrar les TIC en la intervenci\u00f3, tenint en compte cada cas i context<\/p>\n<p>\u25cf\u00a0\u00a0\u00a0\u00a0 Consci\u00e8ncia de les mancances i fortaleses personals i professionals i saber identificar les seves necessitats formatives<\/td>\n<\/tr>\n<\/tbody>\n<\/table>\n<div class=\"tablefooter\"><p>Font: elaboraci\u00f3 pr\u00f2pia.<\/p>\n<\/div>\n","protected":false},"excerpt":{"rendered":"<p>Quan finalitzeu l\u2019estada de pr\u00e0ctiques al centre, l\u2019equip docent contactar\u00e0 amb la tutoria del centre perqu\u00e8 faci un informe de valoraci\u00f3 de la vostra activitat. Aix\u00ed mateix, al llarg de tot el semestre el centre i l\u2019equip docent tamb\u00e9 estaran en contacte per poder fer un seguiment correcte de la vostra activitat. Tasques Aspecte que [&hellip;]<\/p>\n","protected":false},"author":1,"featured_media":0,"parent":0,"menu_order":0,"comment_status":"closed","ping_status":"closed","template":"","meta":{"_acf_changed":false,"footnotes":""},"acf":[],"_links":{"self":[{"href":"https:\/\/guia-prc-infantil-juvenil.recursos.uoc.edu\/guia-practiques-curriculars-estudiantat\/wp-json\/wp\/v2\/pages\/47"}],"collection":[{"href":"https:\/\/guia-prc-infantil-juvenil.recursos.uoc.edu\/guia-practiques-curriculars-estudiantat\/wp-json\/wp\/v2\/pages"}],"about":[{"href":"https:\/\/guia-prc-infantil-juvenil.recursos.uoc.edu\/guia-practiques-curriculars-estudiantat\/wp-json\/wp\/v2\/types\/page"}],"author":[{"embeddable":true,"href":"https:\/\/guia-prc-infantil-juvenil.recursos.uoc.edu\/guia-practiques-curriculars-estudiantat\/wp-json\/wp\/v2\/users\/1"}],"replies":[{"embeddable":true,"href":"https:\/\/guia-prc-infantil-juvenil.recursos.uoc.edu\/guia-practiques-curriculars-estudiantat\/wp-json\/wp\/v2\/comments?post=47"}],"version-history":[{"count":5,"href":"https:\/\/guia-prc-infantil-juvenil.recursos.uoc.edu\/guia-practiques-curriculars-estudiantat\/wp-json\/wp\/v2\/pages\/47\/revisions"}],"predecessor-version":[{"id":262,"href":"https:\/\/guia-prc-infantil-juvenil.recursos.uoc.edu\/guia-practiques-curriculars-estudiantat\/wp-json\/wp\/v2\/pages\/47\/revisions\/262"}],"wp:attachment":[{"href":"https:\/\/guia-prc-infantil-juvenil.recursos.uoc.edu\/guia-practiques-curriculars-estudiantat\/wp-json\/wp\/v2\/media?parent=47"}],"curies":[{"name":"wp","href":"https:\/\/api.w.org\/{rel}","templated":true}]}}