{"id":45,"date":"2025-03-24T14:52:48","date_gmt":"2025-03-24T12:52:48","guid":{"rendered":"https:\/\/guia-prc-infantil-juvenil.recursos.uoc.edu\/guia-practiques-curriculars-estudiantat\/?page_id=45"},"modified":"2025-03-25T12:20:31","modified_gmt":"2025-03-25T10:20:31","slug":"5-2-avaluacio-per-part-de-lequip-docent","status":"publish","type":"page","link":"https:\/\/guia-prc-infantil-juvenil.recursos.uoc.edu\/guia-practiques-curriculars-estudiantat\/5-2-avaluacio-per-part-de-lequip-docent\/","title":{"rendered":"5.2. Avaluaci\u00f3 per part de l\u2019equip docent"},"content":{"rendered":"<p>Una de les compet\u00e8ncies i habilitats importants per al conjunt dels i les professionals de la salut mental infantil i juvenil \u00e9s la capacitat d\u2019elaborar adequadament i amb qualitat informes i documents de treball per a clients i clientes, professionals o altres destinataris i audi\u00e8ncies. El Pr\u00e0cticum \u00e9s una oportunitat excel\u00b7lent perqu\u00e8 l\u2019estudiantat posi en pr\u00e0ctica aquestes habilitats i compet\u00e8ncies i aprengui a elaborar un informe prec\u00eds, comprensiu i sistem\u00e0tic en l\u2019exercici d\u2019un paper professional determinat. Per aquesta ra\u00f3, al llarg del semestre <strong>heu de completar unes activitats o mem\u00f2ries, proposades per l\u2019equip docent<\/strong>.<\/p>\n<p>L\u2019avaluaci\u00f3 d\u2019aquestes tasques, per part de l\u2019equip docent, es far\u00e0 com qualsevol activitat que podeu dur a terme en altres assignatures i, com a resultat, la puntuaci\u00f3 que podeu obtenir \u00e9s:<\/p>\n<p>A: qualificaci\u00f3 molt bona<br \/>\nB: qualificaci\u00f3 bona<br \/>\nC+: qualificaci\u00f3 suficient<br \/>\nC-: qualificaci\u00f3 insuficient<br \/>\nD: qualificaci\u00f3 molt baixa<\/p>\n","protected":false},"excerpt":{"rendered":"<p>Una de les compet\u00e8ncies i habilitats importants per al conjunt dels i les professionals de la salut mental infantil i juvenil \u00e9s la capacitat d\u2019elaborar adequadament i amb qualitat informes i documents de treball per a clients i clientes, professionals o altres destinataris i audi\u00e8ncies. El Pr\u00e0cticum \u00e9s una oportunitat excel\u00b7lent perqu\u00e8 l\u2019estudiantat posi en [&hellip;]<\/p>\n","protected":false},"author":1,"featured_media":0,"parent":0,"menu_order":0,"comment_status":"closed","ping_status":"closed","template":"","meta":{"_acf_changed":false,"footnotes":""},"acf":[],"_links":{"self":[{"href":"https:\/\/guia-prc-infantil-juvenil.recursos.uoc.edu\/guia-practiques-curriculars-estudiantat\/wp-json\/wp\/v2\/pages\/45"}],"collection":[{"href":"https:\/\/guia-prc-infantil-juvenil.recursos.uoc.edu\/guia-practiques-curriculars-estudiantat\/wp-json\/wp\/v2\/pages"}],"about":[{"href":"https:\/\/guia-prc-infantil-juvenil.recursos.uoc.edu\/guia-practiques-curriculars-estudiantat\/wp-json\/wp\/v2\/types\/page"}],"author":[{"embeddable":true,"href":"https:\/\/guia-prc-infantil-juvenil.recursos.uoc.edu\/guia-practiques-curriculars-estudiantat\/wp-json\/wp\/v2\/users\/1"}],"replies":[{"embeddable":true,"href":"https:\/\/guia-prc-infantil-juvenil.recursos.uoc.edu\/guia-practiques-curriculars-estudiantat\/wp-json\/wp\/v2\/comments?post=45"}],"version-history":[{"count":1,"href":"https:\/\/guia-prc-infantil-juvenil.recursos.uoc.edu\/guia-practiques-curriculars-estudiantat\/wp-json\/wp\/v2\/pages\/45\/revisions"}],"predecessor-version":[{"id":46,"href":"https:\/\/guia-prc-infantil-juvenil.recursos.uoc.edu\/guia-practiques-curriculars-estudiantat\/wp-json\/wp\/v2\/pages\/45\/revisions\/46"}],"wp:attachment":[{"href":"https:\/\/guia-prc-infantil-juvenil.recursos.uoc.edu\/guia-practiques-curriculars-estudiantat\/wp-json\/wp\/v2\/media?parent=45"}],"curies":[{"name":"wp","href":"https:\/\/api.w.org\/{rel}","templated":true}]}}