{"id":43,"date":"2025-03-24T14:52:10","date_gmt":"2025-03-24T12:52:10","guid":{"rendered":"https:\/\/guia-prc-infantil-juvenil.recursos.uoc.edu\/guia-practiques-curriculars-estudiantat\/?page_id=43"},"modified":"2025-03-24T14:52:10","modified_gmt":"2025-03-24T12:52:10","slug":"5-1-introduccio","status":"publish","type":"page","link":"https:\/\/guia-prc-infantil-juvenil.recursos.uoc.edu\/guia-practiques-curriculars-estudiantat\/5-1-introduccio\/","title":{"rendered":"5.1. Introducci\u00f3"},"content":{"rendered":"<p>A l\u2019assignatura del Pr\u00e0cticum rebreu <strong>dues valoracions<\/strong>: d\u2019una banda, de les activitats fetes a l\u2019aula i, de l\u2019altra, de les participacions i tasques dutes a terme al centre de pr\u00e0ctiques. <strong>Cadascuna d\u2019aquestes valoracions t\u00e9 un pes del 50 % respecte a la nota final de l\u2019assignatura, i \u00e9s necessari aprovar les dues parts per poder superar aquesta assignatura<\/strong>.<\/p>\n<p>En cas que no aproveu una de les dues parts del Pr\u00e0cticum, l\u2019assignatura quedar\u00e0 com a no superada i caldr\u00e0 tornar-la a cursar sencera, \u00e9s a dir, tant el treball a l\u2019aula com l\u2019estada al centre de pr\u00e0ctiques. Per tant, no es conserva en cap cas la qualificaci\u00f3 de la part superada.<\/p>\n<p>Els criteris d\u2019avaluaci\u00f3 els estableix la Comissi\u00f3 del Pr\u00e0cticum d\u2019acord amb les directrius facilitades a les confer\u00e8ncies de vicedegans de Pr\u00e0cticum de les facultats de Psicologia de l\u2019Estat espanyol, i tenint en compte les caracter\u00edstiques pr\u00f2pies del model pedag\u00f2gic de la UOC.<\/p>\n<p>A m\u00e9s, <strong>en finalitzar el semestre rebreu una enquesta de satisfacci\u00f3<\/strong> per avaluar el proc\u00e9s i procediment de pr\u00e0ctiques, el centre extern i l\u2019equip docent. Us animem a omplir aquesta enquesta, que ens ser\u00e0 molt \u00fatil per con\u00e8ixer la vostra opini\u00f3 i millorar, aix\u00ed, l\u2019assignatura i els processos que se\u2019n deriven!<\/p>\n<p>A continuaci\u00f3, posarem el focus en l\u2019avaluaci\u00f3 que rebreu per part de l\u2019equip docent i per part del centre de pr\u00e0ctiques extern.<\/p>\n","protected":false},"excerpt":{"rendered":"<p>A l\u2019assignatura del Pr\u00e0cticum rebreu dues valoracions: d\u2019una banda, de les activitats fetes a l\u2019aula i, de l\u2019altra, de les participacions i tasques dutes a terme al centre de pr\u00e0ctiques. Cadascuna d\u2019aquestes valoracions t\u00e9 un pes del 50 % respecte a la nota final de l\u2019assignatura, i \u00e9s necessari aprovar les dues parts per poder [&hellip;]<\/p>\n","protected":false},"author":1,"featured_media":0,"parent":0,"menu_order":0,"comment_status":"closed","ping_status":"closed","template":"","meta":{"_acf_changed":false,"footnotes":""},"acf":[],"_links":{"self":[{"href":"https:\/\/guia-prc-infantil-juvenil.recursos.uoc.edu\/guia-practiques-curriculars-estudiantat\/wp-json\/wp\/v2\/pages\/43"}],"collection":[{"href":"https:\/\/guia-prc-infantil-juvenil.recursos.uoc.edu\/guia-practiques-curriculars-estudiantat\/wp-json\/wp\/v2\/pages"}],"about":[{"href":"https:\/\/guia-prc-infantil-juvenil.recursos.uoc.edu\/guia-practiques-curriculars-estudiantat\/wp-json\/wp\/v2\/types\/page"}],"author":[{"embeddable":true,"href":"https:\/\/guia-prc-infantil-juvenil.recursos.uoc.edu\/guia-practiques-curriculars-estudiantat\/wp-json\/wp\/v2\/users\/1"}],"replies":[{"embeddable":true,"href":"https:\/\/guia-prc-infantil-juvenil.recursos.uoc.edu\/guia-practiques-curriculars-estudiantat\/wp-json\/wp\/v2\/comments?post=43"}],"version-history":[{"count":1,"href":"https:\/\/guia-prc-infantil-juvenil.recursos.uoc.edu\/guia-practiques-curriculars-estudiantat\/wp-json\/wp\/v2\/pages\/43\/revisions"}],"predecessor-version":[{"id":44,"href":"https:\/\/guia-prc-infantil-juvenil.recursos.uoc.edu\/guia-practiques-curriculars-estudiantat\/wp-json\/wp\/v2\/pages\/43\/revisions\/44"}],"wp:attachment":[{"href":"https:\/\/guia-prc-infantil-juvenil.recursos.uoc.edu\/guia-practiques-curriculars-estudiantat\/wp-json\/wp\/v2\/media?parent=43"}],"curies":[{"name":"wp","href":"https:\/\/api.w.org\/{rel}","templated":true}]}}