{"id":41,"date":"2025-03-24T14:51:37","date_gmt":"2025-03-24T12:51:37","guid":{"rendered":"https:\/\/guia-prc-infantil-juvenil.recursos.uoc.edu\/guia-practiques-curriculars-estudiantat\/?page_id=41"},"modified":"2026-01-23T13:16:25","modified_gmt":"2026-01-23T11:16:25","slug":"4-agents-que-intervenen","status":"publish","type":"page","link":"https:\/\/guia-prc-infantil-juvenil.recursos.uoc.edu\/guia-practiques-curriculars-estudiantat\/4-agents-que-intervenen\/","title":{"rendered":"4. Agents que intervenen"},"content":{"rendered":"<p>Com heu vist, el Pr\u00e0cticum requereix un alt nivell de gesti\u00f3 i col\u00b7laboraci\u00f3; \u00e9s per aquesta ra\u00f3, <strong>que en aquesta assignatura intervenen diferents agents <\/strong>que la fan possible. M\u00e9s concretament, per part de la UOC hi intervenen la <strong>Comissi\u00f3 del Pr\u00e0cticum<\/strong>, l\u2019<strong>equip docent<\/strong> i la vostra <strong>tutoria acad\u00e8mica<\/strong>, i per part del centre de pr\u00e0ctiques, la <strong>tutoria del centre<\/strong>. A continuaci\u00f3, es detallen les funcions d\u2019aquests agents.<\/p>\n<p>Aix\u00ed mateix, cal que llegiu amb atenci\u00f3 els requisits associats a la figura de la tutoria del centre de pr\u00e0ctiques, especialment en el cas que proposeu un centre de pr\u00e0ctiques en modalitat directa, \u00e9s a dir, un centre que no hagi col\u00b7laborat pr\u00e8viament amb la UOC.<\/p>\n<p><strong>Comissi\u00f3 del Pr\u00e0cticum<\/strong>: la Comissi\u00f3 del Pr\u00e0cticum est\u00e0 formada per professorat propi dels Estudis de Psicologia, aix\u00ed com per personal de gesti\u00f3 dels mateixos Estudis i del Servei de Pr\u00e0ctiques i Mobilitat.<\/p>\n<p>La Comissi\u00f3 del Pr\u00e0cticum \u00e9s la responsable de:<\/p>\n<ul>\n<li>Gestionar el procediment de pr\u00e0ctiques.<\/li>\n<li>Vetllar pel correcte desenvolupament del Pr\u00e0cticum.<\/li>\n<li>Garantir el bon funcionament de les relacions entre l\u2019estudiantat, l\u2019equip docent i els centres de pr\u00e0ctiques externs.<\/li>\n<\/ul>\n<p><strong>Equip docent de la UOC: <\/strong>dins de l&#8217;equip docent de la UOC es poden distingir dues figures. D\u2019una banda, el <strong>professorat responsable de l\u2019assignatura<\/strong>, que coordina l\u2019assignatura del Pr\u00e0cticum i, de l\u2019altra, el <strong>personal docent col\u00b7laborador<\/strong>, que \u00e9s la figura docent que trobareu a l\u2019aula virtual i que us acompanya al llarg del proc\u00e9s d\u2019aprenentatge.\u00a0De manera conjunta, l&#8217;equip docent:<\/p>\n<ul>\n<li>Elabora el pla docent de l\u2019assignatura i defineix les activitats que s\u2019han de dur a terme durant el semestre.<\/li>\n<li>Coordina i fa el seguiment del desenvolupament d\u2019aquestes activitats.<\/li>\n<li>Avalua les activitats fetes a l\u2019aula virtual.<\/li>\n<li>Mant\u00e9 el contacte amb el centre de pr\u00e0ctiques per con\u00e8ixer i fer el seguiment del desenvolupament de la vostra estada.<\/li>\n<\/ul>\n<p><strong>Tutoria de la UOC: <\/strong>com sabeu, al llarg de tota la titulaci\u00f3 disposeu d&#8217;una tutoria acad\u00e8mica, que <strong>us acompanyar\u00e0 i orientar\u00e0 si teniu qualsevol dubte<\/strong> en relaci\u00f3 amb l\u2019assignatura del Pr\u00e0cticum.<\/p>\n<p><strong>Tutoria del centre de pr\u00e0ctiques:<\/strong> la tutoria del centre de pr\u00e0ctiques \u00e9s la persona professional en actiu encarregada d\u2019<strong>acompanyar-vos durant l\u2019estada al centre de pr\u00e0ctiques.<\/strong> Les seves funcions principals s\u00f3n:<\/p>\n<ul>\n<li>Supervisar la vostra assist\u00e8ncia, actitud, participaci\u00f3 i rendiment.<\/li>\n<li>Atendre les vostres consultes, tant te\u00f2riques com pr\u00e0ctiques.<\/li>\n<li>Avaluar el vostre desenvolupament al centre de pr\u00e0ctiques.<\/li>\n<\/ul>\n<p><strong>Requisits de la tutoria de centre: <\/strong>la persona que exerceix la tutoria de centre ha de complir uns requisits acad\u00e8mics i professionals, que cal tenir especialment presents si proposeu un centre en modalitat directa:<\/p>\n<ul>\n<li>Disposar de la <strong>titulaci\u00f3 de Psicologia, Psicopedagogia o Psiquiatria<\/strong>, en l\u2019especialitat infantil.<\/li>\n<li>Tenir una <strong>experi\u00e8ncia professional m\u00ednima de cinc anys <\/strong>en l\u2019\u00e0mbit de la intervenci\u00f3 en salut mental infantil i juvenil.<\/li>\n<li>Tenir la previsi\u00f3 de continuar treballant al centre durant tot el per\u00edode del Pr\u00e0cticum, amb una <strong>dedicaci\u00f3 alta<\/strong> en l\u2019\u00e0mbit d\u2019aplicaci\u00f3 sol\u00b7licitat.<\/li>\n<\/ul>\n<p>Aquests requisits els heu de tenir molt presents si sol\u00b7liciteu un centre que heu proposat vosaltres, malgrat que la UOC tamb\u00e9 revisar\u00e0 que es compleixen aquests criteris. En els centres que ja col\u00b7laboren amb la Universitat, la revisi\u00f3 dels requisits ja s\u2019ha fet pr\u00e8viament a la publicaci\u00f3 de l\u2019oferta.<\/p>\n","protected":false},"excerpt":{"rendered":"<p>Com heu vist, el Pr\u00e0cticum requereix un alt nivell de gesti\u00f3 i col\u00b7laboraci\u00f3; \u00e9s per aquesta ra\u00f3, que en aquesta assignatura intervenen diferents agents que la fan possible. M\u00e9s concretament, per part de la UOC hi intervenen la Comissi\u00f3 del Pr\u00e0cticum, l\u2019equip docent i la vostra tutoria acad\u00e8mica, i per part del centre de pr\u00e0ctiques, [&hellip;]<\/p>\n","protected":false},"author":1,"featured_media":0,"parent":0,"menu_order":0,"comment_status":"closed","ping_status":"closed","template":"","meta":{"_acf_changed":false,"footnotes":""},"acf":[],"_links":{"self":[{"href":"https:\/\/guia-prc-infantil-juvenil.recursos.uoc.edu\/guia-practiques-curriculars-estudiantat\/wp-json\/wp\/v2\/pages\/41"}],"collection":[{"href":"https:\/\/guia-prc-infantil-juvenil.recursos.uoc.edu\/guia-practiques-curriculars-estudiantat\/wp-json\/wp\/v2\/pages"}],"about":[{"href":"https:\/\/guia-prc-infantil-juvenil.recursos.uoc.edu\/guia-practiques-curriculars-estudiantat\/wp-json\/wp\/v2\/types\/page"}],"author":[{"embeddable":true,"href":"https:\/\/guia-prc-infantil-juvenil.recursos.uoc.edu\/guia-practiques-curriculars-estudiantat\/wp-json\/wp\/v2\/users\/1"}],"replies":[{"embeddable":true,"href":"https:\/\/guia-prc-infantil-juvenil.recursos.uoc.edu\/guia-practiques-curriculars-estudiantat\/wp-json\/wp\/v2\/comments?post=41"}],"version-history":[{"count":5,"href":"https:\/\/guia-prc-infantil-juvenil.recursos.uoc.edu\/guia-practiques-curriculars-estudiantat\/wp-json\/wp\/v2\/pages\/41\/revisions"}],"predecessor-version":[{"id":256,"href":"https:\/\/guia-prc-infantil-juvenil.recursos.uoc.edu\/guia-practiques-curriculars-estudiantat\/wp-json\/wp\/v2\/pages\/41\/revisions\/256"}],"wp:attachment":[{"href":"https:\/\/guia-prc-infantil-juvenil.recursos.uoc.edu\/guia-practiques-curriculars-estudiantat\/wp-json\/wp\/v2\/media?parent=41"}],"curies":[{"name":"wp","href":"https:\/\/api.w.org\/{rel}","templated":true}]}}