{"id":29,"date":"2025-03-24T14:48:23","date_gmt":"2025-03-24T12:48:23","guid":{"rendered":"https:\/\/guia-prc-infantil-juvenil.recursos.uoc.edu\/guia-practiques-curriculars-estudiantat\/?page_id=29"},"modified":"2026-02-11T11:01:50","modified_gmt":"2026-02-11T09:01:50","slug":"2-2-caracteristiques-dels-centres-de-practiques","status":"publish","type":"page","link":"https:\/\/guia-prc-infantil-juvenil.recursos.uoc.edu\/guia-practiques-curriculars-estudiantat\/2-2-caracteristiques-dels-centres-de-practiques\/","title":{"rendered":"2.2. Caracter\u00edstiques dels centres de pr\u00e0ctiques"},"content":{"rendered":"<p>Els centres on es desenvolupen les pr\u00e0ctiques poden ser: institucions p\u00fabliques o privades dedicades a l\u2019atenci\u00f3 psicol\u00f2gica i psicopedag\u00f2gica infantil i juvenil (xarxa sanit\u00e0ria p\u00fablica, gabinets cl\u00ednics i psicopedag\u00f2gics privats, associacions de familiars i de pacients, serveis socials, etc.). A m\u00e9s, han de reunir el conjunt de caracter\u00edstiques que es detallen a continuaci\u00f3.<\/p>\n<p>Els centres han d\u2019assegurar que la major part de les tasques que fa l\u2019estudiantat estan relacionades directament amb la intervenci\u00f3 psicol\u00f2gica infantil o juvenil, i pot dedicar la resta del temps a altres q\u00fcestions pr\u00f2pies de l\u2019activitat del centre de pr\u00e0ctiques i, igualment, relacionades amb la poblaci\u00f3 infantojuvenil.<\/p>\n<p>De manera m\u00e9s concreta i en funci\u00f3 de les caracter\u00edstiques del centre, les tasques que es poden desenvolupar s\u00f3n les seg\u00fcents.<\/p>\n<ul>\n<li><strong>Centres dedicats a atenci\u00f3 psicol\u00f2gica infantil i juvenil: <\/strong>han d\u2019assegurar que almenys el 50 % de les tasques que l\u2019estudiantat far\u00e0 estan relacionades directament amb la intervenci\u00f3 de poblaci\u00f3 infantil o juvenil o amb amb les seves fam\u00edlies o tutories. La resta d\u2019activitats poden estar relacionades amb l\u2019avaluaci\u00f3 psicol\u00f2gica, la planificaci\u00f3 i el disseny de plans d\u2019intervenci\u00f3 o psicopedagogia.<\/li>\n<li><strong>Centres de psicopedagogia, EAP, atenci\u00f3 dins de l\u2019\u00e0mbit escolar: <\/strong>han d\u2019assegurar que almenys el 50 % de les tasques que l\u2019estudiantat far\u00e0 estan relacionades directament amb la intervenci\u00f3 de poblaci\u00f3 infantil o juvenil o amb amb les seves fam\u00edlies o tutories. La resta d\u2019activitats poden estar relacionades amb psicopedagogia (reeducacions, atenci\u00f3 dins de l\u2019\u00e0mbit escolar, pautes a mestres, orientaci\u00f3 escolar, etc.). En aquests centres <strong>es requereix intervenci\u00f3 directa amb poblaci\u00f3 infantil o juvenil<\/strong>.<\/li>\n<li><strong>Centres de serveis socials:<\/strong> han d\u2019assegurar que almenys el 50 % de les tasques que l\u2019estudiantat far\u00e0 estan relacionades directament amb la intervenci\u00f3 de poblaci\u00f3 infantil o juvenil o amb les seves fam\u00edlies o tutories.<\/li>\n<\/ul>\n<div class=\"featured featured-blue\"><p><strong>Recordeu que\u2026<\/strong><\/p>\n<p>L\u2019objectiu principal del m\u00e0ster \u00e9s formar l\u2019estudiantat en la integraci\u00f3 de t\u00e8cniques i estrat\u00e8gies d\u2019intervenci\u00f3 en salut mental infantil i juvenil basades en diversos models te\u00f2rics (cognitivoconductual, sist\u00e8mic, humanista i psicodin\u00e0mic). Per aix\u00f2, es valora que els centres adoptin un abordatge integrador en la seva pr\u00e0ctica habitual.<\/p>\n<p>En cas que aix\u00f2 no sigui possible, heu de planificar un pla d\u2019intervenci\u00f3 per a cada cas real aplicant l\u2019enfocament integrador apr\u00e8s al m\u00e0ster. \u00c9s desitjable que els centres mostrin una actitud oberta i facilitin aquesta tasca.<\/p>\n<p>A m\u00e9s, es busca que com a estudiantat en pr\u00e0ctiques:<\/p>\n<ul>\n<li>Estigueu en contacte amb un entorn on es poden desenvolupar intervencions en salut mental infantil i juvenil.<\/li>\n<li>Adquiriu eines per treballar amb equips multidisciplinaris des de la perspectiva dels professionals del sector.<\/li>\n<\/ul>\n<p>\n<\/div>\n","protected":false},"excerpt":{"rendered":"<p>Els centres on es desenvolupen les pr\u00e0ctiques poden ser: institucions p\u00fabliques o privades dedicades a l\u2019atenci\u00f3 psicol\u00f2gica i psicopedag\u00f2gica infantil i juvenil (xarxa sanit\u00e0ria p\u00fablica, gabinets cl\u00ednics i psicopedag\u00f2gics privats, associacions de familiars i de pacients, serveis socials, etc.). A m\u00e9s, han de reunir el conjunt de caracter\u00edstiques que es detallen a continuaci\u00f3. Els centres [&hellip;]<\/p>\n","protected":false},"author":1,"featured_media":0,"parent":0,"menu_order":0,"comment_status":"closed","ping_status":"closed","template":"","meta":{"_acf_changed":false,"footnotes":""},"acf":[],"_links":{"self":[{"href":"https:\/\/guia-prc-infantil-juvenil.recursos.uoc.edu\/guia-practiques-curriculars-estudiantat\/wp-json\/wp\/v2\/pages\/29"}],"collection":[{"href":"https:\/\/guia-prc-infantil-juvenil.recursos.uoc.edu\/guia-practiques-curriculars-estudiantat\/wp-json\/wp\/v2\/pages"}],"about":[{"href":"https:\/\/guia-prc-infantil-juvenil.recursos.uoc.edu\/guia-practiques-curriculars-estudiantat\/wp-json\/wp\/v2\/types\/page"}],"author":[{"embeddable":true,"href":"https:\/\/guia-prc-infantil-juvenil.recursos.uoc.edu\/guia-practiques-curriculars-estudiantat\/wp-json\/wp\/v2\/users\/1"}],"replies":[{"embeddable":true,"href":"https:\/\/guia-prc-infantil-juvenil.recursos.uoc.edu\/guia-practiques-curriculars-estudiantat\/wp-json\/wp\/v2\/comments?post=29"}],"version-history":[{"count":8,"href":"https:\/\/guia-prc-infantil-juvenil.recursos.uoc.edu\/guia-practiques-curriculars-estudiantat\/wp-json\/wp\/v2\/pages\/29\/revisions"}],"predecessor-version":[{"id":273,"href":"https:\/\/guia-prc-infantil-juvenil.recursos.uoc.edu\/guia-practiques-curriculars-estudiantat\/wp-json\/wp\/v2\/pages\/29\/revisions\/273"}],"wp:attachment":[{"href":"https:\/\/guia-prc-infantil-juvenil.recursos.uoc.edu\/guia-practiques-curriculars-estudiantat\/wp-json\/wp\/v2\/media?parent=29"}],"curies":[{"name":"wp","href":"https:\/\/api.w.org\/{rel}","templated":true}]}}