{"id":27,"date":"2025-03-24T14:47:38","date_gmt":"2025-03-24T12:47:38","guid":{"rendered":"https:\/\/guia-prc-infantil-juvenil.recursos.uoc.edu\/guia-practiques-curriculars-estudiantat\/?page_id=27"},"modified":"2025-03-25T12:06:12","modified_gmt":"2025-03-25T10:06:12","slug":"2-1-introduccio","status":"publish","type":"page","link":"https:\/\/guia-prc-infantil-juvenil.recursos.uoc.edu\/guia-practiques-curriculars-estudiantat\/2-1-introduccio\/","title":{"rendered":"2.1. Introducci\u00f3"},"content":{"rendered":"<p>L\u2019assignatura del Pr\u00e0cticum t\u00e9 nou cr\u00e8dits ECTS, i la dedicaci\u00f3 queda repartida de la manera seg\u00fcent:<\/p>\n<ul>\n<li>Assist\u00e8ncia tutoritzada de cent cinquanta hores en un centre de pr\u00e0ctiques extern. Aquest centre pot ser una instituci\u00f3 p\u00fablica o privada, una associaci\u00f3, una organitzaci\u00f3 no governamental, un gabinet professional, etc., on els treballadors i treballadores de l\u2019\u00e0mbit de la salut mental infantil i juvenil desenvolupin la seva activitat professional.<\/li>\n<li>Seguiment tutoritzat de setanta-cinc hores de treball a l\u2019aula supervisades pel professorat col\u00b7laborador de l\u2019assignatura.<\/li>\n<\/ul>\n<p>Per a un correcte seguiment docent a l\u2019aula virtual, es recomana que les hores de pr\u00e0ctiques al centre es reparteixin al llarg del semestre.<\/p>\n<p>Si per un motiu justificat degudament necessiteu concentrar les hores de pr\u00e0ctiques, cal que sol\u00b7liciteu la valoraci\u00f3 d\u2019aquesta excepci\u00f3 a trav\u00e9s del Servei d\u2019Atenci\u00f3 a l\u2019Estudiant i que tamb\u00e9 n\u2019informeu el tutor o tutora. No obstant aix\u00f2, les cent cinquanta hores no es poden concentrar en un termini inferior a dos mesos.<\/p>\n<div class=\"featured featured-blue\"><p><strong>Recordeu que\u2026<\/strong><\/p>\n<p>D\u2019acord amb la <a href=\"https:\/\/www.boe.es\/diario_boe\/txt.php?id=BOE-A-2015-8470\" target=\"_blank\" rel=\"noopener\">Llei 26\/2015<\/a>, de 28 de juliol, de modificaci\u00f3 del sistema de protecci\u00f3 a la inf\u00e0ncia i a l\u2019adolesc\u00e8ncia, els centres poden demanar a l\u2019estudiantat en pr\u00e0ctiques un <strong>certificat negatiu de condemna per delictes contra la llibertat i indemnitat sexual.<\/strong> A l\u2019apartat \u00abTr\u00e0mits\u00bb del Campus Virtual es pot trobar m\u00e9s informaci\u00f3 sobre com s\u2019ha de demanar aquest document.<\/p>\n<\/div>\n<p>&nbsp;<\/p>\n","protected":false},"excerpt":{"rendered":"<p>L\u2019assignatura del Pr\u00e0cticum t\u00e9 nou cr\u00e8dits ECTS, i la dedicaci\u00f3 queda repartida de la manera seg\u00fcent: Assist\u00e8ncia tutoritzada de cent cinquanta hores en un centre de pr\u00e0ctiques extern. Aquest centre pot ser una instituci\u00f3 p\u00fablica o privada, una associaci\u00f3, una organitzaci\u00f3 no governamental, un gabinet professional, etc., on els treballadors i treballadores de l\u2019\u00e0mbit de [&hellip;]<\/p>\n","protected":false},"author":1,"featured_media":0,"parent":0,"menu_order":0,"comment_status":"closed","ping_status":"closed","template":"","meta":{"_acf_changed":false,"footnotes":""},"acf":[],"_links":{"self":[{"href":"https:\/\/guia-prc-infantil-juvenil.recursos.uoc.edu\/guia-practiques-curriculars-estudiantat\/wp-json\/wp\/v2\/pages\/27"}],"collection":[{"href":"https:\/\/guia-prc-infantil-juvenil.recursos.uoc.edu\/guia-practiques-curriculars-estudiantat\/wp-json\/wp\/v2\/pages"}],"about":[{"href":"https:\/\/guia-prc-infantil-juvenil.recursos.uoc.edu\/guia-practiques-curriculars-estudiantat\/wp-json\/wp\/v2\/types\/page"}],"author":[{"embeddable":true,"href":"https:\/\/guia-prc-infantil-juvenil.recursos.uoc.edu\/guia-practiques-curriculars-estudiantat\/wp-json\/wp\/v2\/users\/1"}],"replies":[{"embeddable":true,"href":"https:\/\/guia-prc-infantil-juvenil.recursos.uoc.edu\/guia-practiques-curriculars-estudiantat\/wp-json\/wp\/v2\/comments?post=27"}],"version-history":[{"count":4,"href":"https:\/\/guia-prc-infantil-juvenil.recursos.uoc.edu\/guia-practiques-curriculars-estudiantat\/wp-json\/wp\/v2\/pages\/27\/revisions"}],"predecessor-version":[{"id":88,"href":"https:\/\/guia-prc-infantil-juvenil.recursos.uoc.edu\/guia-practiques-curriculars-estudiantat\/wp-json\/wp\/v2\/pages\/27\/revisions\/88"}],"wp:attachment":[{"href":"https:\/\/guia-prc-infantil-juvenil.recursos.uoc.edu\/guia-practiques-curriculars-estudiantat\/wp-json\/wp\/v2\/media?parent=27"}],"curies":[{"name":"wp","href":"https:\/\/api.w.org\/{rel}","templated":true}]}}