{"id":24,"date":"2025-03-24T14:46:21","date_gmt":"2025-03-24T12:46:21","guid":{"rendered":"https:\/\/guia-prc-infantil-juvenil.recursos.uoc.edu\/guia-practiques-curriculars-estudiantat\/?page_id=24"},"modified":"2025-03-27T15:01:03","modified_gmt":"2025-03-27T13:01:03","slug":"1-3-requisits-i-recomanacions","status":"publish","type":"page","link":"https:\/\/guia-prc-infantil-juvenil.recursos.uoc.edu\/guia-practiques-curriculars-estudiantat\/1-3-requisits-i-recomanacions\/","title":{"rendered":"1.3. Requisits i recomanacions"},"content":{"rendered":"<p>L\u2019assignatura del Pr\u00e0cticum t\u00e9 uns requisits que heu de complir per poder-la cursar. En conseq\u00fc\u00e8ncia, \u00e9s imprescindible que els tingueu en compte a l\u2019hora de fer la matr\u00edcula del semestre o semestres anteriors al moment de cursar el Pr\u00e0cticum i, a m\u00e9s, que feu els passos que queden descrits, en detall, a l\u2019apartat \u00ab<a href=\"https:\/\/guia-prc-infantil-juvenil.recursos.uoc.edu\/guia-practiques-curriculars-estudiantat\/6-proces-i-procediment\/\" target=\"_blank\" rel=\"noopener\">Proc\u00e9s i procediment<\/a>\u00bb.<\/p>\n<p>En relaci\u00f3 amb els <strong>requisits acad\u00e8mics<\/strong>, heu de tenir present que:<\/p>\n<div class=\"featured featured-blue\"><p>Per cursar el <strong>Pr\u00e0cticum<\/strong> cal haver <strong>aprovat i incorporat a l\u2019expedient totes les assignatures obligat\u00f2ries que constitueixen el pla d\u2019estudis,<\/strong> excepte l\u2019assignatura d\u2019<strong>Integraci\u00f3 de models i t\u00e8cniques d\u2019intervenci\u00f3, que ha d\u2019estar matriculada<\/strong> el mateix semestre en qu\u00e8 es cursen l\u2019assignatura del Pr\u00e0cticum i el Treball final de m\u00e0ster.<\/p>\n<\/div>\n<p>Per consultar quines s\u00f3n aquestes assignatures requisit, us recomanem revisar l\u2019apartat \u00ab<a href=\"https:\/\/guia-prc-infantil-juvenil.recursos.uoc.edu\/guia-practiques-curriculars-estudiantat\/annexos\/\" target=\"_blank\" rel=\"noopener\">Annexos<\/a>\u00bb d\u2019aquesta guia.<\/p>\n<p>Amb relaci\u00f3 a altres requisits, heu de tenir molt en compte que, per cursar el Pr\u00e0cticum, <strong>us heu d\u2019inscriure a la convocat\u00f2ria de pr\u00e0ctiques, dins l\u2019eina Xperience, i sol\u00b7licitar les places. <\/strong>Si no teniu una pla\u00e7a assignada, no podreu cursar en cap cas l\u2019assignatura del Pr\u00e0cticum. Tota aquesta informaci\u00f3 la trobareu detallada a l\u2019apartat \u00ab<a href=\"https:\/\/guia-prc-infantil-juvenil.recursos.uoc.edu\/guia-practiques-curriculars-estudiantat\/6-proces-i-procediment\/\" target=\"_blank\" rel=\"noopener\">Proc\u00e9s i procediment<\/a>\u00bb d\u2019aquesta guia i, per tant, \u00e9s imprescindible que la consulteu.<\/p>\n<div class=\"featured featured-blue\"><p><strong>Tingueu en compte que\u2026<\/strong><\/p>\n<p>\u00c9s altament recomanable consultar, de manera peri\u00f2dica, la <strong>informaci\u00f3 de \u00abCampus \/ Tr\u00e0mits \/ Pr\u00e0ctiques a empreses \/ Pr\u00e0ctiques curriculars \/ M\u00e0ster universitari en Psicologia Infantil i Juvenil\u00bb<\/strong>: s\u2019hi indica quan s\u2019inicia el proc\u00e9s de sol\u00b7licitud per cursar el Pr\u00e0cticum cada semestre. A m\u00e9s, a l\u2019aula de tutoria tamb\u00e9 se us informar\u00e0 quan s\u2019obri la sol\u00b7licitud. D\u2019altra banda, heu de tenir en compte que aquesta sol\u00b7licitud s\u2019obrir\u00e0 a mitjans del semestre anterior a fer el Pr\u00e0cticum i, per tant, \u00e9s possible que estigueu cursant les assignatures requisit en aquell moment. Aquest fet no \u00e9s cap impediment i, en conseq\u00fc\u00e8ncia, heu de fer la sol\u00b7licitud si esteu cursant (i, doncs, heu matriculat) les assignatures requisit que us manquin. En qualsevol cas, si posteriorment no supereu aquestes assignatures requisit, no podreu cursar el Pr\u00e0cticum.<\/p>\n<\/div>\n","protected":false},"excerpt":{"rendered":"<p>L\u2019assignatura del Pr\u00e0cticum t\u00e9 uns requisits que heu de complir per poder-la cursar. En conseq\u00fc\u00e8ncia, \u00e9s imprescindible que els tingueu en compte a l\u2019hora de fer la matr\u00edcula del semestre o semestres anteriors al moment de cursar el Pr\u00e0cticum i, a m\u00e9s, que feu els passos que queden descrits, en detall, a l\u2019apartat \u00abProc\u00e9s i [&hellip;]<\/p>\n","protected":false},"author":1,"featured_media":0,"parent":0,"menu_order":0,"comment_status":"closed","ping_status":"closed","template":"","meta":{"_acf_changed":false,"footnotes":""},"acf":[],"_links":{"self":[{"href":"https:\/\/guia-prc-infantil-juvenil.recursos.uoc.edu\/guia-practiques-curriculars-estudiantat\/wp-json\/wp\/v2\/pages\/24"}],"collection":[{"href":"https:\/\/guia-prc-infantil-juvenil.recursos.uoc.edu\/guia-practiques-curriculars-estudiantat\/wp-json\/wp\/v2\/pages"}],"about":[{"href":"https:\/\/guia-prc-infantil-juvenil.recursos.uoc.edu\/guia-practiques-curriculars-estudiantat\/wp-json\/wp\/v2\/types\/page"}],"author":[{"embeddable":true,"href":"https:\/\/guia-prc-infantil-juvenil.recursos.uoc.edu\/guia-practiques-curriculars-estudiantat\/wp-json\/wp\/v2\/users\/1"}],"replies":[{"embeddable":true,"href":"https:\/\/guia-prc-infantil-juvenil.recursos.uoc.edu\/guia-practiques-curriculars-estudiantat\/wp-json\/wp\/v2\/comments?post=24"}],"version-history":[{"count":5,"href":"https:\/\/guia-prc-infantil-juvenil.recursos.uoc.edu\/guia-practiques-curriculars-estudiantat\/wp-json\/wp\/v2\/pages\/24\/revisions"}],"predecessor-version":[{"id":103,"href":"https:\/\/guia-prc-infantil-juvenil.recursos.uoc.edu\/guia-practiques-curriculars-estudiantat\/wp-json\/wp\/v2\/pages\/24\/revisions\/103"}],"wp:attachment":[{"href":"https:\/\/guia-prc-infantil-juvenil.recursos.uoc.edu\/guia-practiques-curriculars-estudiantat\/wp-json\/wp\/v2\/media?parent=24"}],"curies":[{"name":"wp","href":"https:\/\/api.w.org\/{rel}","templated":true}]}}