{"id":22,"date":"2025-03-24T14:45:13","date_gmt":"2025-03-24T12:45:13","guid":{"rendered":"https:\/\/guia-prc-infantil-juvenil.recursos.uoc.edu\/guia-practiques-curriculars-estudiantat\/?page_id=22"},"modified":"2025-03-24T14:45:13","modified_gmt":"2025-03-24T12:45:13","slug":"1-2-quan-es-cursa-el-practicum","status":"publish","type":"page","link":"https:\/\/guia-prc-infantil-juvenil.recursos.uoc.edu\/guia-practiques-curriculars-estudiantat\/1-2-quan-es-cursa-el-practicum\/","title":{"rendered":"1.2. Quan es cursa el Pr\u00e0cticum?"},"content":{"rendered":"<p>D\u2019acord amb el pla d\u2019estudis, que podeu trobar a l\u2019apartat \u00abM\u00e9s UOC \/ Plans d\u2019estudi\u00bb, el Pr\u00e0cticum \u00e9s <strong>una de les darreres assignatures del pla d\u2019estudis<\/strong> del m\u00e0ster universitari de Psicologia Infantil i Juvenil. Aix\u00ed doncs, l\u2019experi\u00e8ncia en el m\u00f3n professional arriba despr\u00e9s d\u2019un per\u00edode de formaci\u00f3 pr\u00e8via i havent cursat les assignatures requisit necess\u00e0ries, que queden detallades en el pr\u00f2xim apartat.<\/p>\n","protected":false},"excerpt":{"rendered":"<p>D\u2019acord amb el pla d\u2019estudis, que podeu trobar a l\u2019apartat \u00abM\u00e9s UOC \/ Plans d\u2019estudi\u00bb, el Pr\u00e0cticum \u00e9s una de les darreres assignatures del pla d\u2019estudis del m\u00e0ster universitari de Psicologia Infantil i Juvenil. Aix\u00ed doncs, l\u2019experi\u00e8ncia en el m\u00f3n professional arriba despr\u00e9s d\u2019un per\u00edode de formaci\u00f3 pr\u00e8via i havent cursat les assignatures requisit necess\u00e0ries, [&hellip;]<\/p>\n","protected":false},"author":1,"featured_media":0,"parent":0,"menu_order":0,"comment_status":"closed","ping_status":"closed","template":"","meta":{"_acf_changed":false,"footnotes":""},"acf":[],"_links":{"self":[{"href":"https:\/\/guia-prc-infantil-juvenil.recursos.uoc.edu\/guia-practiques-curriculars-estudiantat\/wp-json\/wp\/v2\/pages\/22"}],"collection":[{"href":"https:\/\/guia-prc-infantil-juvenil.recursos.uoc.edu\/guia-practiques-curriculars-estudiantat\/wp-json\/wp\/v2\/pages"}],"about":[{"href":"https:\/\/guia-prc-infantil-juvenil.recursos.uoc.edu\/guia-practiques-curriculars-estudiantat\/wp-json\/wp\/v2\/types\/page"}],"author":[{"embeddable":true,"href":"https:\/\/guia-prc-infantil-juvenil.recursos.uoc.edu\/guia-practiques-curriculars-estudiantat\/wp-json\/wp\/v2\/users\/1"}],"replies":[{"embeddable":true,"href":"https:\/\/guia-prc-infantil-juvenil.recursos.uoc.edu\/guia-practiques-curriculars-estudiantat\/wp-json\/wp\/v2\/comments?post=22"}],"version-history":[{"count":1,"href":"https:\/\/guia-prc-infantil-juvenil.recursos.uoc.edu\/guia-practiques-curriculars-estudiantat\/wp-json\/wp\/v2\/pages\/22\/revisions"}],"predecessor-version":[{"id":23,"href":"https:\/\/guia-prc-infantil-juvenil.recursos.uoc.edu\/guia-practiques-curriculars-estudiantat\/wp-json\/wp\/v2\/pages\/22\/revisions\/23"}],"wp:attachment":[{"href":"https:\/\/guia-prc-infantil-juvenil.recursos.uoc.edu\/guia-practiques-curriculars-estudiantat\/wp-json\/wp\/v2\/media?parent=22"}],"curies":[{"name":"wp","href":"https:\/\/api.w.org\/{rel}","templated":true}]}}