{"id":19,"date":"2025-03-24T14:44:07","date_gmt":"2025-03-24T12:44:07","guid":{"rendered":"https:\/\/guia-prc-infantil-juvenil.recursos.uoc.edu\/guia-practiques-curriculars-estudiantat\/?page_id=19"},"modified":"2026-01-23T13:21:23","modified_gmt":"2026-01-23T11:21:23","slug":"1-1-introduccio","status":"publish","type":"page","link":"https:\/\/guia-prc-infantil-juvenil.recursos.uoc.edu\/guia-practiques-curriculars-estudiantat\/1-1-introduccio\/","title":{"rendered":"1.1. Introducci\u00f3"},"content":{"rendered":"<p>El pla d\u2019estudis del m\u00e0ster universitari de Psicologia Infantil i Juvenil cont\u00e9 <strong>l\u2019assignatura obligat\u00f2ria de nou cr\u00e8dits del Pr\u00e0cticum<\/strong>, mitjan\u00e7ant la qual <strong>posareu en pr\u00e0ctica les compet\u00e8ncies<\/strong> professionals relacionades amb l\u2019\u00e0mbit de la intervenci\u00f3 en salut mental infantil i juvenil que, fins aquest moment, heu estat <strong>treballant i desenvolupant en les assignatures del m\u00e0ster<\/strong>.<\/p>\n<p>Centrem-nos en la descripci\u00f3 del Pr\u00e0cticum.<\/p>\n<div class=\"featured featured-blue\"><p>Tal com el defineix Zabalza (2016), el Pr\u00e0cticum us permet, com a estudiantat, formar-vos amb altres figures professionals i institucions fora de la universitat; enriquir el context en qu\u00e8 es produeix aquesta formaci\u00f3; adquirir tasques i responsabilitats diferents de les que heu assumit fins ara, i aprendre a partir d\u2019un treball pr\u00e0ctic.<\/p>\n<\/div>\n<p>Aix\u00ed doncs, l\u2019<strong>objectiu general del Pr\u00e0cticum \u00e9s apropar-vos al m\u00f3n professiona<\/strong>l de l\u2019\u00e0mbit de la salut mental infantil i juvenil, perqu\u00e8 pugueu aplicar les compet\u00e8ncies i el coneixement te\u00f2ric que heu adquirit al llarg de tota la titulaci\u00f3.<\/p>\n<p>En aquest sentit, els objectius espec\u00edfics del Pr\u00e0cticum s\u00f3n (Moreno, 2002):<\/p>\n<ul>\n<li>Adquirir i consolidar coneixements i habilitats.<\/li>\n<li>Aprendre el rol de les i els professionals de la Psicologia.<\/li>\n<li>Iniciar la inserci\u00f3 professional.<\/li>\n<\/ul>\n<p>A l\u2019apartat \u00ab<a href=\"https:\/\/guia-prc-infantil-juvenil.recursos.uoc.edu\/guia-practiques-curriculars-estudiantat\/3-resultats-aprenentatge\/\" target=\"_blank\" rel=\"noopener\">Resultats d&#8217;aprenentatge<\/a>\u00bb podeu con\u00e8ixer millor quins coneixements, habilitats i compet\u00e8ncies\u00a0 treballareu i desenvolupareu en cursar el Pr\u00e0cticum.<\/p>\n","protected":false},"excerpt":{"rendered":"<p>El pla d\u2019estudis del m\u00e0ster universitari de Psicologia Infantil i Juvenil cont\u00e9 l\u2019assignatura obligat\u00f2ria de nou cr\u00e8dits del Pr\u00e0cticum, mitjan\u00e7ant la qual posareu en pr\u00e0ctica les compet\u00e8ncies professionals relacionades amb l\u2019\u00e0mbit de la intervenci\u00f3 en salut mental infantil i juvenil que, fins aquest moment, heu estat treballant i desenvolupant en les assignatures del m\u00e0ster. Centrem-nos [&hellip;]<\/p>\n","protected":false},"author":1,"featured_media":0,"parent":0,"menu_order":0,"comment_status":"closed","ping_status":"closed","template":"","meta":{"_acf_changed":false,"footnotes":""},"acf":[],"_links":{"self":[{"href":"https:\/\/guia-prc-infantil-juvenil.recursos.uoc.edu\/guia-practiques-curriculars-estudiantat\/wp-json\/wp\/v2\/pages\/19"}],"collection":[{"href":"https:\/\/guia-prc-infantil-juvenil.recursos.uoc.edu\/guia-practiques-curriculars-estudiantat\/wp-json\/wp\/v2\/pages"}],"about":[{"href":"https:\/\/guia-prc-infantil-juvenil.recursos.uoc.edu\/guia-practiques-curriculars-estudiantat\/wp-json\/wp\/v2\/types\/page"}],"author":[{"embeddable":true,"href":"https:\/\/guia-prc-infantil-juvenil.recursos.uoc.edu\/guia-practiques-curriculars-estudiantat\/wp-json\/wp\/v2\/users\/1"}],"replies":[{"embeddable":true,"href":"https:\/\/guia-prc-infantil-juvenil.recursos.uoc.edu\/guia-practiques-curriculars-estudiantat\/wp-json\/wp\/v2\/comments?post=19"}],"version-history":[{"count":8,"href":"https:\/\/guia-prc-infantil-juvenil.recursos.uoc.edu\/guia-practiques-curriculars-estudiantat\/wp-json\/wp\/v2\/pages\/19\/revisions"}],"predecessor-version":[{"id":258,"href":"https:\/\/guia-prc-infantil-juvenil.recursos.uoc.edu\/guia-practiques-curriculars-estudiantat\/wp-json\/wp\/v2\/pages\/19\/revisions\/258"}],"wp:attachment":[{"href":"https:\/\/guia-prc-infantil-juvenil.recursos.uoc.edu\/guia-practiques-curriculars-estudiantat\/wp-json\/wp\/v2\/media?parent=19"}],"curies":[{"name":"wp","href":"https:\/\/api.w.org\/{rel}","templated":true}]}}