{"id":153,"date":"2025-03-24T15:01:30","date_gmt":"2025-03-24T13:01:30","guid":{"rendered":"https:\/\/guia-prc-infantil-juvenil.recursos.uoc.edu\/guia-practiques-curriculars-estudiantat\/?page_id=153"},"modified":"2025-04-08T19:02:34","modified_gmt":"2025-04-08T17:02:34","slug":"bibliografia","status":"publish","type":"page","link":"https:\/\/guia-prc-infantil-juvenil.recursos.uoc.edu\/guia-practiques-curriculars-estudiantat\/es\/bibliografia\/","title":{"rendered":"Bibliograf\u00eda"},"content":{"rendered":"<p>Moreno, F. [Florentino]. (2002). <em>Pr\u00e1cticum de Psicolog\u00eda<\/em>. Pearson Educaci\u00f3n.<\/p>\n<p>Zabalza, M. A. [Miguel \u00c1ngel]. (2016). El Pr\u00e1cticum y las pr\u00e1cticas externas en la formaci\u00f3n universitaria. <em>Revista Pr\u00e1cticum, 1(<\/em>1), 1-23. <a href=\"https:\/\/doi.org\/10.24310\/RevPracticumrep.v1i1.8254\" target=\"_blank\" rel=\"noopener\">https:\/\/doi.org\/10.24310\/RevPracticumrep.v1i1.8254<\/a><\/p>\n","protected":false},"excerpt":{"rendered":"<p>Moreno, F. [Florentino]. (2002). Pr\u00e1cticum de Psicolog\u00eda. Pearson Educaci\u00f3n. Zabalza, M. A. [Miguel \u00c1ngel]. (2016). El Pr\u00e1cticum y las pr\u00e1cticas externas en la formaci\u00f3n universitaria. Revista Pr\u00e1cticum, 1(1), 1-23. https:\/\/doi.org\/10.24310\/RevPracticumrep.v1i1.8254<\/p>\n","protected":false},"author":1,"featured_media":0,"parent":0,"menu_order":0,"comment_status":"closed","ping_status":"closed","template":"","meta":{"_acf_changed":false,"footnotes":""},"acf":[],"_links":{"self":[{"href":"https:\/\/guia-prc-infantil-juvenil.recursos.uoc.edu\/guia-practiques-curriculars-estudiantat\/es\/wp-json\/wp\/v2\/pages\/153"}],"collection":[{"href":"https:\/\/guia-prc-infantil-juvenil.recursos.uoc.edu\/guia-practiques-curriculars-estudiantat\/es\/wp-json\/wp\/v2\/pages"}],"about":[{"href":"https:\/\/guia-prc-infantil-juvenil.recursos.uoc.edu\/guia-practiques-curriculars-estudiantat\/es\/wp-json\/wp\/v2\/types\/page"}],"author":[{"embeddable":true,"href":"https:\/\/guia-prc-infantil-juvenil.recursos.uoc.edu\/guia-practiques-curriculars-estudiantat\/es\/wp-json\/wp\/v2\/users\/1"}],"replies":[{"embeddable":true,"href":"https:\/\/guia-prc-infantil-juvenil.recursos.uoc.edu\/guia-practiques-curriculars-estudiantat\/es\/wp-json\/wp\/v2\/comments?post=153"}],"version-history":[{"count":1,"href":"https:\/\/guia-prc-infantil-juvenil.recursos.uoc.edu\/guia-practiques-curriculars-estudiantat\/es\/wp-json\/wp\/v2\/pages\/153\/revisions"}],"predecessor-version":[{"id":154,"href":"https:\/\/guia-prc-infantil-juvenil.recursos.uoc.edu\/guia-practiques-curriculars-estudiantat\/es\/wp-json\/wp\/v2\/pages\/153\/revisions\/154"}],"wp:attachment":[{"href":"https:\/\/guia-prc-infantil-juvenil.recursos.uoc.edu\/guia-practiques-curriculars-estudiantat\/es\/wp-json\/wp\/v2\/media?parent=153"}],"curies":[{"name":"wp","href":"https:\/\/api.w.org\/{rel}","templated":true}]}}