{"id":151,"date":"2025-03-24T15:00:34","date_gmt":"2025-03-24T13:00:34","guid":{"rendered":"https:\/\/guia-prc-infantil-juvenil.recursos.uoc.edu\/guia-practiques-curriculars-estudiantat\/?page_id=151"},"modified":"2025-04-08T19:01:18","modified_gmt":"2025-04-08T17:01:18","slug":"anexos","status":"publish","type":"page","link":"https:\/\/guia-prc-infantil-juvenil.recursos.uoc.edu\/guia-practiques-curriculars-estudiantat\/es\/anexos\/","title":{"rendered":"Anexos"},"content":{"rendered":"<p>Las asignaturas <strong>requisito para cursar el Pr\u00e1cticum<\/strong>, ordenadas de acuerdo con el plan de estudios, son:<\/p>\n<ul>\n<li>Retos y necesidades para el profesional de la salud mental<\/li>\n<li>T\u00e9cnicas y estrategias de intervenci\u00f3n orientaci\u00f3n cognitivoconductual<\/li>\n<li>T\u00e9cnicas y estrategias de intervenci\u00f3n orientaci\u00f3n humanista<\/li>\n<li>T\u00e9cnicas y estrategias de intervenci\u00f3n orientaci\u00f3n sist\u00e9mica<\/li>\n<li>T\u00e9cnicas y estrategias de intervenci\u00f3n orientaci\u00f3n psicodin\u00e1mica<\/li>\n<li>Tener matriculada en el mismo semestre que la asignatura de pr\u00e1cticas la asignatura obligatoria de Integraci\u00f3n de modelos y t\u00e9cnicas de intervenci\u00f3n<\/li>\n<\/ul>\n","protected":false},"excerpt":{"rendered":"<p>Las asignaturas requisito para cursar el Pr\u00e1cticum, ordenadas de acuerdo con el plan de estudios, son: Retos y necesidades para el profesional de la salud mental T\u00e9cnicas y estrategias de intervenci\u00f3n orientaci\u00f3n cognitivoconductual T\u00e9cnicas y estrategias de intervenci\u00f3n orientaci\u00f3n humanista T\u00e9cnicas y estrategias de intervenci\u00f3n orientaci\u00f3n sist\u00e9mica T\u00e9cnicas y estrategias de intervenci\u00f3n orientaci\u00f3n psicodin\u00e1mica Tener [&hellip;]<\/p>\n","protected":false},"author":1,"featured_media":0,"parent":0,"menu_order":0,"comment_status":"closed","ping_status":"closed","template":"","meta":{"_acf_changed":false,"footnotes":""},"acf":[],"_links":{"self":[{"href":"https:\/\/guia-prc-infantil-juvenil.recursos.uoc.edu\/guia-practiques-curriculars-estudiantat\/es\/wp-json\/wp\/v2\/pages\/151"}],"collection":[{"href":"https:\/\/guia-prc-infantil-juvenil.recursos.uoc.edu\/guia-practiques-curriculars-estudiantat\/es\/wp-json\/wp\/v2\/pages"}],"about":[{"href":"https:\/\/guia-prc-infantil-juvenil.recursos.uoc.edu\/guia-practiques-curriculars-estudiantat\/es\/wp-json\/wp\/v2\/types\/page"}],"author":[{"embeddable":true,"href":"https:\/\/guia-prc-infantil-juvenil.recursos.uoc.edu\/guia-practiques-curriculars-estudiantat\/es\/wp-json\/wp\/v2\/users\/1"}],"replies":[{"embeddable":true,"href":"https:\/\/guia-prc-infantil-juvenil.recursos.uoc.edu\/guia-practiques-curriculars-estudiantat\/es\/wp-json\/wp\/v2\/comments?post=151"}],"version-history":[{"count":1,"href":"https:\/\/guia-prc-infantil-juvenil.recursos.uoc.edu\/guia-practiques-curriculars-estudiantat\/es\/wp-json\/wp\/v2\/pages\/151\/revisions"}],"predecessor-version":[{"id":152,"href":"https:\/\/guia-prc-infantil-juvenil.recursos.uoc.edu\/guia-practiques-curriculars-estudiantat\/es\/wp-json\/wp\/v2\/pages\/151\/revisions\/152"}],"wp:attachment":[{"href":"https:\/\/guia-prc-infantil-juvenil.recursos.uoc.edu\/guia-practiques-curriculars-estudiantat\/es\/wp-json\/wp\/v2\/media?parent=151"}],"curies":[{"name":"wp","href":"https:\/\/api.w.org\/{rel}","templated":true}]}}