{"id":149,"date":"2025-03-24T15:00:09","date_gmt":"2025-03-24T13:00:09","guid":{"rendered":"https:\/\/guia-prc-infantil-juvenil.recursos.uoc.edu\/guia-practiques-curriculars-estudiantat\/?page_id=149"},"modified":"2026-01-23T13:29:18","modified_gmt":"2026-01-23T11:29:18","slug":"6-proceso-y-procedimiento","status":"publish","type":"page","link":"https:\/\/guia-prc-infantil-juvenil.recursos.uoc.edu\/guia-practiques-curriculars-estudiantat\/es\/6-proceso-y-procedimiento\/","title":{"rendered":"6. Proceso y procedimiento"},"content":{"rendered":"<p>Como hab\u00e9is podido ver a lo largo de esta gu\u00eda, la asignatura del Pr\u00e1cticum tiene unas casu\u00edsticas que difieren del resto de las asignaturas del m\u00e1ster y, por esta misma raz\u00f3n, son necesarios un proceso y procedimiento concretos para poderos asignar a un centro de pr\u00e1cticas.<\/p>\n<div class=\"featured featured-blue\"><p>Por lo tanto, es imprescindible que revis\u00e9is con detenimiento toda la informaci\u00f3n de este proceso, que tienes disponible en: \u00abCampus \/ Tr\u00e1mites \/ Pr\u00e1cticas en empresas \/ Pr\u00e1cticas curriculares \/ M\u00e1ster universitario en Psicolog\u00eda Infantil y Juvenil\u00bb.<\/p>\n<\/div>\n<p>En este apartado del Campus quedan detallados tanto los pasos que se deben seguir como las fechas concretas para hacerlo. Adicionalmente, si ten\u00e9is cualquier duda, recordad que tambi\u00e9n pod\u00e9is contactar con vuestra tutor\u00eda del m\u00e1ster.<\/p>\n<p>Sin embargo, <strong>en esta gu\u00eda os facilitamos algunos consejos pr\u00e1cticos que deb\u00e9is tener presentes a la hora de leer el proceso descrito en el Campus y hacer las gestiones correspondientes:<\/strong><\/p>\n<ul>\n<li>Existen dos tipos de centros externos: aquellos con los que la UOC ya colabora (centros de agrupamiento) y aquellos que pod\u00e9is proponer vosotros (centros directos), que deben cumplir las caracter\u00edsticas especificadas en esta gu\u00eda. En cualquier caso, la UOC tambi\u00e9n revisar\u00e1 que estas caracter\u00edsticas se cumplan.<\/li>\n<li>Es imprescindible inscribirse en la convocatoria de pr\u00e1cticas de la herramienta Xperience y solicitar las plazas que sean de vuestro inter\u00e9s. Al hacerlo, fijaros bien en el tipo de centro, la localizaci\u00f3n y el horario. Tambi\u00e9n es sumamente importante que revis\u00e9is con atenci\u00f3n las tareas del centro, de forma que se ajusten a lo que busc\u00e1is.<\/li>\n<li>Pod\u00e9is hacer la solicitud si est\u00e1is cursando las asignaturas requisito que os faltan (y, as\u00ed pues, os hay\u00e1is matriculado en ellas). En cualquier caso, si posteriormente no superarais estas asignaturas requisito, no podr\u00edais cursar el Pr\u00e1cticum.<\/li>\n<li>Si dese\u00e1is proponer un centro en modo directo, en el apartado de Campus donde queda explicado el procedimiento para solicitar las pr\u00e1cticas podr\u00e9is encontrar una carta de presentaci\u00f3n para compartir con los centros que sean de vuestro inter\u00e9s.<\/li>\n<li>El estudiantado tambi\u00e9n puede hacer las pr\u00e1cticas en el mismo lugar donde trabaja, siempre que se trate de un entorno relacionado con el \u00e1mbito de la salud mental infantil y juvenil y disponga de una tutor\u00eda del centro que cumpla los requisitos de titulaci\u00f3n definidos (ved el apartado 4 de este mismo documento) y que pueda supervisar las pr\u00e1cticas. Aun as\u00ed, en este caso, las pr\u00e1cticas tienen que comportar un aprendizaje significativo diferente a las tareas que habitualmente hace en su puesto de trabajo, el estudiantado no tiene que tener ning\u00fan v\u00ednculo de parentesco con la tutor\u00eda del centro y las pr\u00e1cticas se tienen que realizar fuera del horario laboral.<\/li>\n<li>Las pr\u00e1cticas en el centro externo no podr\u00e1n empezarse hasta que todas las partes hayan firmado el convenio, y tampoco podr\u00e1n empezarse si no se ha iniciado el semestre lectivo. La informaci\u00f3n sobre el convenio la encontrar\u00e9is detallada en el Campus, y tambi\u00e9n en las notificaciones que recibir\u00e9is cuando se os asigne a un centro.<\/li>\n<li>La asistencia tutorizada de ciento cincuenta horas de pr\u00e1cticas en los centros externos forma parte de la asignatura. Por lo tanto, est\u00e1 incluida en la matr\u00edcula del Pr\u00e1cticum. As\u00ed pues, la Comisi\u00f3n del Pr\u00e1cticum no apoya ni recomienda que hag\u00e1is ning\u00fan pago adicional a los centros de pr\u00e1cticas.<\/li>\n<li>De acuerdo con la Ley estatal 26\/2015, de modificaci\u00f3n del sistema de protecci\u00f3n a la infancia y la adolescencia, los centros podr\u00e1n pedir al estudiantado en pr\u00e1cticas un certificado negativo de condena por delitos contra la libertad e indemnidad sexuales. En el apartado del Campus donde queda explicado el procedimiento para solicitar las pr\u00e1cticas, pod\u00e9is encontrar informaci\u00f3n sobre c\u00f3mo solicitar este certificado.<\/li>\n<\/ul>\n","protected":false},"excerpt":{"rendered":"<p>Como hab\u00e9is podido ver a lo largo de esta gu\u00eda, la asignatura del Pr\u00e1cticum tiene unas casu\u00edsticas que difieren del resto de las asignaturas del m\u00e1ster y, por esta misma raz\u00f3n, son necesarios un proceso y procedimiento concretos para poderos asignar a un centro de pr\u00e1cticas. En este apartado del Campus quedan detallados tanto los [&hellip;]<\/p>\n","protected":false},"author":1,"featured_media":0,"parent":0,"menu_order":0,"comment_status":"closed","ping_status":"closed","template":"","meta":{"_acf_changed":false,"footnotes":""},"acf":[],"_links":{"self":[{"href":"https:\/\/guia-prc-infantil-juvenil.recursos.uoc.edu\/guia-practiques-curriculars-estudiantat\/es\/wp-json\/wp\/v2\/pages\/149"}],"collection":[{"href":"https:\/\/guia-prc-infantil-juvenil.recursos.uoc.edu\/guia-practiques-curriculars-estudiantat\/es\/wp-json\/wp\/v2\/pages"}],"about":[{"href":"https:\/\/guia-prc-infantil-juvenil.recursos.uoc.edu\/guia-practiques-curriculars-estudiantat\/es\/wp-json\/wp\/v2\/types\/page"}],"author":[{"embeddable":true,"href":"https:\/\/guia-prc-infantil-juvenil.recursos.uoc.edu\/guia-practiques-curriculars-estudiantat\/es\/wp-json\/wp\/v2\/users\/1"}],"replies":[{"embeddable":true,"href":"https:\/\/guia-prc-infantil-juvenil.recursos.uoc.edu\/guia-practiques-curriculars-estudiantat\/es\/wp-json\/wp\/v2\/comments?post=149"}],"version-history":[{"count":4,"href":"https:\/\/guia-prc-infantil-juvenil.recursos.uoc.edu\/guia-practiques-curriculars-estudiantat\/es\/wp-json\/wp\/v2\/pages\/149\/revisions"}],"predecessor-version":[{"id":264,"href":"https:\/\/guia-prc-infantil-juvenil.recursos.uoc.edu\/guia-practiques-curriculars-estudiantat\/es\/wp-json\/wp\/v2\/pages\/149\/revisions\/264"}],"wp:attachment":[{"href":"https:\/\/guia-prc-infantil-juvenil.recursos.uoc.edu\/guia-practiques-curriculars-estudiantat\/es\/wp-json\/wp\/v2\/media?parent=149"}],"curies":[{"name":"wp","href":"https:\/\/api.w.org\/{rel}","templated":true}]}}