{"id":147,"date":"2025-03-24T14:56:46","date_gmt":"2025-03-24T12:56:46","guid":{"rendered":"https:\/\/guia-prc-infantil-juvenil.recursos.uoc.edu\/guia-practiques-curriculars-estudiantat\/?page_id=147"},"modified":"2026-01-23T13:27:33","modified_gmt":"2026-01-23T11:27:33","slug":"5-3-evaluacion-por-parte-del-centro-de-practicas-externo","status":"publish","type":"page","link":"https:\/\/guia-prc-infantil-juvenil.recursos.uoc.edu\/guia-practiques-curriculars-estudiantat\/es\/5-3-evaluacion-por-parte-del-centro-de-practicas-externo\/","title":{"rendered":"5.3. Evaluaci\u00f3n por parte del centro de pr\u00e1cticas externo"},"content":{"rendered":"<p>Cuando finalic\u00e9is la estancia de pr\u00e1cticas en el centro, el equipo docente contactar\u00e1 con la tutor\u00eda del centro para que prepare un informe de valoraci\u00f3n de vuestra actividad. Asimismo, a lo largo de todo el semestre, el centro y el equipo docente tambi\u00e9n estar\u00e1n en contacto para poder hacer un seguimiento correcto de vuestra actividad.<\/p>\n<div class=\"tabletitle\"><p>Tabla 1. Aspectos que valora el centro de pr\u00e1cticas<\/p>\n<\/div>\n<table width=\"600\">\n<tbody>\n<tr class=\"table-header\">\n<td width=\"269\"><strong>Tareas<\/strong><\/td>\n<td width=\"331\"><strong>Aspecto que se eval\u00faa<\/strong><\/td>\n<\/tr>\n<tr>\n<td width=\"269\">Cumplimiento, actitudes y predisposici\u00f3n del estudiantado<\/td>\n<td width=\"331\">\u25cf\u00a0\u00a0\u00a0\u00a0 Regularidad y puntualidad en la asistencia<\/p>\n<p>\u25cf\u00a0\u00a0\u00a0\u00a0 Disponibilidad e inter\u00e9s para aprender<\/p>\n<p>\u25cf\u00a0\u00a0\u00a0\u00a0 Capacidad de adaptaci\u00f3n a las tareas del centro<\/p>\n<p>\u25cf\u00a0\u00a0\u00a0\u00a0 Habilidades de organizaci\u00f3n y sistematizaci\u00f3n<\/td>\n<\/tr>\n<tr>\n<td width=\"269\">Conocimientos previos y aportaciones respecto al tema tratado<\/td>\n<td width=\"331\">\u25cf\u00a0\u00a0\u00a0\u00a0 Adecuaci\u00f3n de los conocimientos previos<\/p>\n<p>\u25cf\u00a0\u00a0\u00a0\u00a0 Pertenencia de sus aportaciones<\/p>\n<p>\u25cf\u00a0\u00a0\u00a0\u00a0 Desempe\u00f1o de las tareas encomendadas<\/p>\n<p>\u25cf\u00a0\u00a0\u00a0\u00a0 Capacidad de toma de iniciativa<\/p>\n<p>\u25cf\u00a0\u00a0\u00a0\u00a0 Capacidad para analizar casos y planificar acciones<\/p>\n<p>\u25cf\u00a0\u00a0\u00a0\u00a0 Capacidad de resolver problemas<\/p>\n<p>\u25cf\u00a0\u00a0\u00a0\u00a0 Capacidad de integrar estrategias de intervenci\u00f3n y t\u00e9cnicas de diferentes enfoques te\u00f3ricos en la pr\u00e1ctica cl\u00ednica<\/p>\n<p>\u25cf\u00a0\u00a0\u00a0\u00a0 Actitud abierta y respetuosa hacia las diferentes formas de actuaci\u00f3n profesional<\/p>\n<p>\u25cf\u00a0\u00a0\u00a0\u00a0 Actuaci\u00f3n responsable, teniendo en cuenta el c\u00f3digo \u00e9tico y deontol\u00f3gico de la profesi\u00f3n<\/p>\n<p>\u25cf\u00a0\u00a0\u00a0\u00a0 Capacidad para hacer una valoraci\u00f3n de la evoluci\u00f3n de los planes de intervenci\u00f3n<\/p>\n<p>\u25cf\u00a0\u00a0\u00a0\u00a0 Capacidad para comunicarse en el entorno terap\u00e9utico de forma efectiva y adaptada al interlocutor<\/p>\n<p>\u25cf\u00a0\u00a0\u00a0\u00a0 Actitud abierta a la hora de integrar las TIC en la intervenci\u00f3n, teniendo en cuenta cada caso y contexto<\/p>\n<p>\u25cf\u00a0\u00a0\u00a0\u00a0 Conciencia de las carencias y fortalezas personales y profesionales, y saber identificar sus necesidades formativas<\/td>\n<\/tr>\n<\/tbody>\n<\/table>\n<div class=\"tablefooter\"><p>Fuente: elaboraci\u00f3n propia.<\/p>\n<\/div>\n","protected":false},"excerpt":{"rendered":"<p>Cuando finalic\u00e9is la estancia de pr\u00e1cticas en el centro, el equipo docente contactar\u00e1 con la tutor\u00eda del centro para que prepare un informe de valoraci\u00f3n de vuestra actividad. Asimismo, a lo largo de todo el semestre, el centro y el equipo docente tambi\u00e9n estar\u00e1n en contacto para poder hacer un seguimiento correcto de vuestra actividad. [&hellip;]<\/p>\n","protected":false},"author":1,"featured_media":0,"parent":0,"menu_order":0,"comment_status":"closed","ping_status":"closed","template":"","meta":{"_acf_changed":false,"footnotes":""},"acf":[],"_links":{"self":[{"href":"https:\/\/guia-prc-infantil-juvenil.recursos.uoc.edu\/guia-practiques-curriculars-estudiantat\/es\/wp-json\/wp\/v2\/pages\/147"}],"collection":[{"href":"https:\/\/guia-prc-infantil-juvenil.recursos.uoc.edu\/guia-practiques-curriculars-estudiantat\/es\/wp-json\/wp\/v2\/pages"}],"about":[{"href":"https:\/\/guia-prc-infantil-juvenil.recursos.uoc.edu\/guia-practiques-curriculars-estudiantat\/es\/wp-json\/wp\/v2\/types\/page"}],"author":[{"embeddable":true,"href":"https:\/\/guia-prc-infantil-juvenil.recursos.uoc.edu\/guia-practiques-curriculars-estudiantat\/es\/wp-json\/wp\/v2\/users\/1"}],"replies":[{"embeddable":true,"href":"https:\/\/guia-prc-infantil-juvenil.recursos.uoc.edu\/guia-practiques-curriculars-estudiantat\/es\/wp-json\/wp\/v2\/comments?post=147"}],"version-history":[{"count":2,"href":"https:\/\/guia-prc-infantil-juvenil.recursos.uoc.edu\/guia-practiques-curriculars-estudiantat\/es\/wp-json\/wp\/v2\/pages\/147\/revisions"}],"predecessor-version":[{"id":263,"href":"https:\/\/guia-prc-infantil-juvenil.recursos.uoc.edu\/guia-practiques-curriculars-estudiantat\/es\/wp-json\/wp\/v2\/pages\/147\/revisions\/263"}],"wp:attachment":[{"href":"https:\/\/guia-prc-infantil-juvenil.recursos.uoc.edu\/guia-practiques-curriculars-estudiantat\/es\/wp-json\/wp\/v2\/media?parent=147"}],"curies":[{"name":"wp","href":"https:\/\/api.w.org\/{rel}","templated":true}]}}