{"id":145,"date":"2025-03-24T14:52:48","date_gmt":"2025-03-24T12:52:48","guid":{"rendered":"https:\/\/guia-prc-infantil-juvenil.recursos.uoc.edu\/guia-practiques-curriculars-estudiantat\/?page_id=145"},"modified":"2025-04-09T09:23:01","modified_gmt":"2025-04-09T07:23:01","slug":"5-2-evaluacion-por-parte-del-equipo-docente","status":"publish","type":"page","link":"https:\/\/guia-prc-infantil-juvenil.recursos.uoc.edu\/guia-practiques-curriculars-estudiantat\/es\/5-2-evaluacion-por-parte-del-equipo-docente\/","title":{"rendered":"5.2. Evaluaci\u00f3n por parte del equipo docente"},"content":{"rendered":"<p>Una de las competencias y habilidades importantes para el conjunto de los y las profesionales de la salud mental infantil y juvenil es la capacidad de elaborar adecuadamente y con calidad informes y documentos de trabajo para clientes y clientas, profesionales u otros destinatarios y audiencias. El Pr\u00e1cticum es una oportunidad excelente para que el estudiantado ponga en pr\u00e1ctica estas habilidades y competencias y aprenda a elaborar un informe preciso, comprensivo y sistem\u00e1tico en el ejercicio de un papel profesional determinado. Por esta raz\u00f3n, a lo largo del semestre <strong>tendr\u00e9is que completar unas actividades o memorias, propuestas por el equipo docente<\/strong>.<\/p>\n<p>La evaluaci\u00f3n de estas tareas por parte del equipo docente se har\u00e1 como cualquier actividad que puedes llevar a cabo en otras asignaturas y, como resultado, la puntuaci\u00f3n que podr\u00e9is obtener es:<\/p>\n<p>A: calificaci\u00f3n muy buena<br \/>\nB: calificaci\u00f3n buena<br \/>\nC+: calificaci\u00f3n suficiente<br \/>\nC-: calificaci\u00f3n insuficiente<br \/>\nD: calificaci\u00f3n muy baja<\/p>\n","protected":false},"excerpt":{"rendered":"<p>Una de las competencias y habilidades importantes para el conjunto de los y las profesionales de la salud mental infantil y juvenil es la capacidad de elaborar adecuadamente y con calidad informes y documentos de trabajo para clientes y clientas, profesionales u otros destinatarios y audiencias. El Pr\u00e1cticum es una oportunidad excelente para que el [&hellip;]<\/p>\n","protected":false},"author":1,"featured_media":0,"parent":0,"menu_order":0,"comment_status":"closed","ping_status":"closed","template":"","meta":{"_acf_changed":false,"footnotes":""},"acf":[],"_links":{"self":[{"href":"https:\/\/guia-prc-infantil-juvenil.recursos.uoc.edu\/guia-practiques-curriculars-estudiantat\/es\/wp-json\/wp\/v2\/pages\/145"}],"collection":[{"href":"https:\/\/guia-prc-infantil-juvenil.recursos.uoc.edu\/guia-practiques-curriculars-estudiantat\/es\/wp-json\/wp\/v2\/pages"}],"about":[{"href":"https:\/\/guia-prc-infantil-juvenil.recursos.uoc.edu\/guia-practiques-curriculars-estudiantat\/es\/wp-json\/wp\/v2\/types\/page"}],"author":[{"embeddable":true,"href":"https:\/\/guia-prc-infantil-juvenil.recursos.uoc.edu\/guia-practiques-curriculars-estudiantat\/es\/wp-json\/wp\/v2\/users\/1"}],"replies":[{"embeddable":true,"href":"https:\/\/guia-prc-infantil-juvenil.recursos.uoc.edu\/guia-practiques-curriculars-estudiantat\/es\/wp-json\/wp\/v2\/comments?post=145"}],"version-history":[{"count":2,"href":"https:\/\/guia-prc-infantil-juvenil.recursos.uoc.edu\/guia-practiques-curriculars-estudiantat\/es\/wp-json\/wp\/v2\/pages\/145\/revisions"}],"predecessor-version":[{"id":184,"href":"https:\/\/guia-prc-infantil-juvenil.recursos.uoc.edu\/guia-practiques-curriculars-estudiantat\/es\/wp-json\/wp\/v2\/pages\/145\/revisions\/184"}],"wp:attachment":[{"href":"https:\/\/guia-prc-infantil-juvenil.recursos.uoc.edu\/guia-practiques-curriculars-estudiantat\/es\/wp-json\/wp\/v2\/media?parent=145"}],"curies":[{"name":"wp","href":"https:\/\/api.w.org\/{rel}","templated":true}]}}