{"id":143,"date":"2025-03-24T14:52:10","date_gmt":"2025-03-24T12:52:10","guid":{"rendered":"https:\/\/guia-prc-infantil-juvenil.recursos.uoc.edu\/guia-practiques-curriculars-estudiantat\/?page_id=143"},"modified":"2025-04-08T18:57:44","modified_gmt":"2025-04-08T16:57:44","slug":"5-1-introduccion","status":"publish","type":"page","link":"https:\/\/guia-prc-infantil-juvenil.recursos.uoc.edu\/guia-practiques-curriculars-estudiantat\/es\/5-1-introduccion\/","title":{"rendered":"5.1. Introducci\u00f3n"},"content":{"rendered":"<p>En la asignatura del Pr\u00e1cticum recibir\u00e9is <strong>dos valoraciones<\/strong>: por un lado, de las actividades hechas en el aula y, por otro lado, de las participaciones y tareas llevadas a cabo en el centro de pr\u00e1cticas. <strong>Cada una de estas valoraciones tendr\u00e1 un peso del 50 % respecto a la nota final de la asignatura, y ser\u00e1 necesario aprobar las dos partes para poder superar esta asignatura<\/strong>.<\/p>\n<p>En caso de que no aprob\u00e9is una de las dos partes del Pr\u00e1cticum, la asignatura quedar\u00e1 como no superada y deber\u00e9is volverla a cursar entera, es decir, tanto el trabajo en el aula como la estancia en el centro de pr\u00e1cticas. Por lo tanto, en ning\u00fan caso se conservar\u00e1 la calificaci\u00f3n de la parte superada.<\/p>\n<p>Los criterios de evaluaci\u00f3n los establece la Comisi\u00f3n del Pr\u00e1cticum de acuerdo con las directrices facilitadas a las conferencias de vicedecanos de Pr\u00e1cticum de las facultades de Psicolog\u00eda del Estado espa\u00f1ol, y teniendo en cuenta las caracter\u00edsticas propias del modelo pedag\u00f3gico de la UOC.<\/p>\n<p>Adem\u00e1s, <strong>al finalizar el semestre recibir\u00e9is una encuesta de satisfacci\u00f3n<\/strong> para evaluar el proceso y procedimiento de pr\u00e1cticas, el centro externo y el equipo docente. \u00a1Os animamos a completar esta encuesta, que nos resultar\u00e1 muy \u00fatil para conocer vuestra opini\u00f3n y mejorar, as\u00ed, la asignatura y los procesos derivados!<\/p>\n<p>A continuaci\u00f3n, pondremos el foco en la evaluaci\u00f3n que recibir\u00e9is por parte del equipo docente y por parte del centro de pr\u00e1cticas externo.<\/p>\n","protected":false},"excerpt":{"rendered":"<p>En la asignatura del Pr\u00e1cticum recibir\u00e9is dos valoraciones: por un lado, de las actividades hechas en el aula y, por otro lado, de las participaciones y tareas llevadas a cabo en el centro de pr\u00e1cticas. Cada una de estas valoraciones tendr\u00e1 un peso del 50 % respecto a la nota final de la asignatura, y [&hellip;]<\/p>\n","protected":false},"author":1,"featured_media":0,"parent":0,"menu_order":0,"comment_status":"closed","ping_status":"closed","template":"","meta":{"_acf_changed":false,"footnotes":""},"acf":[],"_links":{"self":[{"href":"https:\/\/guia-prc-infantil-juvenil.recursos.uoc.edu\/guia-practiques-curriculars-estudiantat\/es\/wp-json\/wp\/v2\/pages\/143"}],"collection":[{"href":"https:\/\/guia-prc-infantil-juvenil.recursos.uoc.edu\/guia-practiques-curriculars-estudiantat\/es\/wp-json\/wp\/v2\/pages"}],"about":[{"href":"https:\/\/guia-prc-infantil-juvenil.recursos.uoc.edu\/guia-practiques-curriculars-estudiantat\/es\/wp-json\/wp\/v2\/types\/page"}],"author":[{"embeddable":true,"href":"https:\/\/guia-prc-infantil-juvenil.recursos.uoc.edu\/guia-practiques-curriculars-estudiantat\/es\/wp-json\/wp\/v2\/users\/1"}],"replies":[{"embeddable":true,"href":"https:\/\/guia-prc-infantil-juvenil.recursos.uoc.edu\/guia-practiques-curriculars-estudiantat\/es\/wp-json\/wp\/v2\/comments?post=143"}],"version-history":[{"count":1,"href":"https:\/\/guia-prc-infantil-juvenil.recursos.uoc.edu\/guia-practiques-curriculars-estudiantat\/es\/wp-json\/wp\/v2\/pages\/143\/revisions"}],"predecessor-version":[{"id":144,"href":"https:\/\/guia-prc-infantil-juvenil.recursos.uoc.edu\/guia-practiques-curriculars-estudiantat\/es\/wp-json\/wp\/v2\/pages\/143\/revisions\/144"}],"wp:attachment":[{"href":"https:\/\/guia-prc-infantil-juvenil.recursos.uoc.edu\/guia-practiques-curriculars-estudiantat\/es\/wp-json\/wp\/v2\/media?parent=143"}],"curies":[{"name":"wp","href":"https:\/\/api.w.org\/{rel}","templated":true}]}}