{"id":129,"date":"2025-03-24T14:47:38","date_gmt":"2025-03-24T12:47:38","guid":{"rendered":"https:\/\/guia-prc-infantil-juvenil.recursos.uoc.edu\/guia-practiques-curriculars-estudiantat\/?page_id=129"},"modified":"2025-04-09T09:19:09","modified_gmt":"2025-04-09T07:19:09","slug":"2-1-introduccion","status":"publish","type":"page","link":"https:\/\/guia-prc-infantil-juvenil.recursos.uoc.edu\/guia-practiques-curriculars-estudiantat\/es\/2-1-introduccion\/","title":{"rendered":"2.1. Introducci\u00f3n"},"content":{"rendered":"<p>La asignatura del Pr\u00e1cticum tiene nueve cr\u00e9ditos ECTS, y la dedicaci\u00f3n queda repartida del modo siguiente:<\/p>\n<ul>\n<li>Asistencia tutorizada de ciento cincuenta horas en un centro de pr\u00e1cticas externo. Este centro podr\u00e1 ser una instituci\u00f3n p\u00fablica o privada, una asociaci\u00f3n, una organizaci\u00f3n no gubernamental, un gabinete profesional, etc., donde los trabajadores y trabajadoras del \u00e1mbito de la salud mental infantil y juvenil desarrollen su actividad profesional.<\/li>\n<li>Seguimiento tutorizado de setenta y cinco horas de trabajo en el aula, supervisadas por el profesorado colaborador de la asignatura.<\/li>\n<\/ul>\n<p>Para un correcto seguimiento docente en el aula virtual, se recomienda que las horas de pr\u00e1cticas en el centro se repartan a lo largo del semestre.<\/p>\n<p>Si por un motivo debidamente justificado necesit\u00e1is concentrar las horas de pr\u00e1cticas, ser\u00e1 necesario que solicit\u00e9is la valoraci\u00f3n de esta excepci\u00f3n a trav\u00e9s del Servicio de Atenci\u00f3n al Estudiante y que tambi\u00e9n inform\u00e9is de esta circunstancia a la tutor\u00eda. Sin embargo, las ciento cincuenta horas no se podr\u00e1n concentrar en un plazo inferior a dos meses.<\/p>\n<div class=\"featured featured-blue\"><p><strong>Recordad que<\/strong><strong>\u2026<\/strong><\/p>\n<p>De acuerdo con la <a href=\"https:\/\/www.boe.es\/diario_boe\/txt.php?id=BOE-A-2015-8470\" target=\"_blank\" rel=\"noopener\">Ley 26\/2015<\/a>, de 28 de julio, de modificaci\u00f3n del sistema de protecci\u00f3n a la infancia y a la adolescencia, los centros podr\u00e1n pedir al estudiantado en pr\u00e1cticas un <strong>certificado negativo de condena por delitos contra la libertad e indemnidad sexuales.<\/strong> En el apartado \u00abTr\u00e1mites\u00bb del Campus Virtual puede encontrarse m\u00e1s informaci\u00f3n sobre c\u00f3mo debe solicitarse este documento.<\/p>\n<\/div>\n<p>&nbsp;<\/p>\n","protected":false},"excerpt":{"rendered":"<p>La asignatura del Pr\u00e1cticum tiene nueve cr\u00e9ditos ECTS, y la dedicaci\u00f3n queda repartida del modo siguiente: Asistencia tutorizada de ciento cincuenta horas en un centro de pr\u00e1cticas externo. Este centro podr\u00e1 ser una instituci\u00f3n p\u00fablica o privada, una asociaci\u00f3n, una organizaci\u00f3n no gubernamental, un gabinete profesional, etc., donde los trabajadores y trabajadoras del \u00e1mbito de [&hellip;]<\/p>\n","protected":false},"author":1,"featured_media":0,"parent":0,"menu_order":0,"comment_status":"closed","ping_status":"closed","template":"","meta":{"_acf_changed":false,"footnotes":""},"acf":[],"_links":{"self":[{"href":"https:\/\/guia-prc-infantil-juvenil.recursos.uoc.edu\/guia-practiques-curriculars-estudiantat\/es\/wp-json\/wp\/v2\/pages\/129"}],"collection":[{"href":"https:\/\/guia-prc-infantil-juvenil.recursos.uoc.edu\/guia-practiques-curriculars-estudiantat\/es\/wp-json\/wp\/v2\/pages"}],"about":[{"href":"https:\/\/guia-prc-infantil-juvenil.recursos.uoc.edu\/guia-practiques-curriculars-estudiantat\/es\/wp-json\/wp\/v2\/types\/page"}],"author":[{"embeddable":true,"href":"https:\/\/guia-prc-infantil-juvenil.recursos.uoc.edu\/guia-practiques-curriculars-estudiantat\/es\/wp-json\/wp\/v2\/users\/1"}],"replies":[{"embeddable":true,"href":"https:\/\/guia-prc-infantil-juvenil.recursos.uoc.edu\/guia-practiques-curriculars-estudiantat\/es\/wp-json\/wp\/v2\/comments?post=129"}],"version-history":[{"count":3,"href":"https:\/\/guia-prc-infantil-juvenil.recursos.uoc.edu\/guia-practiques-curriculars-estudiantat\/es\/wp-json\/wp\/v2\/pages\/129\/revisions"}],"predecessor-version":[{"id":181,"href":"https:\/\/guia-prc-infantil-juvenil.recursos.uoc.edu\/guia-practiques-curriculars-estudiantat\/es\/wp-json\/wp\/v2\/pages\/129\/revisions\/181"}],"wp:attachment":[{"href":"https:\/\/guia-prc-infantil-juvenil.recursos.uoc.edu\/guia-practiques-curriculars-estudiantat\/es\/wp-json\/wp\/v2\/media?parent=129"}],"curies":[{"name":"wp","href":"https:\/\/api.w.org\/{rel}","templated":true}]}}