{"id":127,"date":"2025-03-24T14:46:21","date_gmt":"2025-03-24T12:46:21","guid":{"rendered":"https:\/\/guia-prc-infantil-juvenil.recursos.uoc.edu\/guia-practiques-curriculars-estudiantat\/?page_id=127"},"modified":"2025-04-08T19:04:28","modified_gmt":"2025-04-08T17:04:28","slug":"1-3-requisitos-y-recomendaciones","status":"publish","type":"page","link":"https:\/\/guia-prc-infantil-juvenil.recursos.uoc.edu\/guia-practiques-curriculars-estudiantat\/es\/1-3-requisitos-y-recomendaciones\/","title":{"rendered":"1.3. Requisitos y recomendaciones"},"content":{"rendered":"<p>La asignatura del Pr\u00e1cticum tiene unos requisitos que deb\u00e9is cumplir para poder cursarla. En consecuencia, es imprescindible que los teng\u00e1is en cuenta a la hora de hacer la matr\u00edcula del semestre o semestres anteriores al momento de cursar el Pr\u00e1cticum y, adem\u00e1s, que sig\u00e1is los pasos que quedan descritos, en detalle, en el apartado \u00ab<a href=\"https:\/\/guia-prc-infantil-juvenil.recursos.uoc.edu\/guia-practiques-curriculars-estudiantat\/es\/6-proceso-y-procedimiento\/\" target=\"_blank\" rel=\"noopener\">Proceso y procedimiento<\/a>\u00bb.<\/p>\n<p>En relaci\u00f3n con los <strong>requisitos acad\u00e9micos<\/strong>, deb\u00e9is tener presente que:<\/p>\n<div class=\"featured featured-blue\"><p>Para cursar el <strong>Pr\u00e1cticum<\/strong> ser\u00e1 necesario haber <strong>aprobado e incorporado al expediente todas las asignaturas obligatorias que constituyen el plan de estudios<\/strong>, excepto la asignatura de <strong>Integraci\u00f3n de modelos y t\u00e9cnicas de intervenci\u00f3n, en la que tendr\u00e9is que estar matriculados<\/strong> en el mismo semestre en el que se cursan la asignatura del Pr\u00e1cticum y el Trabajo final de m\u00e1ster.<\/p>\n<\/div>\n<p>Para consultar cu\u00e1les son estas asignaturas requisito, os recomendamos revisar el apartado \u00ab<a href=\"https:\/\/guia-prc-infantil-juvenil.recursos.uoc.edu\/guia-practiques-curriculars-estudiantat\/es\/anexos\/\" target=\"_blank\" rel=\"noopener\">Anexos<\/a>\u00bb de esta gu\u00eda.<\/p>\n<p>Con relaci\u00f3n a otros requisitos, deb\u00e9is tener muy en cuenta que, para cursar el Pr\u00e1cticum, <strong>deber\u00e9is inscribiros en la convocatoria de pr\u00e1cticas, dentro de la herramienta Xperience, y solicitar las plazas<\/strong>. Si no ten\u00e9is una plaza asignada, en ning\u00fan caso podr\u00e9is cursar la asignatura del Pr\u00e1cticum. Toda esta informaci\u00f3n la encontrar\u00e9is detallada en el apartado \u00ab<a href=\"https:\/\/guia-prc-infantil-juvenil.recursos.uoc.edu\/guia-practiques-curriculars-estudiantat\/es\/6-proceso-y-procedimiento\/\" target=\"_blank\" rel=\"noopener\">Proceso y procedimiento<\/a>\u00bb de esta gu\u00eda y, por lo tanto, es imprescindible que la consult\u00e9is.<\/p>\n<div class=\"featured featured-blue\"><p><strong>Tened en cuenta que<\/strong><strong>\u2026<\/strong><\/p>\n<p>Es altamente recomendable consultar peri\u00f3dicamente la <strong>informaci\u00f3n de \u00abCampus \/ Tr\u00e1mites \/ Pr\u00e1cticas en empresas \/ Pr\u00e1cticas curriculares \/ M\u00e1ster universitario en Psicolog\u00eda Infantil y Juvenil\u00bb<\/strong>: all\u00ed se indica cu\u00e1ndo se inicia el proceso de solicitud para cursar el Pr\u00e1cticum cada semestre. Adem\u00e1s, en el aula de tutor\u00eda tambi\u00e9n se os informar\u00e1 cuando se abra la solicitud. Por otro lado, deb\u00e9is tener en cuenta que esta solicitud se abrir\u00e1 a mediados del semestre anterior a aquel en el que hag\u00e1is el Pr\u00e1cticum y, por lo tanto, es posible que est\u00e9is cursando las asignaturas requisito en ese momento. Esto no es ning\u00fan impedimento y, en consecuencia, deb\u00e9is hacer la solicitud si est\u00e1is cursando (y os hab\u00e9is matriculado, pues) las asignaturas requisito que os falten. En cualquier caso, si posteriormente no superarais estas asignaturas requisito, no podr\u00edais cursar el Pr\u00e1cticum.<\/p>\n<\/div>\n","protected":false},"excerpt":{"rendered":"<p>La asignatura del Pr\u00e1cticum tiene unos requisitos que deb\u00e9is cumplir para poder cursarla. En consecuencia, es imprescindible que los teng\u00e1is en cuenta a la hora de hacer la matr\u00edcula del semestre o semestres anteriores al momento de cursar el Pr\u00e1cticum y, adem\u00e1s, que sig\u00e1is los pasos que quedan descritos, en detalle, en el apartado \u00abProceso [&hellip;]<\/p>\n","protected":false},"author":1,"featured_media":0,"parent":0,"menu_order":0,"comment_status":"closed","ping_status":"closed","template":"","meta":{"_acf_changed":false,"footnotes":""},"acf":[],"_links":{"self":[{"href":"https:\/\/guia-prc-infantil-juvenil.recursos.uoc.edu\/guia-practiques-curriculars-estudiantat\/es\/wp-json\/wp\/v2\/pages\/127"}],"collection":[{"href":"https:\/\/guia-prc-infantil-juvenil.recursos.uoc.edu\/guia-practiques-curriculars-estudiantat\/es\/wp-json\/wp\/v2\/pages"}],"about":[{"href":"https:\/\/guia-prc-infantil-juvenil.recursos.uoc.edu\/guia-practiques-curriculars-estudiantat\/es\/wp-json\/wp\/v2\/types\/page"}],"author":[{"embeddable":true,"href":"https:\/\/guia-prc-infantil-juvenil.recursos.uoc.edu\/guia-practiques-curriculars-estudiantat\/es\/wp-json\/wp\/v2\/users\/1"}],"replies":[{"embeddable":true,"href":"https:\/\/guia-prc-infantil-juvenil.recursos.uoc.edu\/guia-practiques-curriculars-estudiantat\/es\/wp-json\/wp\/v2\/comments?post=127"}],"version-history":[{"count":2,"href":"https:\/\/guia-prc-infantil-juvenil.recursos.uoc.edu\/guia-practiques-curriculars-estudiantat\/es\/wp-json\/wp\/v2\/pages\/127\/revisions"}],"predecessor-version":[{"id":156,"href":"https:\/\/guia-prc-infantil-juvenil.recursos.uoc.edu\/guia-practiques-curriculars-estudiantat\/es\/wp-json\/wp\/v2\/pages\/127\/revisions\/156"}],"wp:attachment":[{"href":"https:\/\/guia-prc-infantil-juvenil.recursos.uoc.edu\/guia-practiques-curriculars-estudiantat\/es\/wp-json\/wp\/v2\/media?parent=127"}],"curies":[{"name":"wp","href":"https:\/\/api.w.org\/{rel}","templated":true}]}}