{"id":125,"date":"2025-03-24T14:45:13","date_gmt":"2025-03-24T12:45:13","guid":{"rendered":"https:\/\/guia-prc-infantil-juvenil.recursos.uoc.edu\/guia-practiques-curriculars-estudiantat\/?page_id=125"},"modified":"2025-04-08T17:20:26","modified_gmt":"2025-04-08T15:20:26","slug":"1-2-cuando-se-cursa-el-practicum","status":"publish","type":"page","link":"https:\/\/guia-prc-infantil-juvenil.recursos.uoc.edu\/guia-practiques-curriculars-estudiantat\/es\/1-2-cuando-se-cursa-el-practicum\/","title":{"rendered":"1.2. \u00bfCu\u00e1ndo se cursa el Pr\u00e1cticum?"},"content":{"rendered":"<p>De acuerdo con el plan de estudios, que pod\u00e9is encontrar en el apartado \u00abM\u00e1s UOC \/ Planes de estudio\u00bb, el Pr\u00e1cticum es <strong>una de las \u00faltimas asignaturas del plan de estudios<\/strong> del m\u00e1ster universitario en Psicolog\u00eda Infantil y Juvenil. As\u00ed pues, la experiencia en el mundo profesional llegar\u00e1 despu\u00e9s de un periodo de formaci\u00f3n previa y habiendo cursado las asignaturas requisito necesarias, que quedan detalladas en el pr\u00f3ximo apartado.<\/p>\n","protected":false},"excerpt":{"rendered":"<p>De acuerdo con el plan de estudios, que pod\u00e9is encontrar en el apartado \u00abM\u00e1s UOC \/ Planes de estudio\u00bb, el Pr\u00e1cticum es una de las \u00faltimas asignaturas del plan de estudios del m\u00e1ster universitario en Psicolog\u00eda Infantil y Juvenil. As\u00ed pues, la experiencia en el mundo profesional llegar\u00e1 despu\u00e9s de un periodo de formaci\u00f3n previa [&hellip;]<\/p>\n","protected":false},"author":1,"featured_media":0,"parent":0,"menu_order":0,"comment_status":"closed","ping_status":"closed","template":"","meta":{"_acf_changed":false,"footnotes":""},"acf":[],"_links":{"self":[{"href":"https:\/\/guia-prc-infantil-juvenil.recursos.uoc.edu\/guia-practiques-curriculars-estudiantat\/es\/wp-json\/wp\/v2\/pages\/125"}],"collection":[{"href":"https:\/\/guia-prc-infantil-juvenil.recursos.uoc.edu\/guia-practiques-curriculars-estudiantat\/es\/wp-json\/wp\/v2\/pages"}],"about":[{"href":"https:\/\/guia-prc-infantil-juvenil.recursos.uoc.edu\/guia-practiques-curriculars-estudiantat\/es\/wp-json\/wp\/v2\/types\/page"}],"author":[{"embeddable":true,"href":"https:\/\/guia-prc-infantil-juvenil.recursos.uoc.edu\/guia-practiques-curriculars-estudiantat\/es\/wp-json\/wp\/v2\/users\/1"}],"replies":[{"embeddable":true,"href":"https:\/\/guia-prc-infantil-juvenil.recursos.uoc.edu\/guia-practiques-curriculars-estudiantat\/es\/wp-json\/wp\/v2\/comments?post=125"}],"version-history":[{"count":1,"href":"https:\/\/guia-prc-infantil-juvenil.recursos.uoc.edu\/guia-practiques-curriculars-estudiantat\/es\/wp-json\/wp\/v2\/pages\/125\/revisions"}],"predecessor-version":[{"id":126,"href":"https:\/\/guia-prc-infantil-juvenil.recursos.uoc.edu\/guia-practiques-curriculars-estudiantat\/es\/wp-json\/wp\/v2\/pages\/125\/revisions\/126"}],"wp:attachment":[{"href":"https:\/\/guia-prc-infantil-juvenil.recursos.uoc.edu\/guia-practiques-curriculars-estudiantat\/es\/wp-json\/wp\/v2\/media?parent=125"}],"curies":[{"name":"wp","href":"https:\/\/api.w.org\/{rel}","templated":true}]}}