{"id":123,"date":"2025-03-24T14:38:49","date_gmt":"2025-03-24T12:38:49","guid":{"rendered":"https:\/\/guia-prc-infantil-juvenil.recursos.uoc.edu\/guia-practiques-curriculars-estudiantat\/?page_id=123"},"modified":"2025-04-08T17:19:15","modified_gmt":"2025-04-08T15:19:15","slug":"introduccion","status":"publish","type":"page","link":"https:\/\/guia-prc-infantil-juvenil.recursos.uoc.edu\/guia-practiques-curriculars-estudiantat\/es\/","title":{"rendered":"Introducci\u00f3n"},"content":{"rendered":"<p>En esta gu\u00eda podr\u00e9is encontrar la <strong>informaci\u00f3n b\u00e1sica de la asignatura del Pr\u00e1cticum <\/strong>que se imparte en la titulaci\u00f3n del m\u00e1ster universitario en Psicolog\u00eda Infantil y Juvenil: T\u00e9cnicas y Estrategias de Intervenci\u00f3n de la Universitat Oberta de Catalunya (UOC). Se explica qu\u00e9 es el Pr\u00e1cticum, cu\u00e1les son sus objetivos b\u00e1sicos, los requisitos necesarios y las actividades de seguimiento y de evaluaci\u00f3n que se llevan a cabo, entre otras cuestiones.<\/p>\n<p>Recordad que deb\u00e9is <strong>tomar esta gu\u00eda como referente<\/strong> y consultar a vuestra tutor\u00eda del m\u00e1ster cualquier duda que pueda generaros.<\/p>\n","protected":false},"excerpt":{"rendered":"<p>En esta gu\u00eda podr\u00e9is encontrar la informaci\u00f3n b\u00e1sica de la asignatura del Pr\u00e1cticum que se imparte en la titulaci\u00f3n del m\u00e1ster universitario en Psicolog\u00eda Infantil y Juvenil: T\u00e9cnicas y Estrategias de Intervenci\u00f3n de la Universitat Oberta de Catalunya (UOC). Se explica qu\u00e9 es el Pr\u00e1cticum, cu\u00e1les son sus objetivos b\u00e1sicos, los requisitos necesarios y las [&hellip;]<\/p>\n","protected":false},"author":1,"featured_media":0,"parent":0,"menu_order":0,"comment_status":"closed","ping_status":"closed","template":"","meta":{"_acf_changed":false,"footnotes":""},"acf":[],"_links":{"self":[{"href":"https:\/\/guia-prc-infantil-juvenil.recursos.uoc.edu\/guia-practiques-curriculars-estudiantat\/es\/wp-json\/wp\/v2\/pages\/123"}],"collection":[{"href":"https:\/\/guia-prc-infantil-juvenil.recursos.uoc.edu\/guia-practiques-curriculars-estudiantat\/es\/wp-json\/wp\/v2\/pages"}],"about":[{"href":"https:\/\/guia-prc-infantil-juvenil.recursos.uoc.edu\/guia-practiques-curriculars-estudiantat\/es\/wp-json\/wp\/v2\/types\/page"}],"author":[{"embeddable":true,"href":"https:\/\/guia-prc-infantil-juvenil.recursos.uoc.edu\/guia-practiques-curriculars-estudiantat\/es\/wp-json\/wp\/v2\/users\/1"}],"replies":[{"embeddable":true,"href":"https:\/\/guia-prc-infantil-juvenil.recursos.uoc.edu\/guia-practiques-curriculars-estudiantat\/es\/wp-json\/wp\/v2\/comments?post=123"}],"version-history":[{"count":1,"href":"https:\/\/guia-prc-infantil-juvenil.recursos.uoc.edu\/guia-practiques-curriculars-estudiantat\/es\/wp-json\/wp\/v2\/pages\/123\/revisions"}],"predecessor-version":[{"id":124,"href":"https:\/\/guia-prc-infantil-juvenil.recursos.uoc.edu\/guia-practiques-curriculars-estudiantat\/es\/wp-json\/wp\/v2\/pages\/123\/revisions\/124"}],"wp:attachment":[{"href":"https:\/\/guia-prc-infantil-juvenil.recursos.uoc.edu\/guia-practiques-curriculars-estudiantat\/es\/wp-json\/wp\/v2\/media?parent=123"}],"curies":[{"name":"wp","href":"https:\/\/api.w.org\/{rel}","templated":true}]}}