{"id":115,"date":"2025-03-24T14:44:07","date_gmt":"2025-03-24T12:44:07","guid":{"rendered":"https:\/\/guia-prc-infantil-juvenil.recursos.uoc.edu\/guia-practiques-curriculars-estudiantat\/?page_id=115"},"modified":"2026-01-23T13:22:27","modified_gmt":"2026-01-23T11:22:27","slug":"1-1-introduccio","status":"publish","type":"page","link":"https:\/\/guia-prc-infantil-juvenil.recursos.uoc.edu\/guia-practiques-curriculars-estudiantat\/es\/1-1-introduccio\/","title":{"rendered":"1.1. Introducci\u00f3n"},"content":{"rendered":"<p>El plan de estudios del m\u00e1ster universitario en Psicolog\u00eda Infantil y Juvenil contiene <strong>la asignatura obligatoria de nueve cr\u00e9ditos del Pr\u00e1cticum<\/strong>, mediante la cual <strong>pondr\u00e9is en pr\u00e1ctica las competencias<\/strong> profesionales relacionadas con el \u00e1mbito de la intervenci\u00f3n en salud mental infantil y juvenil que hasta ese momento hab\u00e9is estado <strong>trabajando y desarrollando en las asignaturas del m\u00e1ster<\/strong>.<\/p>\n<p>Centr\u00e9monos en la descripci\u00f3n del Pr\u00e1cticum.<\/p>\n<div class=\"featured featured-blue\"><p>Tal como lo define Zabalza (2016), el Pr\u00e1cticum os permitir\u00e1, como estudiantado, formaros con otras figuras profesionales e instituciones fuera de la universidad; enriquecer el contexto en el que se produce esta formaci\u00f3n; adquirir tareas y responsabilidades diferentes a las que hab\u00e9is asumido hasta entonces, y aprender a partir de un trabajo pr\u00e1ctico.<\/p>\n<\/div>\n<p>As\u00ed pues, el <strong>objetivo general del Pr\u00e1cticum es acercaros al mundo profesiona<\/strong><strong>l<\/strong> del \u00e1mbito de la salud mental infantil y juvenil, para que pod\u00e1is aplicar las competencias y el conocimiento te\u00f3rico que hab\u00e9is adquirido a lo largo de toda la titulaci\u00f3n.<\/p>\n<p>En este sentido, los objetivos espec\u00edficos del Pr\u00e1cticum son (Moreno, 2002):<\/p>\n<ul>\n<li>Adquirir y consolidar conocimientos y habilidades.<\/li>\n<li>Aprender el rol de las y los profesionales de la psicolog\u00eda.<\/li>\n<li>Iniciar la inserci\u00f3n profesional.<\/li>\n<\/ul>\n<p>En el apartado \u00ab<a href=\"https:\/\/guia-prc-infantil-juvenil.recursos.uoc.edu\/guia-practiques-curriculars-estudiantat\/es\/3-resultados-aprendizaje\/\" target=\"_blank\" rel=\"noopener\">Resultados de aprendizaje<\/a>\u00bb podr\u00e9is conocer mejor qu\u00e9 conocimientos, habilidades y competencias trabajar\u00e9is y desarrollar\u00e9is al cursar el Pr\u00e1cticum.<\/p>\n","protected":false},"excerpt":{"rendered":"<p>El plan de estudios del m\u00e1ster universitario en Psicolog\u00eda Infantil y Juvenil contiene la asignatura obligatoria de nueve cr\u00e9ditos del Pr\u00e1cticum, mediante la cual pondr\u00e9is en pr\u00e1ctica las competencias profesionales relacionadas con el \u00e1mbito de la intervenci\u00f3n en salud mental infantil y juvenil que hasta ese momento hab\u00e9is estado trabajando y desarrollando en las asignaturas [&hellip;]<\/p>\n","protected":false},"author":1,"featured_media":0,"parent":0,"menu_order":0,"comment_status":"closed","ping_status":"closed","template":"","meta":{"_acf_changed":false,"footnotes":""},"acf":[],"_links":{"self":[{"href":"https:\/\/guia-prc-infantil-juvenil.recursos.uoc.edu\/guia-practiques-curriculars-estudiantat\/es\/wp-json\/wp\/v2\/pages\/115"}],"collection":[{"href":"https:\/\/guia-prc-infantil-juvenil.recursos.uoc.edu\/guia-practiques-curriculars-estudiantat\/es\/wp-json\/wp\/v2\/pages"}],"about":[{"href":"https:\/\/guia-prc-infantil-juvenil.recursos.uoc.edu\/guia-practiques-curriculars-estudiantat\/es\/wp-json\/wp\/v2\/types\/page"}],"author":[{"embeddable":true,"href":"https:\/\/guia-prc-infantil-juvenil.recursos.uoc.edu\/guia-practiques-curriculars-estudiantat\/es\/wp-json\/wp\/v2\/users\/1"}],"replies":[{"embeddable":true,"href":"https:\/\/guia-prc-infantil-juvenil.recursos.uoc.edu\/guia-practiques-curriculars-estudiantat\/es\/wp-json\/wp\/v2\/comments?post=115"}],"version-history":[{"count":9,"href":"https:\/\/guia-prc-infantil-juvenil.recursos.uoc.edu\/guia-practiques-curriculars-estudiantat\/es\/wp-json\/wp\/v2\/pages\/115\/revisions"}],"predecessor-version":[{"id":120,"href":"https:\/\/guia-prc-infantil-juvenil.recursos.uoc.edu\/guia-practiques-curriculars-estudiantat\/es\/wp-json\/wp\/v2\/pages\/115\/revisions\/120"}],"wp:attachment":[{"href":"https:\/\/guia-prc-infantil-juvenil.recursos.uoc.edu\/guia-practiques-curriculars-estudiantat\/es\/wp-json\/wp\/v2\/media?parent=115"}],"curies":[{"name":"wp","href":"https:\/\/api.w.org\/{rel}","templated":true}]}}