{"id":11,"date":"2025-02-21T12:44:34","date_gmt":"2025-02-21T11:44:34","guid":{"rendered":"https:\/\/guia-prc-infantil-juvenil.recursos.uoc.edu\/?page_id=11"},"modified":"2025-04-09T09:14:37","modified_gmt":"2025-04-09T07:14:37","slug":"pagina-de-ejemplo-cast","status":"publish","type":"page","link":"https:\/\/guia-prc-infantil-juvenil.recursos.uoc.edu\/es\/","title":{"rendered":"Introducci\u00f3n"},"content":{"rendered":"<p>La asignatura del Pr\u00e1cticum del <strong>m\u00e1ster en Psicolog\u00eda Infantil y Juvenil<\/strong> es una experiencia profesionalizadora que permite al estudiantado poner en pr\u00e1ctica y consolidar la consecuci\u00f3n de las competencias desarrolladas a lo largo de la titulaci\u00f3n. Esta gu\u00eda de la asignatura tiene por objetivo convertirse en un recurso de aprendizaje \u00fatil para guiar y orientar al estudiantado en la solicitud, realizaci\u00f3n, supervisi\u00f3n y evaluaci\u00f3n de sus pr\u00e1cticas curriculares.<\/p>\n","protected":false},"excerpt":{"rendered":"<p>La asignatura del Pr\u00e1cticum del m\u00e1ster en Psicolog\u00eda Infantil y Juvenil es una experiencia profesionalizadora que permite al estudiantado poner en pr\u00e1ctica y consolidar la consecuci\u00f3n de las competencias desarrolladas a lo largo de la titulaci\u00f3n. Esta gu\u00eda de la asignatura tiene por objetivo convertirse en un recurso de aprendizaje \u00fatil para guiar y orientar [&hellip;]<\/p>\n","protected":false},"author":1,"featured_media":0,"parent":0,"menu_order":0,"comment_status":"closed","ping_status":"closed","template":"page-home.php","meta":{"_acf_changed":false,"footnotes":""},"acf":[],"_links":{"self":[{"href":"https:\/\/guia-prc-infantil-juvenil.recursos.uoc.edu\/es\/wp-json\/wp\/v2\/pages\/11"}],"collection":[{"href":"https:\/\/guia-prc-infantil-juvenil.recursos.uoc.edu\/es\/wp-json\/wp\/v2\/pages"}],"about":[{"href":"https:\/\/guia-prc-infantil-juvenil.recursos.uoc.edu\/es\/wp-json\/wp\/v2\/types\/page"}],"author":[{"embeddable":true,"href":"https:\/\/guia-prc-infantil-juvenil.recursos.uoc.edu\/es\/wp-json\/wp\/v2\/users\/1"}],"replies":[{"embeddable":true,"href":"https:\/\/guia-prc-infantil-juvenil.recursos.uoc.edu\/es\/wp-json\/wp\/v2\/comments?post=11"}],"version-history":[{"count":3,"href":"https:\/\/guia-prc-infantil-juvenil.recursos.uoc.edu\/es\/wp-json\/wp\/v2\/pages\/11\/revisions"}],"predecessor-version":[{"id":46,"href":"https:\/\/guia-prc-infantil-juvenil.recursos.uoc.edu\/es\/wp-json\/wp\/v2\/pages\/11\/revisions\/46"}],"wp:attachment":[{"href":"https:\/\/guia-prc-infantil-juvenil.recursos.uoc.edu\/es\/wp-json\/wp\/v2\/media?parent=11"}],"curies":[{"name":"wp","href":"https:\/\/api.w.org\/{rel}","templated":true}]}}