{"id":33,"date":"2025-03-24T16:55:49","date_gmt":"2025-03-24T14:55:49","guid":{"rendered":"https:\/\/guia-prc-infantil-juvenil.recursos.uoc.edu\/bones-practiques\/?page_id=33"},"modified":"2025-04-07T10:12:34","modified_gmt":"2025-04-07T08:12:34","slug":"bibliografia","status":"publish","type":"page","link":"https:\/\/guia-prc-infantil-juvenil.recursos.uoc.edu\/bones-practiques\/bibliografia\/","title":{"rendered":"Bibliografia"},"content":{"rendered":"<p>Ardila, R. [Rub\u00e9n]. (2011). Una declaraci\u00f3n de principios \u00e9ticos en psicolog\u00eda para toda la humanidad. <em>Eureka<\/em>, <em>8<\/em>(1), 14-18.<\/p>\n<p>Selva, C. [Clara] i Pina, R. [Roc\u00edo]. (2025). <em>La \u00e9tica en la pr\u00e1ctica psicol\u00f3gica: Dilemas y Retos. <\/em>UOC.<\/p>\n<p>&nbsp;<\/p>\n<p>&nbsp;<\/p>\n","protected":false},"excerpt":{"rendered":"<p>Ardila, R. [Rub\u00e9n]. (2011). Una declaraci\u00f3n de principios \u00e9ticos en psicolog\u00eda para toda la humanidad. Eureka, 8(1), 14-18. Selva, C. [Clara] i Pina, R. [Roc\u00edo]. (2025). La \u00e9tica en la pr\u00e1ctica psicol\u00f3gica: Dilemas y Retos. UOC. &nbsp; &nbsp;<\/p>\n","protected":false},"author":1,"featured_media":0,"parent":0,"menu_order":0,"comment_status":"closed","ping_status":"closed","template":"","meta":{"_acf_changed":false,"footnotes":""},"acf":[],"_links":{"self":[{"href":"https:\/\/guia-prc-infantil-juvenil.recursos.uoc.edu\/bones-practiques\/wp-json\/wp\/v2\/pages\/33"}],"collection":[{"href":"https:\/\/guia-prc-infantil-juvenil.recursos.uoc.edu\/bones-practiques\/wp-json\/wp\/v2\/pages"}],"about":[{"href":"https:\/\/guia-prc-infantil-juvenil.recursos.uoc.edu\/bones-practiques\/wp-json\/wp\/v2\/types\/page"}],"author":[{"embeddable":true,"href":"https:\/\/guia-prc-infantil-juvenil.recursos.uoc.edu\/bones-practiques\/wp-json\/wp\/v2\/users\/1"}],"replies":[{"embeddable":true,"href":"https:\/\/guia-prc-infantil-juvenil.recursos.uoc.edu\/bones-practiques\/wp-json\/wp\/v2\/comments?post=33"}],"version-history":[{"count":3,"href":"https:\/\/guia-prc-infantil-juvenil.recursos.uoc.edu\/bones-practiques\/wp-json\/wp\/v2\/pages\/33\/revisions"}],"predecessor-version":[{"id":52,"href":"https:\/\/guia-prc-infantil-juvenil.recursos.uoc.edu\/bones-practiques\/wp-json\/wp\/v2\/pages\/33\/revisions\/52"}],"wp:attachment":[{"href":"https:\/\/guia-prc-infantil-juvenil.recursos.uoc.edu\/bones-practiques\/wp-json\/wp\/v2\/media?parent=33"}],"curies":[{"name":"wp","href":"https:\/\/api.w.org\/{rel}","templated":true}]}}