{"id":22,"date":"2025-03-24T16:52:30","date_gmt":"2025-03-24T14:52:30","guid":{"rendered":"https:\/\/guia-prc-infantil-juvenil.recursos.uoc.edu\/bones-practiques\/?page_id=22"},"modified":"2025-03-24T16:52:30","modified_gmt":"2025-03-24T14:52:30","slug":"1-2-principis-generals","status":"publish","type":"page","link":"https:\/\/guia-prc-infantil-juvenil.recursos.uoc.edu\/bones-practiques\/1-2-principis-generals\/","title":{"rendered":"1.2. Principis generals"},"content":{"rendered":"<p>Com ja heu pogut veure a l\u2019apartat anterior, el Codi deontol\u00f2gic catal\u00e0 es divideix en dues parts. En la primera consten els principis generals i en la segona, un conjunt de normes.<\/p>\n<p>En aquest apartat, volem posar el focus en els principis generals que, com el nom indica, han de guiar els principis sota els quals s\u2019exerceix la professi\u00f3.<\/p>\n<p><strong>La benefic\u00e8ncia i no-malefic\u00e8ncia<\/strong><\/p>\n<p>Aquest principi estableix el comprom\u00eds de promoure i protegir els interessos leg\u00edtims de les i els usuaris, incl\u00f2s el seu benestar f\u00edsic, ps\u00edquic i social. Per tant, \u00e9s un deure prioritari evitar causar dany amb les nostres accions (COPC, 2015).<\/p>\n<p><strong>La responsabilitat<\/strong><\/p>\n<p>Totes les nostres activitats com a professionals de la psicologia s\u2019han de dur a terme sota responsabilitat professional i cient\u00edfica, complint les normes deontol\u00f2giques. Tamb\u00e9 s\u2019ha de mantenir una formaci\u00f3 continuada (COPC, 2015).<\/p>\n<p><strong>La integritat<\/strong><\/p>\n<p>Durant l\u2019exercici professional, s\u2019ha de promoure l\u2019exactitud, rigor, veracitat, ensenyament i recerca. A m\u00e9s, les relacions amb usuaris han de ser des del respecte i el principi d\u2019honestedat (COPC, 2015).<\/p>\n<p><strong>La just\u00edcia<\/strong><\/p>\n<p>L\u2019exercici professional ha de ser equitatiu i just, sense cap mena de discriminaci\u00f3 (COPC, 2015).<\/p>\n<p><strong>La legalitat<\/strong><\/p>\n<p>Durant l\u2019exercici professional s\u2019han de respectar els drets de privacitat, confidencialitat i autonomia personal. A m\u00e9s, l\u2019activitat s\u2019ha de desenvolupar d\u2019acord amb la legalitat internacional, nacional, auton\u00f2mica i sota les normes de regulaci\u00f3 d\u2019aquesta professi\u00f3 (COPC, 2015).<\/p>\n","protected":false},"excerpt":{"rendered":"<p>Com ja heu pogut veure a l\u2019apartat anterior, el Codi deontol\u00f2gic catal\u00e0 es divideix en dues parts. En la primera consten els principis generals i en la segona, un conjunt de normes. En aquest apartat, volem posar el focus en els principis generals que, com el nom indica, han de guiar els principis sota els [&hellip;]<\/p>\n","protected":false},"author":1,"featured_media":0,"parent":0,"menu_order":0,"comment_status":"closed","ping_status":"closed","template":"","meta":{"_acf_changed":false,"footnotes":""},"acf":[],"_links":{"self":[{"href":"https:\/\/guia-prc-infantil-juvenil.recursos.uoc.edu\/bones-practiques\/wp-json\/wp\/v2\/pages\/22"}],"collection":[{"href":"https:\/\/guia-prc-infantil-juvenil.recursos.uoc.edu\/bones-practiques\/wp-json\/wp\/v2\/pages"}],"about":[{"href":"https:\/\/guia-prc-infantil-juvenil.recursos.uoc.edu\/bones-practiques\/wp-json\/wp\/v2\/types\/page"}],"author":[{"embeddable":true,"href":"https:\/\/guia-prc-infantil-juvenil.recursos.uoc.edu\/bones-practiques\/wp-json\/wp\/v2\/users\/1"}],"replies":[{"embeddable":true,"href":"https:\/\/guia-prc-infantil-juvenil.recursos.uoc.edu\/bones-practiques\/wp-json\/wp\/v2\/comments?post=22"}],"version-history":[{"count":2,"href":"https:\/\/guia-prc-infantil-juvenil.recursos.uoc.edu\/bones-practiques\/wp-json\/wp\/v2\/pages\/22\/revisions"}],"predecessor-version":[{"id":24,"href":"https:\/\/guia-prc-infantil-juvenil.recursos.uoc.edu\/bones-practiques\/wp-json\/wp\/v2\/pages\/22\/revisions\/24"}],"wp:attachment":[{"href":"https:\/\/guia-prc-infantil-juvenil.recursos.uoc.edu\/bones-practiques\/wp-json\/wp\/v2\/media?parent=22"}],"curies":[{"name":"wp","href":"https:\/\/api.w.org\/{rel}","templated":true}]}}