{"id":19,"date":"2025-03-24T16:51:32","date_gmt":"2025-03-24T14:51:32","guid":{"rendered":"https:\/\/guia-prc-infantil-juvenil.recursos.uoc.edu\/bones-practiques\/?page_id=19"},"modified":"2025-03-25T13:32:02","modified_gmt":"2025-03-25T11:32:02","slug":"1-1-introduccio","status":"publish","type":"page","link":"https:\/\/guia-prc-infantil-juvenil.recursos.uoc.edu\/bones-practiques\/1-1-introduccio\/","title":{"rendered":"1.1. Introducci\u00f3"},"content":{"rendered":"<p>El Codi deontol\u00f2gic estableix un marc de principis generals i de principis espec\u00edfics, sota el qual els professionals de la psicologia han d\u2019exercir la professi\u00f3.<\/p>\n<p>Al pre\u00e0mbul del mateix Codi deontol\u00f2gic del Col\u00b7legi Oficial de Psicologia de Catalunya s\u2019indica que:<\/p>\n<blockquote><p>Els objectius s\u00f3n l\u2019orientaci\u00f3 de l\u2019exercici professional, la promoci\u00f3 de la responsabilitat, la integritat professional i el respecte als drets i la dignitat de les persones.<\/p><\/blockquote>\n<p>Abans d\u2019iniciar les pr\u00e0ctiques i durant, us recomanem que el llegiu amb atenci\u00f3. Recordeu que podeu trobar per a cada comunitat aut\u00f2noma el codi deontol\u00f2gic que s\u2019hi aplica.<\/p>\n<p>A continuaci\u00f3, us deixem els enlla\u00e7os del <a href=\"https:\/\/arxiu.copc.cat\/adjuntos\/adjunto_188.1524062657.pdf\" target=\"_blank\" rel=\"noopener\">Codi deontol\u00f2gic del Col\u00b7legi Oficial de la Psicologia de Catalunya<\/a> (COPC) i tamb\u00e9 el del <a href=\"http:\/\/www.cop.es\/pdf\/CodigoDeontologicodelPsicologo-vigente.pdf\" target=\"_blank\" rel=\"noopener\">Codi deontol\u00f2gic<\/a> que s\u2019aplica a tot Espanya, corresponent al Consell General de la Psicologia d\u2019Espanya (CGPE).<\/p>\n","protected":false},"excerpt":{"rendered":"<p>El Codi deontol\u00f2gic estableix un marc de principis generals i de principis espec\u00edfics, sota el qual els professionals de la psicologia han d\u2019exercir la professi\u00f3. Al pre\u00e0mbul del mateix Codi deontol\u00f2gic del Col\u00b7legi Oficial de Psicologia de Catalunya s\u2019indica que: Els objectius s\u00f3n l\u2019orientaci\u00f3 de l\u2019exercici professional, la promoci\u00f3 de la responsabilitat, la integritat professional [&hellip;]<\/p>\n","protected":false},"author":1,"featured_media":0,"parent":0,"menu_order":0,"comment_status":"closed","ping_status":"closed","template":"","meta":{"_acf_changed":false,"footnotes":""},"acf":[],"_links":{"self":[{"href":"https:\/\/guia-prc-infantil-juvenil.recursos.uoc.edu\/bones-practiques\/wp-json\/wp\/v2\/pages\/19"}],"collection":[{"href":"https:\/\/guia-prc-infantil-juvenil.recursos.uoc.edu\/bones-practiques\/wp-json\/wp\/v2\/pages"}],"about":[{"href":"https:\/\/guia-prc-infantil-juvenil.recursos.uoc.edu\/bones-practiques\/wp-json\/wp\/v2\/types\/page"}],"author":[{"embeddable":true,"href":"https:\/\/guia-prc-infantil-juvenil.recursos.uoc.edu\/bones-practiques\/wp-json\/wp\/v2\/users\/1"}],"replies":[{"embeddable":true,"href":"https:\/\/guia-prc-infantil-juvenil.recursos.uoc.edu\/bones-practiques\/wp-json\/wp\/v2\/comments?post=19"}],"version-history":[{"count":3,"href":"https:\/\/guia-prc-infantil-juvenil.recursos.uoc.edu\/bones-practiques\/wp-json\/wp\/v2\/pages\/19\/revisions"}],"predecessor-version":[{"id":43,"href":"https:\/\/guia-prc-infantil-juvenil.recursos.uoc.edu\/bones-practiques\/wp-json\/wp\/v2\/pages\/19\/revisions\/43"}],"wp:attachment":[{"href":"https:\/\/guia-prc-infantil-juvenil.recursos.uoc.edu\/bones-practiques\/wp-json\/wp\/v2\/media?parent=19"}],"curies":[{"name":"wp","href":"https:\/\/api.w.org\/{rel}","templated":true}]}}