{"id":15,"date":"2025-03-24T16:49:08","date_gmt":"2025-03-24T14:49:08","guid":{"rendered":"https:\/\/guia-prc-infantil-juvenil.recursos.uoc.edu\/bones-practiques\/?page_id=15"},"modified":"2025-03-24T16:49:08","modified_gmt":"2025-03-24T14:49:08","slug":"introduccio","status":"publish","type":"page","link":"https:\/\/guia-prc-infantil-juvenil.recursos.uoc.edu\/bones-practiques\/","title":{"rendered":"Introducci\u00f3"},"content":{"rendered":"<p>El Codi deontol\u00f2gic \u00e9s b\u00e0sic a la nostra professi\u00f3 i els seus principis i normes han de marcar la nostra actuaci\u00f3, en qualsevol dels camps d\u2019aplicaci\u00f3 de la psicologia.<\/p>\n<p>Per aquesta mateixa ra\u00f3, us recomanem revisar el Codi deontol\u00f2gic i, especialment, els punts que es treballen en aquest m\u00f2dul.<\/p>\n","protected":false},"excerpt":{"rendered":"<p>El Codi deontol\u00f2gic \u00e9s b\u00e0sic a la nostra professi\u00f3 i els seus principis i normes han de marcar la nostra actuaci\u00f3, en qualsevol dels camps d\u2019aplicaci\u00f3 de la psicologia. Per aquesta mateixa ra\u00f3, us recomanem revisar el Codi deontol\u00f2gic i, especialment, els punts que es treballen en aquest m\u00f2dul.<\/p>\n","protected":false},"author":1,"featured_media":0,"parent":0,"menu_order":0,"comment_status":"closed","ping_status":"closed","template":"","meta":{"_acf_changed":false,"footnotes":""},"acf":[],"_links":{"self":[{"href":"https:\/\/guia-prc-infantil-juvenil.recursos.uoc.edu\/bones-practiques\/wp-json\/wp\/v2\/pages\/15"}],"collection":[{"href":"https:\/\/guia-prc-infantil-juvenil.recursos.uoc.edu\/bones-practiques\/wp-json\/wp\/v2\/pages"}],"about":[{"href":"https:\/\/guia-prc-infantil-juvenil.recursos.uoc.edu\/bones-practiques\/wp-json\/wp\/v2\/types\/page"}],"author":[{"embeddable":true,"href":"https:\/\/guia-prc-infantil-juvenil.recursos.uoc.edu\/bones-practiques\/wp-json\/wp\/v2\/users\/1"}],"replies":[{"embeddable":true,"href":"https:\/\/guia-prc-infantil-juvenil.recursos.uoc.edu\/bones-practiques\/wp-json\/wp\/v2\/comments?post=15"}],"version-history":[{"count":1,"href":"https:\/\/guia-prc-infantil-juvenil.recursos.uoc.edu\/bones-practiques\/wp-json\/wp\/v2\/pages\/15\/revisions"}],"predecessor-version":[{"id":16,"href":"https:\/\/guia-prc-infantil-juvenil.recursos.uoc.edu\/bones-practiques\/wp-json\/wp\/v2\/pages\/15\/revisions\/16"}],"wp:attachment":[{"href":"https:\/\/guia-prc-infantil-juvenil.recursos.uoc.edu\/bones-practiques\/wp-json\/wp\/v2\/media?parent=15"}],"curies":[{"name":"wp","href":"https:\/\/api.w.org\/{rel}","templated":true}]}}