{"id":68,"date":"2025-03-24T16:54:14","date_gmt":"2025-03-24T14:54:14","guid":{"rendered":"https:\/\/guia-prc-infantil-juvenil.recursos.uoc.edu\/bones-practiques\/?page_id=68"},"modified":"2025-04-09T10:03:32","modified_gmt":"2025-04-09T08:03:32","slug":"4-imprescindibles-para-poder-cursar-el-practicum-externo-y-disfrutar-haciendolo","status":"publish","type":"page","link":"https:\/\/guia-prc-infantil-juvenil.recursos.uoc.edu\/bones-practiques\/es\/4-imprescindibles-para-poder-cursar-el-practicum-externo-y-disfrutar-haciendolo\/","title":{"rendered":"4. Imprescindibles para poder cursar el Pr\u00e1cticum externo y disfrutar haci\u00e9ndolo"},"content":{"rendered":"<p>Finalmente, nos gustar\u00eda haceros llegar un dec\u00e1logo para que disfrut\u00e9is del Pr\u00e1cticum y pod\u00e1is extraer el m\u00e1ximo de habilidades y aprendizajes.<\/p>\n<ol>\n<li><strong>Escuchad y aprended:<\/strong> el Pr\u00e1cticum es una oportunidad para escuchar y aprender de las personas usuarias con quienes se trabaja y de sus experiencias. En psicolog\u00eda, la escucha activa es uno de los ejes vertebradores de la disciplina.<\/li>\n<li><strong>La \u00e9tica rige nuestra tarea:<\/strong> uno de los puntos clave de cualquier profesional de la psicolog\u00eda es mantener la confidencialidad de todos los datos con los que se trabaja. Aun as\u00ed, en el transcurso del Pr\u00e1cticum pueden surgir cuestiones \u00e9ticas, que hay que compartir con el equipo de manera profesional y responsable.<\/li>\n<li><strong>Formad parte del equipo:<\/strong> el trabajo en equipo implica la cooperaci\u00f3n, la colaboraci\u00f3n y compartir conocimientos y recursos con profesionales del centro donde se lleva a cabo el Pr\u00e1cticum. Ser\u00e1 el equipo que os har\u00e1 disfrutar de esta experiencia, pero vuestra actitud es indispensable para lograrlo.<\/li>\n<li><strong>Sed conscientes de vuestras habilidades y de las limitaciones propias:<\/strong> es importante reconocer las limitaciones propias y que se\u00e1is capaces de preguntar o pedir ayuda, apoyo o supervisi\u00f3n en las tareas que desarroll\u00e9is en el Pr\u00e1cticum.<\/li>\n<li><strong>La supervisi\u00f3n es el mejor de los aprendizajes:<\/strong> la supervisi\u00f3n te ayudar\u00e1 a tomar conciencia de las habilidades propias y puntos de mejora. Hay que recordar que la supervisi\u00f3n implica una actitud constructiva, abierta y generosa por parte de la tutor\u00eda y del o la estudiante.<\/li>\n<li><strong>Diario del Pr\u00e1cticum:<\/strong> anotad todos los aprendizajes y experiencias vividas; os permitir\u00e1 enriquecer el Pr\u00e1cticum y os ser\u00e1 de mucha utilidad en el futuro laboral.<\/li>\n<li><strong>Ojos abiertos:<\/strong> el Pr\u00e1cticum es una oportunidad para demostrar vuestro inter\u00e9s y motivaci\u00f3n en la psicolog\u00eda. Mostrar una actitud positiva y comprometida puede conducir a experiencias m\u00e1s enriquecedoras y oportunidades de aprendizaje o laborales.<\/li>\n<li><strong>Capacidad de adaptaci\u00f3n:<\/strong> prepararos para trabajar en diferentes contextos, lo que implica desarrollar flexibilidad, resiliencia y habilidad de comunicaci\u00f3n.<\/li>\n<\/ol>\n","protected":false},"excerpt":{"rendered":"<p>Finalmente, nos gustar\u00eda haceros llegar un dec\u00e1logo para que disfrut\u00e9is del Pr\u00e1cticum y pod\u00e1is extraer el m\u00e1ximo de habilidades y aprendizajes. Escuchad y aprended: el Pr\u00e1cticum es una oportunidad para escuchar y aprender de las personas usuarias con quienes se trabaja y de sus experiencias. En psicolog\u00eda, la escucha activa es uno de los ejes [&hellip;]<\/p>\n","protected":false},"author":1,"featured_media":0,"parent":0,"menu_order":0,"comment_status":"closed","ping_status":"closed","template":"","meta":{"_acf_changed":false,"footnotes":""},"acf":[],"_links":{"self":[{"href":"https:\/\/guia-prc-infantil-juvenil.recursos.uoc.edu\/bones-practiques\/es\/wp-json\/wp\/v2\/pages\/68"}],"collection":[{"href":"https:\/\/guia-prc-infantil-juvenil.recursos.uoc.edu\/bones-practiques\/es\/wp-json\/wp\/v2\/pages"}],"about":[{"href":"https:\/\/guia-prc-infantil-juvenil.recursos.uoc.edu\/bones-practiques\/es\/wp-json\/wp\/v2\/types\/page"}],"author":[{"embeddable":true,"href":"https:\/\/guia-prc-infantil-juvenil.recursos.uoc.edu\/bones-practiques\/es\/wp-json\/wp\/v2\/users\/1"}],"replies":[{"embeddable":true,"href":"https:\/\/guia-prc-infantil-juvenil.recursos.uoc.edu\/bones-practiques\/es\/wp-json\/wp\/v2\/comments?post=68"}],"version-history":[{"count":3,"href":"https:\/\/guia-prc-infantil-juvenil.recursos.uoc.edu\/bones-practiques\/es\/wp-json\/wp\/v2\/pages\/68\/revisions"}],"predecessor-version":[{"id":96,"href":"https:\/\/guia-prc-infantil-juvenil.recursos.uoc.edu\/bones-practiques\/es\/wp-json\/wp\/v2\/pages\/68\/revisions\/96"}],"wp:attachment":[{"href":"https:\/\/guia-prc-infantil-juvenil.recursos.uoc.edu\/bones-practiques\/es\/wp-json\/wp\/v2\/media?parent=68"}],"curies":[{"name":"wp","href":"https:\/\/api.w.org\/{rel}","templated":true}]}}