{"id":66,"date":"2025-03-24T16:53:44","date_gmt":"2025-03-24T14:53:44","guid":{"rendered":"https:\/\/guia-prc-infantil-juvenil.recursos.uoc.edu\/bones-practiques\/?page_id=66"},"modified":"2025-04-09T10:03:03","modified_gmt":"2025-04-09T08:03:03","slug":"3-la-confidencialidad","status":"publish","type":"page","link":"https:\/\/guia-prc-infantil-juvenil.recursos.uoc.edu\/bones-practiques\/es\/3-la-confidencialidad\/","title":{"rendered":"3. La confidencialidad"},"content":{"rendered":"<p>Como sab\u00e9is, la confidencialidad es vital en el ejercicio profesional de la psicolog\u00eda. En otras palabras, la informaci\u00f3n personal \u2013de la persona usuaria\u2013 a la que tengamos acceso es confidencial y, por lo tanto, no se puede hacer ning\u00fan tipo de difusi\u00f3n de esa informaci\u00f3n, sin autorizaci\u00f3n previa (Selva y Pina, 2025).<\/p>\n<p>Este concepto lo deb\u00e9is tener siempre presente a lo largo de vuestro ejercicio profesional y, como no puede ser de otro modo, tambi\u00e9n a lo largo de las pr\u00e1cticas.<\/p>\n<p>Por lo tanto, a la hora de elaborar las actividades del aula \u2013las memorias de las pr\u00e1cticas externas o debates\u2013, recordad siempre preservar la confidencialidad de las personas usuarias o participantes y, en consecuencia, no incluy\u00e1is datos sensibles, como sus nombres completos, direcciones, n\u00fameros de tel\u00e9fono, n\u00fameros identificativos como un DNI, etc.<\/p>\n<p>Adem\u00e1s, tambi\u00e9n deb\u00e9is tener cuidado de d\u00f3nde registr\u00e1is y guard\u00e1is la informaci\u00f3n a la que pod\u00e9is tener acceso: debe estar muy protegida para evitar que terceros puedan acceder a esa informaci\u00f3n.<\/p>\n<p>Finalmente, os recomendamos revisar los recursos siguientes:<\/p>\n<p>Ley Org\u00e1nica 3\/2018, de 5 de diciembre, de Protecci\u00f3n de Datos Personales y Garant\u00eda de los Derechos Digitales: <a href=\"https:\/\/www.boe.es\/buscar\/doc.php?id=BOE-A-2018-16673\" target=\"_blank\" rel=\"noopener\">https:\/\/www.boe.es\/buscar\/doc.php?id=BOE-A-2018-16673<\/a>.<\/p>\n<p>Hoja informativa sobre la declaraci\u00f3n de consentimiento informado: <a href=\"https:\/\/protected-content.ftp.uoc.edu\/biblioteca\/prestatgeries\/10170_80170\/112231_es.pdf\" target=\"_blank\" rel=\"noopener\">https:\/\/protected-content.ftp.uoc.edu\/biblioteca\/prestatgeries\/10170_80170\/112231_es.pdf<\/a>.<\/p>\n","protected":false},"excerpt":{"rendered":"<p>Como sab\u00e9is, la confidencialidad es vital en el ejercicio profesional de la psicolog\u00eda. En otras palabras, la informaci\u00f3n personal \u2013de la persona usuaria\u2013 a la que tengamos acceso es confidencial y, por lo tanto, no se puede hacer ning\u00fan tipo de difusi\u00f3n de esa informaci\u00f3n, sin autorizaci\u00f3n previa (Selva y Pina, 2025). Este concepto lo [&hellip;]<\/p>\n","protected":false},"author":1,"featured_media":0,"parent":0,"menu_order":0,"comment_status":"closed","ping_status":"closed","template":"","meta":{"_acf_changed":false,"footnotes":""},"acf":[],"_links":{"self":[{"href":"https:\/\/guia-prc-infantil-juvenil.recursos.uoc.edu\/bones-practiques\/es\/wp-json\/wp\/v2\/pages\/66"}],"collection":[{"href":"https:\/\/guia-prc-infantil-juvenil.recursos.uoc.edu\/bones-practiques\/es\/wp-json\/wp\/v2\/pages"}],"about":[{"href":"https:\/\/guia-prc-infantil-juvenil.recursos.uoc.edu\/bones-practiques\/es\/wp-json\/wp\/v2\/types\/page"}],"author":[{"embeddable":true,"href":"https:\/\/guia-prc-infantil-juvenil.recursos.uoc.edu\/bones-practiques\/es\/wp-json\/wp\/v2\/users\/1"}],"replies":[{"embeddable":true,"href":"https:\/\/guia-prc-infantil-juvenil.recursos.uoc.edu\/bones-practiques\/es\/wp-json\/wp\/v2\/comments?post=66"}],"version-history":[{"count":5,"href":"https:\/\/guia-prc-infantil-juvenil.recursos.uoc.edu\/bones-practiques\/es\/wp-json\/wp\/v2\/pages\/66\/revisions"}],"predecessor-version":[{"id":95,"href":"https:\/\/guia-prc-infantil-juvenil.recursos.uoc.edu\/bones-practiques\/es\/wp-json\/wp\/v2\/pages\/66\/revisions\/95"}],"wp:attachment":[{"href":"https:\/\/guia-prc-infantil-juvenil.recursos.uoc.edu\/bones-practiques\/es\/wp-json\/wp\/v2\/media?parent=66"}],"curies":[{"name":"wp","href":"https:\/\/api.w.org\/{rel}","templated":true}]}}