{"id":61,"date":"2025-03-24T16:52:30","date_gmt":"2025-03-24T14:52:30","guid":{"rendered":"https:\/\/guia-prc-infantil-juvenil.recursos.uoc.edu\/bones-practiques\/?page_id=61"},"modified":"2025-04-08T19:51:15","modified_gmt":"2025-04-08T17:51:15","slug":"1-2-principios-generales","status":"publish","type":"page","link":"https:\/\/guia-prc-infantil-juvenil.recursos.uoc.edu\/bones-practiques\/es\/1-2-principios-generales\/","title":{"rendered":"1.2. Principios generales"},"content":{"rendered":"<p>Como ya hab\u00e9is podido ver en el apartado anterior, el C\u00f3digo Deontol\u00f3gico catal\u00e1n se divide en dos partes. En la primera constan los principios generales y en la segunda, un conjunto de normas.<\/p>\n<p>En este apartado, queremos poner el foco en los principios generales que, como su nombre indica, deben guiar los principios bajo los cuales se ejerce la profesi\u00f3n.<\/p>\n<p><strong>La beneficencia y no maleficencia<\/strong><\/p>\n<p>Este principio establece el compromiso de promover y proteger los intereses leg\u00edtimos de las y los usuarios, incluido su bienestar f\u00edsico, ps\u00edquico y social. Por lo tanto, es un deber prioritario evitar causar da\u00f1o con nuestras acciones (COPC, 2015).<\/p>\n<p><strong>La responsabilidad<\/strong><\/p>\n<p>Todas nuestras actividades como profesionales de la psicolog\u00eda se deben llevar a cabo bajo responsabilidad profesional y cient\u00edfica, cumpliendo las normas deontol\u00f3gicas. Tambi\u00e9n se debe mantener una formaci\u00f3n continuada (COPC, 2015).<\/p>\n<p><strong>La integridad<\/strong><\/p>\n<p>Durante el ejercicio profesional, se debe promover la exactitud, rigor, veracidad, ense\u00f1anza e investigaci\u00f3n. Adem\u00e1s, las relaciones con usuarios deben ser desde el respeto y el principio de honestidad (COPC, 2015).<\/p>\n<p><strong>La justicia<\/strong><\/p>\n<p>El ejercicio profesional debe ser equitativo y justo, sin ning\u00fan tipo de discriminaci\u00f3n (COPC, 2015).<\/p>\n<p><strong>La legalidad<\/strong><\/p>\n<p>Durante el ejercicio profesional se deben respetar los derechos de privacidad, confidencialidad y autonom\u00eda personal. Adem\u00e1s, la actividad se debe desarrollar de acuerdo con la legalidad internacional, nacional, auton\u00f3mica y bajo las normas de regulaci\u00f3n de esta profesi\u00f3n (COPC, 2015).<\/p>\n","protected":false},"excerpt":{"rendered":"<p>Como ya hab\u00e9is podido ver en el apartado anterior, el C\u00f3digo Deontol\u00f3gico catal\u00e1n se divide en dos partes. En la primera constan los principios generales y en la segunda, un conjunto de normas. En este apartado, queremos poner el foco en los principios generales que, como su nombre indica, deben guiar los principios bajo los [&hellip;]<\/p>\n","protected":false},"author":1,"featured_media":0,"parent":0,"menu_order":0,"comment_status":"closed","ping_status":"closed","template":"","meta":{"_acf_changed":false,"footnotes":""},"acf":[],"_links":{"self":[{"href":"https:\/\/guia-prc-infantil-juvenil.recursos.uoc.edu\/bones-practiques\/es\/wp-json\/wp\/v2\/pages\/61"}],"collection":[{"href":"https:\/\/guia-prc-infantil-juvenil.recursos.uoc.edu\/bones-practiques\/es\/wp-json\/wp\/v2\/pages"}],"about":[{"href":"https:\/\/guia-prc-infantil-juvenil.recursos.uoc.edu\/bones-practiques\/es\/wp-json\/wp\/v2\/types\/page"}],"author":[{"embeddable":true,"href":"https:\/\/guia-prc-infantil-juvenil.recursos.uoc.edu\/bones-practiques\/es\/wp-json\/wp\/v2\/users\/1"}],"replies":[{"embeddable":true,"href":"https:\/\/guia-prc-infantil-juvenil.recursos.uoc.edu\/bones-practiques\/es\/wp-json\/wp\/v2\/comments?post=61"}],"version-history":[{"count":1,"href":"https:\/\/guia-prc-infantil-juvenil.recursos.uoc.edu\/bones-practiques\/es\/wp-json\/wp\/v2\/pages\/61\/revisions"}],"predecessor-version":[{"id":62,"href":"https:\/\/guia-prc-infantil-juvenil.recursos.uoc.edu\/bones-practiques\/es\/wp-json\/wp\/v2\/pages\/61\/revisions\/62"}],"wp:attachment":[{"href":"https:\/\/guia-prc-infantil-juvenil.recursos.uoc.edu\/bones-practiques\/es\/wp-json\/wp\/v2\/media?parent=61"}],"curies":[{"name":"wp","href":"https:\/\/api.w.org\/{rel}","templated":true}]}}