{"id":59,"date":"2025-03-24T16:51:32","date_gmt":"2025-03-24T14:51:32","guid":{"rendered":"https:\/\/guia-prc-infantil-juvenil.recursos.uoc.edu\/bones-practiques\/?page_id=59"},"modified":"2025-04-09T09:50:34","modified_gmt":"2025-04-09T07:50:34","slug":"1-1-introduccion","status":"publish","type":"page","link":"https:\/\/guia-prc-infantil-juvenil.recursos.uoc.edu\/bones-practiques\/es\/1-1-introduccion\/","title":{"rendered":"1.1. Introducci\u00f3n"},"content":{"rendered":"<p>El C\u00f3digo deontol\u00f3gico establece un marco de principios generales y principios espec\u00edficos, bajo el cual todas y todos los profesionales de la psicolog\u00eda tienen que ejercer la profesi\u00f3n.<\/p>\n<p>En el pre\u00e1mbulo del mismo C\u00f3digo Deontol\u00f3gico del Colegio Oficial de Psicolog\u00eda de Catalu\u00f1a se indica que:<\/p>\n<blockquote><p>Sus objetivos son la orientaci\u00f3n del ejercicio profesional, la promoci\u00f3n de la responsabilidad, la integridad profesional y el respeto a los derechos y la dignidad de las personas.<\/p><\/blockquote>\n<p>Antes de iniciar las pr\u00e1cticas y durante, os recomendamos que lo le\u00e1is con atenci\u00f3n. Recordad que puedes encontrar para cada comunidad aut\u00f3noma el c\u00f3digo deontol\u00f3gico que se aplica all\u00ed.<\/p>\n<p>A continuaci\u00f3n, dejamos los enlaces del <a href=\"https:\/\/arxiu.copc.cat\/adjuntos\/adjunto_5328\/v\/Codi%20Deontol%C3%B2gic%20en%20castell%C3%A0.pdf?tm=1524062934\" target=\"_blank\" rel=\"noopener\">C\u00f3digo Deontol\u00f3gico del Colegio Oficial de la Psicolog\u00eda de Catalu\u00f1a<\/a> (COPC) y tambi\u00e9n el del C\u00f3digo Deontol\u00f3gico que se aplica en toda Espa\u00f1a, correspondiente al <a href=\"http:\/\/www.cop.es\/pdf\/CodigoDeontologicodelPsicologo-vigente.pdf\" target=\"_blank\" rel=\"noopener\">Consejo General de la Psicolog\u00eda de Espa\u00f1a<\/a> (CGPE).<\/p>\n","protected":false},"excerpt":{"rendered":"<p>El C\u00f3digo deontol\u00f3gico establece un marco de principios generales y principios espec\u00edficos, bajo el cual todas y todos los profesionales de la psicolog\u00eda tienen que ejercer la profesi\u00f3n. En el pre\u00e1mbulo del mismo C\u00f3digo Deontol\u00f3gico del Colegio Oficial de Psicolog\u00eda de Catalu\u00f1a se indica que: Sus objetivos son la orientaci\u00f3n del ejercicio profesional, la promoci\u00f3n [&hellip;]<\/p>\n","protected":false},"author":1,"featured_media":0,"parent":0,"menu_order":0,"comment_status":"closed","ping_status":"closed","template":"","meta":{"_acf_changed":false,"footnotes":""},"acf":[],"_links":{"self":[{"href":"https:\/\/guia-prc-infantil-juvenil.recursos.uoc.edu\/bones-practiques\/es\/wp-json\/wp\/v2\/pages\/59"}],"collection":[{"href":"https:\/\/guia-prc-infantil-juvenil.recursos.uoc.edu\/bones-practiques\/es\/wp-json\/wp\/v2\/pages"}],"about":[{"href":"https:\/\/guia-prc-infantil-juvenil.recursos.uoc.edu\/bones-practiques\/es\/wp-json\/wp\/v2\/types\/page"}],"author":[{"embeddable":true,"href":"https:\/\/guia-prc-infantil-juvenil.recursos.uoc.edu\/bones-practiques\/es\/wp-json\/wp\/v2\/users\/1"}],"replies":[{"embeddable":true,"href":"https:\/\/guia-prc-infantil-juvenil.recursos.uoc.edu\/bones-practiques\/es\/wp-json\/wp\/v2\/comments?post=59"}],"version-history":[{"count":3,"href":"https:\/\/guia-prc-infantil-juvenil.recursos.uoc.edu\/bones-practiques\/es\/wp-json\/wp\/v2\/pages\/59\/revisions"}],"predecessor-version":[{"id":85,"href":"https:\/\/guia-prc-infantil-juvenil.recursos.uoc.edu\/bones-practiques\/es\/wp-json\/wp\/v2\/pages\/59\/revisions\/85"}],"wp:attachment":[{"href":"https:\/\/guia-prc-infantil-juvenil.recursos.uoc.edu\/bones-practiques\/es\/wp-json\/wp\/v2\/media?parent=59"}],"curies":[{"name":"wp","href":"https:\/\/api.w.org\/{rel}","templated":true}]}}