{"id":57,"date":"2025-03-24T16:49:08","date_gmt":"2025-03-24T14:49:08","guid":{"rendered":"https:\/\/guia-prc-infantil-juvenil.recursos.uoc.edu\/bones-practiques\/?page_id=57"},"modified":"2025-04-09T09:49:47","modified_gmt":"2025-04-09T07:49:47","slug":"introduccion","status":"publish","type":"page","link":"https:\/\/guia-prc-infantil-juvenil.recursos.uoc.edu\/bones-practiques\/es\/","title":{"rendered":"Introducci\u00f3n"},"content":{"rendered":"<p>El C\u00f3digo Deontol\u00f3gico es b\u00e1sico en nuestra profesi\u00f3n y sus principios y normas deben marcar nuestra actuaci\u00f3n, en cualquiera de los campos de aplicaci\u00f3n de la psicolog\u00eda.<\/p>\n<p>Por esta misma raz\u00f3n, recomendamos revisar el C\u00f3digo Deontol\u00f3gico y, especialmente, los puntos que se trabajan en este m\u00f3dulo.<\/p>\n","protected":false},"excerpt":{"rendered":"<p>El C\u00f3digo Deontol\u00f3gico es b\u00e1sico en nuestra profesi\u00f3n y sus principios y normas deben marcar nuestra actuaci\u00f3n, en cualquiera de los campos de aplicaci\u00f3n de la psicolog\u00eda. Por esta misma raz\u00f3n, recomendamos revisar el C\u00f3digo Deontol\u00f3gico y, especialmente, los puntos que se trabajan en este m\u00f3dulo.<\/p>\n","protected":false},"author":1,"featured_media":0,"parent":0,"menu_order":0,"comment_status":"closed","ping_status":"closed","template":"","meta":{"_acf_changed":false,"footnotes":""},"acf":[],"_links":{"self":[{"href":"https:\/\/guia-prc-infantil-juvenil.recursos.uoc.edu\/bones-practiques\/es\/wp-json\/wp\/v2\/pages\/57"}],"collection":[{"href":"https:\/\/guia-prc-infantil-juvenil.recursos.uoc.edu\/bones-practiques\/es\/wp-json\/wp\/v2\/pages"}],"about":[{"href":"https:\/\/guia-prc-infantil-juvenil.recursos.uoc.edu\/bones-practiques\/es\/wp-json\/wp\/v2\/types\/page"}],"author":[{"embeddable":true,"href":"https:\/\/guia-prc-infantil-juvenil.recursos.uoc.edu\/bones-practiques\/es\/wp-json\/wp\/v2\/users\/1"}],"replies":[{"embeddable":true,"href":"https:\/\/guia-prc-infantil-juvenil.recursos.uoc.edu\/bones-practiques\/es\/wp-json\/wp\/v2\/comments?post=57"}],"version-history":[{"count":2,"href":"https:\/\/guia-prc-infantil-juvenil.recursos.uoc.edu\/bones-practiques\/es\/wp-json\/wp\/v2\/pages\/57\/revisions"}],"predecessor-version":[{"id":82,"href":"https:\/\/guia-prc-infantil-juvenil.recursos.uoc.edu\/bones-practiques\/es\/wp-json\/wp\/v2\/pages\/57\/revisions\/82"}],"wp:attachment":[{"href":"https:\/\/guia-prc-infantil-juvenil.recursos.uoc.edu\/bones-practiques\/es\/wp-json\/wp\/v2\/media?parent=57"}],"curies":[{"name":"wp","href":"https:\/\/api.w.org\/{rel}","templated":true}]}}